{"id":1927,"date":"2020-08-11T11:17:40","date_gmt":"2020-08-11T09:17:40","guid":{"rendered":"https:\/\/www.campinggrandeplage.com\/camping-iles-glenan\/"},"modified":"2020-09-23T15:27:46","modified_gmt":"2020-09-23T13:27:46","slug":"campsite-islands-glenan","status":"publish","type":"page","link":"https:\/\/www.campinggrandeplage.com\/en\/campsite-islands-glenan\/","title":{"rendered":"A d\u00e9couvrir : Les glenans"},"content":{"rendered":"<section id=\"section-5f44d4e49e6de\"\" class=\"section bg-color1\" \/><div class=\"container extralarge\"><h1 class=\"element section-title center\">Camping theGl\u00e9nan<\/h1><\/div><\/section>\n\n<section id=\"section-5f44e1eb795e0\"\" class=\"section bg-white p-t-0 p-b-0\" \/><div class=\"container full\"><div class=\"colonnes-wrap valign-middle \"><div class=\"element colonne w-20 p-0\"><div class=\"element images scroll-x-mobile\"><div class=\"image\"><img decoding=\"async\" src=\"https:\/\/www.campinggrandeplage.com\/wp-content\/uploads\/2020\/08\/vacances-iles-de-glenan-100x98.jpg\" data-src=\"https:\/\/www.campinggrandeplage.com\/wp-content\/uploads\/2020\/08\/vacances-iles-de-glenan.jpg\" alt=\"vacation glenan islands\" class=\"images_image\" \/><\/div><\/div><div class=\"element images scroll-x-mobile\"><div class=\"image\"><img decoding=\"async\" src=\"https:\/\/www.campinggrandeplage.com\/wp-content\/uploads\/2020\/08\/vacances-glenan-100x98.jpg\" data-src=\"https:\/\/www.campinggrandeplage.com\/wp-content\/uploads\/2020\/08\/vacances-glenan.jpg\" alt=\"glenan vacation\" class=\"images_image\" \/><\/div><\/div><\/div><div class=\"element colonne w-60 p-x-6 p-y-4\"><h2 class=\"element section-title center\">Discover the Gl\u00e9nan Islands<\/h2><div class=\"element bloc-text center \">\n\t<p>The Gl\u00e9nan, a <strong class=\"bold color1\">bewitching archipelago<\/strong> off South Finistere!<\/p>\n<p>Turquoise and transparent water, white sandy beach, welcome to the Breton Caribbean, the <strong class=\"bold color1\">a must-see destination of Finistere<\/strong> !  <\/p>\n<p><strong class=\"bold color1\">What a marvel this Gl\u00e9nan archipelago !<\/strong>  <\/p>\n<p>Located south of Fouesnant, in Finist\u00e8re, it is composed of <strong class=\"bold color1\">12 main islands<\/strong> (6 of which are inhabited) and many islets. Its turquoise and transparent water gives it a little lagoon-like air from the end of the world. And it is not the immaculate whiteness of the sand that will contradict this paradisiacal vision. The Gl\u00e9nan are the <strong class=\"bold color1\">ideal setting<\/strong> for sailing cruises, nature walks and lazy afternoons on the beaches. <\/p>\n<p>Discover <strong class=\"bold color1\">fauna<\/strong> and <strong class=\"bold color1\">flora<\/strong> preserved of this archipelago with the nature guide. He will take you to the <strong class=\"bold color1\">Reserve des Narcisses des Gl\u00e9nan<\/strong>. This endemic flower, unique in the world, covers the island of Saint-Nicolas in April. Initiate yourself to sailing with the famous Gl\u00e9nan nautical center. Founded after the war by two former resistance fighters, this nautical center has strongly contributed to the democratization of the <strong class=\"bold color1\">sailing practice in France<\/strong>. <\/p>\n<p><strong class=\"bold color1\">Getting to the Gl\u00e9nan :<\/strong><\/p>\n<ul>\n<li><strong class=\"bold color1\">From Beg-Meil to Fouesnant<\/strong> (in season) or from Concarneau, B\u00e9nodet, Port La For\u00eat, Loctudy.<\/li>\n<li>Tickets on sale at <strong class=\"bold color1\">the Tourist Office of Fouesnant-les Gl\u00e9nan<\/strong>.<\/li>\n<\/ul>\n<p><strong class=\"bold color1\">Useful links :<\/strong><\/p>\n<ul>\n<li><a href=\"https:\/\/www.tourism-fouesnant.co.uk\/\" target=\"_blank\" rel=\"noopener\">The tourist office of Fouesnant<\/a><\/li>\n<li><a href=\"https:\/\/www.vedettes-odet.com\/en\/\" target=\"_blank\" rel=\"noopener\">The Stars of the Odet<\/a><\/li>\n<li><a href=\"https:\/\/www.vedettes-odet.com\/en\/product-category\/glenan-islands\/\">The Glenn Stars<\/a><\/li>\n<\/ul>\n<\/div><\/div><div class=\"element colonne w-20 p-0\"><div class=\"element images scroll-x-mobile\"><div class=\"image\"><img decoding=\"async\" src=\"https:\/\/www.campinggrandeplage.com\/wp-content\/uploads\/2020\/08\/camping-iles-glenan-100x98.jpg\" data-src=\"https:\/\/www.campinggrandeplage.com\/wp-content\/uploads\/2020\/08\/camping-iles-glenan.jpg\" alt=\"campsite islands glenan\" class=\"images_image\" \/><\/div><\/div><div class=\"element images scroll-x-mobile\"><div class=\"image\"><img decoding=\"async\" src=\"https:\/\/www.campinggrandeplage.com\/wp-content\/uploads\/2020\/08\/tourisme-glenan-100x98.jpg\" data-src=\"https:\/\/www.campinggrandeplage.com\/wp-content\/uploads\/2020\/08\/tourisme-glenan.jpg\" alt=\"tourism glenan\" class=\"images_image\" \/><\/div><\/div><\/div><\/div><\/div><\/section>\n\n<section id=\"section-5f44e1eb79a55\"\" class=\"section bg-white p-t-0 p-b-0\" \/><div class=\"container full\"><div class=\"element images scroll-x-mobile\"><div class=\"image\"><img decoding=\"async\" src=\"https:\/\/www.campinggrandeplage.com\/wp-content\/uploads\/2020\/08\/vacances-aux-iles-glenan-100x74.jpg\" data-src=\"https:\/\/www.campinggrandeplage.com\/wp-content\/uploads\/2020\/08\/vacances-aux-iles-glenan.jpg\" alt=\"vacations in the glenan islands\" class=\"images_image\" \/><\/div><div class=\"image\"><img decoding=\"async\" src=\"https:\/\/www.campinggrandeplage.com\/wp-content\/uploads\/2020\/08\/patrimoine-iles-glenan-100x74.jpg\" data-src=\"https:\/\/www.campinggrandeplage.com\/wp-content\/uploads\/2020\/08\/patrimoine-iles-glenan.jpg\" alt=\"heritage glenan islands\" class=\"images_image\" \/><\/div><div class=\"image\"><img decoding=\"async\" src=\"https:\/\/www.campinggrandeplage.com\/wp-content\/uploads\/2020\/08\/faune-iles-glenan-100x74.jpg\" data-src=\"https:\/\/www.campinggrandeplage.com\/wp-content\/uploads\/2020\/08\/faune-iles-glenan.jpg\" alt=\"wildlife glenan islands\" class=\"images_image\" \/><\/div><div class=\"image\"><img decoding=\"async\" src=\"https:\/\/www.campinggrandeplage.com\/wp-content\/uploads\/2020\/08\/bateaux-iles-glenan-100x74.jpg\" data-src=\"https:\/\/www.campinggrandeplage.com\/wp-content\/uploads\/2020\/08\/bateaux-iles-glenan.jpg\" alt=\"boats glenan islands\" class=\"images_image\" \/><\/div><\/div><\/div><\/section>\n\n<section id=\"section-5f44e1eb79f1b\"\" class=\"section bg-color1 p-t-0 p-b-0\" \/><div class=\"container full\"><div class=\"colonnes-wrap valign-middle \"><div class=\"element colonne p-0\"><div class=\"element images scroll-x-mobile\"><div class=\"image\"><img decoding=\"async\" src=\"https:\/\/www.campinggrandeplage.com\/wp-content\/uploads\/2020\/08\/location-bateau-glenan-100x68.jpeg\" data-src=\"https:\/\/www.campinggrandeplage.com\/wp-content\/uploads\/2020\/08\/location-bateau-glenan.jpeg\" alt=\"boat rental glenan\" class=\"images_image\" \/><\/div><\/div><\/div><div class=\"element colonne p-x-8 p-y-10\"><h2 class=\"element section-title justify\">How to reach the Gl\u00e9nan from the campsite<\/h2><div class=\"element bloc-text justify \">\n\t<p>Throughout the season, you can discover our Breton paradise: the Gl\u00e9nan archipelago!<\/p>\n<p><strong class=\"bold color4\">The Gl\u00e9nan islands,<\/strong> off the coast of Concarneau and Fouesnant, are located at about 15 kms from the coast. To get to <strong class=\"bold color4\">the island Saint-Nicolas<\/strong>, the main island, you will have to take a boat. You can choose, if you have a boat license, to rent from the different companies of the territory: Ocean Serenity or Archipel Services. <\/p>\n<p>You can also go to <strong class=\"bold color4\">the Gl\u00e9nan<\/strong> archipelago with several companies that make the crossing to Saint-Nicolas Island: Vedettes de l&#8217;Odet, Gl\u00e9nan D\u00e9couverte, Croisi\u00e8res Bleues&#8230;<\/p>\n<p><strong class=\"bold color4\">Tip<\/strong> : book your cruise to the Gl\u00e9nan as soon as possible (online) because the excursion is very popular during the summer season. We advise you to book at least 48 hours in advance. <\/p>\n<\/div><\/div><\/div><\/div><\/section>\n\n<section id=\"section-5f44da0915872\"\" class=\"section bg-white p-t-0 p-b-0\" \/><div class=\"container full\"><div class=\"colonnes-wrap valign-middle \"><div class=\"element colonne p-x-8 p-y-10\"><h2 class=\"element section-title left\">Our campsite is ideally located to visit the Gl\u00e9nan<\/h2><div class=\"element bloc-text justify \">\n\t<p>The <a href=\"\/en\/\">Flower Camping La Grande Plage<\/a> is ideally located to visit southern Finist\u00e8re. You can easily reach the departure towns to go <strong class=\"bold color1\">visit the Gl\u00e9nan<\/strong>. <\/p>\n<p>If you choose to go there with the companies of the territory, you will have to go to Beg-Meil, Concarneau, B\u00e9nodet, Port La For\u00eat or Loctudy.<\/p>\n<p><strong class=\"bold color1\">To you the turquoise waters !<\/strong>   <\/p>\n<\/div><\/div><div class=\"element colonne p-0\"><div class=\"carte\" data-src=\"https:\/\/www.google.com\/maps\/embed?pb=!1m28!1m12!1m3!1d171663.30215063607!2d-4.139060191874053!3d47.757416519442685!2m3!1f0!2f0!3f0!3m2!1i1024!2i768!4f13.1!4m13!3e6!4m5!1s0x4817317dbee0a873%3A0xc75cba1f6fdbd5b!2sFlower%20Camping%20La%20Grande%20Plage%2C%2071%20Rue%20Paul%20Langevin%2C%2029740%20Plobannalec-Lesconil!3m2!1d47.7981604!2d-4.229710799999999!4m5!1s0x4810c84a137df857%3A0x454ccf82b295b5f6!2zw45sZXMgZGUgR2zDqW5hbg!3m2!1d47.7153304!2d-3.9866081999999996!5e0!3m2!1sfr!2sfr!4v1598351084720!5m2!1sfr!2sfr\"><\/div><\/div><\/div><\/div><\/section>\n\n<section id=\"section-5f44da4428ab4\"\" class=\"section bg-white p-t-0 p-b-0\" \/><div class=\"container full\"><div class=\"colonnes-wrap valign-middle \"><div class=\"element colonne w-20 p-0\"><div class=\"element images scroll-x-mobile\"><div class=\"image\"><img decoding=\"async\" src=\"https:\/\/www.campinggrandeplage.com\/wp-content\/uploads\/2020\/08\/voile-iles-glenan-100x98.jpg\" data-src=\"https:\/\/www.campinggrandeplage.com\/wp-content\/uploads\/2020\/08\/voile-iles-glenan.jpg\" alt=\"sail glenan islands\" class=\"images_image\" \/><\/div><\/div><div class=\"element images scroll-x-mobile\"><div class=\"image\"><img decoding=\"async\" src=\"https:\/\/www.campinggrandeplage.com\/wp-content\/uploads\/2020\/08\/archipel-des-glenans-100x98.jpg\" data-src=\"https:\/\/www.campinggrandeplage.com\/wp-content\/uploads\/2020\/08\/archipel-des-glenans.jpg\" alt=\"glenan archipelago\" class=\"images_image\" \/><\/div><\/div><\/div><div class=\"element colonne w-60 p-x-6 p-y-4\"><h2 class=\"element section-title center\">Top 5 things to do in Gl\u00e9nan<\/h2><div class=\"element bloc-text center \">\n\t<p>Once arrived at the Gl\u00e9nan, you can choose to <strong class=\"bold color1\">bathe in the turquoise water<\/strong>, but also to discover the archipelago through the few <span class=\"color1\">water sports<\/span> or <strong class=\"bold color1\">watch its fauna and flora<\/strong>.<\/p>\n<ul>\n<li><strong class=\"bold color1\">Cruise in the archipelago<\/strong> : The first thing to do if you wish to discover the Gl\u00e9nan Islands in their entirety is to book a cruise that will take you around the archipelago so that you can get as close as possible to the various small paradisiacal islets. Some islands are totally virgin and others are home to an ancient Semaphore.<\/li>\n<li><strong class=\"bold color1\">Go around the island Saint-Nicolas<\/strong> : When you arrive on this beautiful island, take the time to take the path and discover the white sand dunes, the vegetation or the beautiful beaches with turquoise waters.<br \/>\n<strong class=\"bold color1\">Spot not to be missed<\/strong> : when the tide is low, the sandbank which connects the island Saint-Nicolas to the island of Bananec is discovered and you can reach it on foot. <\/li>\n<li><strong class=\"bold color1\">Open your eyes wide and observe the narcissus<\/strong> : St. Nicholas Island is home to a unique flower: the Gl\u00e9nan Narcissus. This species blooms in April to give pretty white flowers. If you are passing through the Gl\u00e9nan at this season, you will see that these flowers cover the dunes of the island. <\/li>\n<li><strong class=\"bold color1\">How about a Kayak session? <\/strong> : If you want to discover the island more closely, you can rent a kayak! Perfect to avoid the crowd (as it is very touristic in high season) and to isolate yourself in places inaccessible on foot.<br \/>\n<strong class=\"bold color1\">Spots not to be missed<\/strong> : enjoy the calm of small beaches such as Dr\u00e9nnec, Guiriden or Le Loch.<\/li>\n<li><strong class=\"bold color1\">Notice to water sports enthusiasts<\/strong> : On the islands, you will find the first sailing school in Europe, created in 1947. It organizes sailing courses in cruising, catamaran, dinghy, windsurfing or kitesurfing. If you are a diving enthusiast, the International Diving Center of Gl\u00e9nan offers introductory courses and instructor training.<\/li>\n<\/ul>\n<\/div><\/div><div class=\"element colonne w-20 p-0\"><div class=\"element images scroll-x-mobile\"><div class=\"image\"><img decoding=\"async\" src=\"https:\/\/www.campinggrandeplage.com\/wp-content\/uploads\/2020\/08\/flore-iles-glenan-100x98.jpg\" data-src=\"https:\/\/www.campinggrandeplage.com\/wp-content\/uploads\/2020\/08\/flore-iles-glenan.jpg\" alt=\"flora glenan islands\" class=\"images_image\" \/><\/div><\/div><div class=\"element images scroll-x-mobile\"><div class=\"image\"><img decoding=\"async\" src=\"https:\/\/www.campinggrandeplage.com\/wp-content\/uploads\/2020\/08\/stage-voile-iles-glenan-100x98.jpg\" data-src=\"https:\/\/www.campinggrandeplage.com\/wp-content\/uploads\/2020\/08\/stage-voile-iles-glenan.jpg\" alt=\"sailing course glenan islands\" class=\"images_image\" \/><\/div><\/div><\/div><\/div><\/div><\/section>\n\n<section id=\"section-5f44e1eb7b004\"\" class=\"section bg-color3\" \/><div class=\"container extralarge\"><div class=\"element section-title center titre-cta\">Discover the surroundings of the Gl\u00e9nan<\/div><ul class=\"liste-de-page scroll-x-mobile\"><li class=\"element call-to-action center titre-cta call-to-action--style-1 call-to-action--normal\"><a href=\"https:\/\/www.campinggrandeplage.com\/en\/campsite-benodet\/\"  class=\"call-to-action_link\" title=\"Learn more about b\u00e9nodet\"><div class=\"call-to-action_image\"><img decoding=\"async\" src=\"https:\/\/www.campinggrandeplage.com\/wp-content\/uploads\/2020\/08\/camping-benodet-100x55.jpg\" data-src=\"https:\/\/www.campinggrandeplage.com\/wp-content\/uploads\/2020\/08\/camping-benodet.jpg\" alt=\"camping benodet\" class=\"normal\" \/><\/div><div class=\"call-to-action_contenu\"><div class=\"call-to-action_titre\">B\u00e9nodet<\/div><\/div><\/a><\/li><li class=\"element call-to-action center titre-cta call-to-action--style-1 call-to-action--normal call-to-action--style-1 call-to-action--normal\"><a href=\"https:\/\/www.campinggrandeplage.com\/en\/campsite-pointe-de-la-torche\/\"  class=\"call-to-action_link\" title=\"Learn more about the torche\"><div class=\"call-to-action_image\"><img decoding=\"async\" src=\"https:\/\/www.campinggrandeplage.com\/wp-content\/uploads\/2020\/08\/camping-la-torche-100x55.jpg\" data-src=\"https:\/\/www.campinggrandeplage.com\/wp-content\/uploads\/2020\/08\/camping-la-torche.jpg\" alt=\"camping la torche\" class=\"normal\" \/><\/div><div class=\"call-to-action_contenu\"><div class=\"call-to-action_titre\">The Torche<\/div><\/div><\/a><\/li><li class=\"element call-to-action center titre-cta call-to-action--style-1 call-to-action--normal call-to-action--style-1 call-to-action--normal call-to-action--style-1 call-to-action--normal\"><a href=\"https:\/\/www.campinggrandeplage.com\/en\/camsite-pointe-du-raz\/\"  class=\"call-to-action_link\" title=\"Learn more about pointe du raz\"><div class=\"call-to-action_image\"><img decoding=\"async\" src=\"https:\/\/www.campinggrandeplage.com\/wp-content\/uploads\/2020\/09\/mobil-home-pointe-du-raz-100x98.jpg\" data-src=\"https:\/\/www.campinggrandeplage.com\/wp-content\/uploads\/2020\/09\/mobil-home-pointe-du-raz.jpg\" alt=\"mobil-home pointe du raz\" class=\"normal\" \/><\/div><div class=\"call-to-action_contenu\"><div class=\"call-to-action_titre\">Pointe du Raz<\/div><\/div><\/a><\/li><\/ul><\/div><\/section>","protected":false},"excerpt":{"rendered":"","protected":false},"author":1,"featured_media":592,"parent":0,"menu_order":0,"comment_status":"closed","ping_status":"closed","template":"","meta":{"_acf_changed":false,"footnotes":""},"class_list":["post-1927","page","type-page","status-publish","has-post-thumbnail","hentry"],"acf":[],"yoast_head":"<!-- This site is optimized with the Yoast SEO plugin v25.3 - https:\/\/yoast.com\/wordpress\/plugins\/seo\/ -->\n<title>Campsite Gl\u00e9nan Islands | Gl\u00e9nan Islands | Gl\u00e9nan Archipelago - Brittany<\/title>\n<meta name=\"description\" content=\"Discover the enchanted Gl\u00e9nan archipelago located near the Camping de la Grande Plage.\" \/>\n<meta name=\"robots\" content=\"index, follow, max-snippet:-1, max-image-preview:large, max-video-preview:-1\" \/>\n<link rel=\"canonical\" href=\"https:\/\/www.campinggrandeplage.com\/en\/campsite-islands-glenan\/\" \/>\n<meta property=\"og:locale\" content=\"en_US\" \/>\n<meta property=\"og:type\" content=\"article\" \/>\n<meta property=\"og:title\" content=\"Campsite Gl\u00e9nan Islands | Gl\u00e9nan Islands | Gl\u00e9nan Archipelago - Brittany\" \/>\n<meta property=\"og:description\" content=\"Discover the enchanted Gl\u00e9nan archipelago located near the Camping de la Grande Plage.\" \/>\n<meta property=\"og:url\" content=\"https:\/\/www.campinggrandeplage.com\/en\/campsite-islands-glenan\/\" \/>\n<meta property=\"og:site_name\" content=\"Camping de la Grande plage\" \/>\n<meta property=\"article:modified_time\" content=\"2020-09-23T13:27:46+00:00\" \/>\n<meta property=\"og:image\" content=\"https:\/\/www.campinggrandeplage.com\/wp-content\/uploads\/2020\/08\/camping-archipel-glenan.jpg\" \/>\n\t<meta property=\"og:image:width\" content=\"1903\" \/>\n\t<meta property=\"og:image:height\" content=\"650\" \/>\n\t<meta property=\"og:image:type\" content=\"image\/jpeg\" \/>\n<meta name=\"twitter:card\" content=\"summary_large_image\" \/>\n<script type=\"application\/ld+json\" class=\"yoast-schema-graph\">{\"@context\":\"https:\/\/schema.org\",\"@graph\":[{\"@type\":\"WebPage\",\"@id\":\"https:\/\/www.campinggrandeplage.com\/en\/campsite-islands-glenan\/\",\"url\":\"https:\/\/www.campinggrandeplage.com\/en\/campsite-islands-glenan\/\",\"name\":\"Campsite Gl\u00e9nan Islands | Gl\u00e9nan Islands | Gl\u00e9nan Archipelago - Brittany\",\"isPartOf\":{\"@id\":\"https:\/\/www.campinggrandeplage.com\/en\/#website\"},\"primaryImageOfPage\":{\"@id\":\"https:\/\/www.campinggrandeplage.com\/en\/campsite-islands-glenan\/#primaryimage\"},\"image\":{\"@id\":\"https:\/\/www.campinggrandeplage.com\/en\/campsite-islands-glenan\/#primaryimage\"},\"thumbnailUrl\":\"https:\/\/www.campinggrandeplage.com\/wp-content\/uploads\/2020\/08\/camping-archipel-glenan.jpg\",\"datePublished\":\"2020-08-11T09:17:40+00:00\",\"dateModified\":\"2020-09-23T13:27:46+00:00\",\"description\":\"Discover the enchanted Gl\u00e9nan archipelago located near the Camping de la Grande Plage.\",\"breadcrumb\":{\"@id\":\"https:\/\/www.campinggrandeplage.com\/en\/campsite-islands-glenan\/#breadcrumb\"},\"inLanguage\":\"en-US\",\"potentialAction\":[{\"@type\":\"ReadAction\",\"target\":[\"https:\/\/www.campinggrandeplage.com\/en\/campsite-islands-glenan\/\"]}]},{\"@type\":\"ImageObject\",\"inLanguage\":\"en-US\",\"@id\":\"https:\/\/www.campinggrandeplage.com\/en\/campsite-islands-glenan\/#primaryimage\",\"url\":\"https:\/\/www.campinggrandeplage.com\/wp-content\/uploads\/2020\/08\/camping-archipel-glenan.jpg\",\"contentUrl\":\"https:\/\/www.campinggrandeplage.com\/wp-content\/uploads\/2020\/08\/camping-archipel-glenan.jpg\",\"width\":1903,\"height\":650,\"caption\":\"camping archipel glenan\"},{\"@type\":\"BreadcrumbList\",\"@id\":\"https:\/\/www.campinggrandeplage.com\/en\/campsite-islands-glenan\/#breadcrumb\",\"itemListElement\":[{\"@type\":\"ListItem\",\"position\":1,\"name\":\"Camping Lesconil\",\"item\":\"https:\/\/www.campinggrandeplage.com\/en\/\"},{\"@type\":\"ListItem\",\"position\":2,\"name\":\"Discover the Gl\u00e9nan Islands\"}]},{\"@type\":\"WebSite\",\"@id\":\"https:\/\/www.campinggrandeplage.com\/en\/#website\",\"url\":\"https:\/\/www.campinggrandeplage.com\/en\/\",\"name\":\"Camping de la Grande plage\",\"description\":\"\",\"potentialAction\":[{\"@type\":\"SearchAction\",\"target\":{\"@type\":\"EntryPoint\",\"urlTemplate\":\"https:\/\/www.campinggrandeplage.com\/en\/?s={search_term_string}\"},\"query-input\":{\"@type\":\"PropertyValueSpecification\",\"valueRequired\":true,\"valueName\":\"search_term_string\"}}],\"inLanguage\":\"en-US\"}]}<\/script>\n<!-- \/ Yoast SEO plugin. -->","yoast_head_json":{"title":"Campsite Gl\u00e9nan Islands | Gl\u00e9nan Islands | Gl\u00e9nan Archipelago - Brittany","description":"Discover the enchanted Gl\u00e9nan archipelago located near the Camping de la Grande Plage.","robots":{"index":"index","follow":"follow","max-snippet":"max-snippet:-1","max-image-preview":"max-image-preview:large","max-video-preview":"max-video-preview:-1"},"canonical":"https:\/\/www.campinggrandeplage.com\/en\/campsite-islands-glenan\/","og_locale":"en_US","og_type":"article","og_title":"Campsite Gl\u00e9nan Islands | Gl\u00e9nan Islands | Gl\u00e9nan Archipelago - Brittany","og_description":"Discover the enchanted Gl\u00e9nan archipelago located near the Camping de la Grande Plage.","og_url":"https:\/\/www.campinggrandeplage.com\/en\/campsite-islands-glenan\/","og_site_name":"Camping de la Grande plage","article_modified_time":"2020-09-23T13:27:46+00:00","og_image":[{"width":1903,"height":650,"url":"https:\/\/www.campinggrandeplage.com\/wp-content\/uploads\/2020\/08\/camping-archipel-glenan.jpg","type":"image\/jpeg"}],"twitter_card":"summary_large_image","schema":{"@context":"https:\/\/schema.org","@graph":[{"@type":"WebPage","@id":"https:\/\/www.campinggrandeplage.com\/en\/campsite-islands-glenan\/","url":"https:\/\/www.campinggrandeplage.com\/en\/campsite-islands-glenan\/","name":"Campsite Gl\u00e9nan Islands | Gl\u00e9nan Islands | Gl\u00e9nan Archipelago - Brittany","isPartOf":{"@id":"https:\/\/www.campinggrandeplage.com\/en\/#website"},"primaryImageOfPage":{"@id":"https:\/\/www.campinggrandeplage.com\/en\/campsite-islands-glenan\/#primaryimage"},"image":{"@id":"https:\/\/www.campinggrandeplage.com\/en\/campsite-islands-glenan\/#primaryimage"},"thumbnailUrl":"https:\/\/www.campinggrandeplage.com\/wp-content\/uploads\/2020\/08\/camping-archipel-glenan.jpg","datePublished":"2020-08-11T09:17:40+00:00","dateModified":"2020-09-23T13:27:46+00:00","description":"Discover the enchanted Gl\u00e9nan archipelago located near the Camping de la Grande Plage.","breadcrumb":{"@id":"https:\/\/www.campinggrandeplage.com\/en\/campsite-islands-glenan\/#breadcrumb"},"inLanguage":"en-US","potentialAction":[{"@type":"ReadAction","target":["https:\/\/www.campinggrandeplage.com\/en\/campsite-islands-glenan\/"]}]},{"@type":"ImageObject","inLanguage":"en-US","@id":"https:\/\/www.campinggrandeplage.com\/en\/campsite-islands-glenan\/#primaryimage","url":"https:\/\/www.campinggrandeplage.com\/wp-content\/uploads\/2020\/08\/camping-archipel-glenan.jpg","contentUrl":"https:\/\/www.campinggrandeplage.com\/wp-content\/uploads\/2020\/08\/camping-archipel-glenan.jpg","width":1903,"height":650,"caption":"camping archipel glenan"},{"@type":"BreadcrumbList","@id":"https:\/\/www.campinggrandeplage.com\/en\/campsite-islands-glenan\/#breadcrumb","itemListElement":[{"@type":"ListItem","position":1,"name":"Camping Lesconil","item":"https:\/\/www.campinggrandeplage.com\/en\/"},{"@type":"ListItem","position":2,"name":"Discover the Gl\u00e9nan Islands"}]},{"@type":"WebSite","@id":"https:\/\/www.campinggrandeplage.com\/en\/#website","url":"https:\/\/www.campinggrandeplage.com\/en\/","name":"Camping de la Grande plage","description":"","potentialAction":[{"@type":"SearchAction","target":{"@type":"EntryPoint","urlTemplate":"https:\/\/www.campinggrandeplage.com\/en\/?s={search_term_string}"},"query-input":{"@type":"PropertyValueSpecification","valueRequired":true,"valueName":"search_term_string"}}],"inLanguage":"en-US"}]}},"_links":{"self":[{"href":"https:\/\/www.campinggrandeplage.com\/en\/wp-json\/wp\/v2\/pages\/1927"}],"collection":[{"href":"https:\/\/www.campinggrandeplage.com\/en\/wp-json\/wp\/v2\/pages"}],"about":[{"href":"https:\/\/www.campinggrandeplage.com\/en\/wp-json\/wp\/v2\/types\/page"}],"author":[{"embeddable":true,"href":"https:\/\/www.campinggrandeplage.com\/en\/wp-json\/wp\/v2\/users\/1"}],"replies":[{"embeddable":true,"href":"https:\/\/www.campinggrandeplage.com\/en\/wp-json\/wp\/v2\/comments?post=1927"}],"version-history":[{"count":10,"href":"https:\/\/www.campinggrandeplage.com\/en\/wp-json\/wp\/v2\/pages\/1927\/revisions"}],"predecessor-version":[{"id":2071,"href":"https:\/\/www.campinggrandeplage.com\/en\/wp-json\/wp\/v2\/pages\/1927\/revisions\/2071"}],"wp:featuredmedia":[{"embeddable":true,"href":"https:\/\/www.campinggrandeplage.com\/en\/wp-json\/wp\/v2\/media\/592"}],"wp:attachment":[{"href":"https:\/\/www.campinggrandeplage.com\/en\/wp-json\/wp\/v2\/media?parent=1927"}],"curies":[{"name":"wp","href":"https:\/\/api.w.org\/{rel}","templated":true}]}}