{"id":1965,"date":"2020-08-11T11:17:55","date_gmt":"2020-08-11T09:17:55","guid":{"rendered":"https:\/\/www.campinggrandeplage.com\/camping-pointe-du-raz\/"},"modified":"2022-05-07T10:02:39","modified_gmt":"2022-05-07T08:02:39","slug":"camping-pointe-du-raz","status":"publish","type":"page","link":"https:\/\/www.campinggrandeplage.com\/de\/camping-pointe-du-raz\/","title":{"rendered":"A d\u00e9couvrir : Pointe du Raz"},"content":{"rendered":"<section id=\"section-5f44d4e49e6de\"\" class=\"section bg-color1\" \/><div class=\"container extralarge\"><h1 class=\"element section-title center\">Campingplatz Pointe du Raz<\/h1><\/div><\/section>\n\n<section id=\"section-5f44e1eb795e0\"\" class=\"section bg-white p-t-0 p-b-0\" \/><div class=\"container full\"><div class=\"colonnes-wrap valign-middle \"><div class=\"element colonne w-20 p-0\"><div class=\"element images scroll-x-mobile\"><div class=\"image\"><img decoding=\"async\" src=\"https:\/\/www.campinggrandeplage.com\/wp-content\/uploads\/2020\/09\/mobil-home-pointe-du-raz-100x98.jpg\" data-src=\"https:\/\/www.campinggrandeplage.com\/wp-content\/uploads\/2020\/09\/mobil-home-pointe-du-raz.jpg\" alt=\"Wohnmobil pointe du raz\" class=\"images_image\" \/><\/div><\/div><div class=\"element images scroll-x-mobile\"><div class=\"image\"><img decoding=\"async\" src=\"https:\/\/www.campinggrandeplage.com\/wp-content\/uploads\/2020\/09\/phare-pointe-du-raz-100x98.jpg\" data-src=\"https:\/\/www.campinggrandeplage.com\/wp-content\/uploads\/2020\/09\/phare-pointe-du-raz.jpg\" alt=\"Leuchtturm pointe du raz\" class=\"images_image\" \/><\/div><\/div><\/div><div class=\"element colonne w-60 p-x-6 p-y-4\"><h2 class=\"element section-title center\">Entdecken Sie die Pointe du Raz<\/h2><div class=\"element bloc-text center \">\n\t<p><strong class=\"bold color1\">\u00ab Hier endet die alte Welt, dies ist ihr fortgeschrittenster Punkt. &#8222;Gustave Flaubert.<\/strong> <\/p>\n<p><strong class=\"bold color1\">Gustave Flaubert und Victor Hugo<\/strong> geh\u00f6ren zu den Schriftstellern, die wesentlich zum internationalen Ruhm der Pointe du Raz beigetragen haben. An der \u00e4u\u00dfersten Spitze des Finist\u00e8re gelegen, ragt dieser mineralische Ausl\u00e4ufer in eine der st\u00e4rksten Str\u00f6mungen Europas hinein, <strong class=\"bold color1\">le raz de Sein<\/strong>. Beeindruckend, sie gipfelt in 70 m H\u00f6he \u00fcber dem Meeresspiegel. <\/p>\n<p>Vom Winde verweht, zieht diese Website jedes Jahr 1 Million Besucher an, die hierher kommen, um sich mit den Elementen zu messen. Die sehr hohen Besucherzahlen und der anarchische Bau von Hotels und Ferienanlagen haben im Laufe der Zeit die auf dem Gel\u00e4nde vorhandene Moorlandschaft \u00fcbernommen. <\/p>\n<p>1989 wurden schlie\u00dflich die ersten Schutzma\u00dfnahmen ergriffen. Heute, <strong class=\"bold color1\">Grand Site National<\/strong>, hat die Pointe du Raz ihre Authentizit\u00e4t und die urspr\u00fcngliche Pflanzendecke wiedererlangt. Die Pointe du Raz bietet Ihnen ein grandioses Panorama mit Blick auf die <strong class=\"bold color1\">Ile de Sein,<\/strong> den Leuchtturm der Vieille und an klaren Tagen auf den <strong class=\"bold color1\">Leuchtturm Ar Men.<\/strong><\/p>\n<p><a href=\"https:\/\/www.pointeduraz.com\/de\" target=\"_blank\" rel=\"noopener\">La Pointe du Raz<\/a><br \/>\n<a href=\"https:\/\/www.bretagne-reisen.de\/\" target=\"_blank\" rel=\"noopener\">Tourismus Bretagne<\/a><\/p>\n<\/div><\/div><div class=\"element colonne w-20 p-0\"><div class=\"element images scroll-x-mobile\"><div class=\"image\"><img decoding=\"async\" src=\"https:\/\/www.campinggrandeplage.com\/wp-content\/uploads\/2020\/09\/tourisme-pointe-du-raz-100x98.jpg\" data-src=\"https:\/\/www.campinggrandeplage.com\/wp-content\/uploads\/2020\/09\/tourisme-pointe-du-raz.jpg\" alt=\"Tourismus pointe du raz\" class=\"images_image\" \/><\/div><\/div><div class=\"element images scroll-x-mobile\"><div class=\"image\"><img decoding=\"async\" src=\"https:\/\/www.campinggrandeplage.com\/wp-content\/uploads\/2020\/09\/promenade-pointe-du-raz-100x98.jpg\" data-src=\"https:\/\/www.campinggrandeplage.com\/wp-content\/uploads\/2020\/09\/promenade-pointe-du-raz.jpg\" alt=\"gehen pointe du raz\" class=\"images_image\" \/><\/div><\/div><\/div><\/div><\/div><\/section>\n\n<section id=\"section-5f44e1eb79a55\"\" class=\"section bg-white p-t-0 p-b-0\" \/><div class=\"container full\"><div class=\"element images scroll-x-mobile\"><div class=\"image\"><img decoding=\"async\" src=\"https:\/\/www.campinggrandeplage.com\/wp-content\/uploads\/2020\/09\/sejour-pointe-du-raz-100x74.jpg\" data-src=\"https:\/\/www.campinggrandeplage.com\/wp-content\/uploads\/2020\/09\/sejour-pointe-du-raz.jpg\" alt=\"bleiben pointe du raz\" class=\"images_image\" \/><\/div><div class=\"image\"><img decoding=\"async\" src=\"https:\/\/www.campinggrandeplage.com\/wp-content\/uploads\/2020\/09\/plage-pointe-du-raz-100x74.jpg\" data-src=\"https:\/\/www.campinggrandeplage.com\/wp-content\/uploads\/2020\/09\/plage-pointe-du-raz.jpg\" alt=\"Strand pointe du raz\" class=\"images_image\" \/><\/div><div class=\"image\"><img decoding=\"async\" src=\"https:\/\/www.campinggrandeplage.com\/wp-content\/uploads\/2020\/09\/itineraire-pointe-du-raz-100x74.jpg\" data-src=\"https:\/\/www.campinggrandeplage.com\/wp-content\/uploads\/2020\/09\/itineraire-pointe-du-raz.jpg\" alt=\"Reiseplan pointe du raz\" class=\"images_image\" \/><\/div><div class=\"image\"><img decoding=\"async\" src=\"https:\/\/www.campinggrandeplage.com\/wp-content\/uploads\/2020\/09\/decouvrir-pointe-du-raz-100x74.jpg\" data-src=\"https:\/\/www.campinggrandeplage.com\/wp-content\/uploads\/2020\/09\/decouvrir-pointe-du-raz.jpg\" alt=\"entdecken pointe du raz\" class=\"images_image\" \/><\/div><\/div><\/div><\/section>\n\n<section id=\"section-5f44e1eb79f1b\"\" class=\"section bg-color1 p-t-0 p-b-0\" \/><div class=\"container full\"><div class=\"colonnes-wrap valign-middle \"><div class=\"element colonne p-0\"><div class=\"carte\" data-src=\"https:\/\/www.google.com\/maps\/embed?pb=!1m28!1m12!1m3!1d171083.6996731468!2d-4.587719207604354!3d47.932847514056775!2m3!1f0!2f0!3f0!3m2!1i1024!2i768!4f13.1!4m13!3e6!4m5!1s0x4817317dbee0a873%3A0xc75cba1f6fdbd5b!2sFlower%20Camping%20La%20Grande%20Plage%20%7C%20Camping%20Lesconil%20Finist%C3%A8re%2C%2071%20Rue%20Paul%20Langevin%2C%2029740%20Plobannalec-Lesconil!3m2!1d47.7981604!2d-4.229710799999999!4m5!1s0x4816e3a15a0d371d%3A0x7afad8880b1f0833!2sPointe%20du%20Raz!3m2!1d48.040859!2d-4.670977!5e0!3m2!1sfr!2sfr!4v1599230625608!5m2!1sfr!2sfr\"><\/div><\/div><div class=\"element colonne p-x-8 p-y-10\"><h2 class=\"element section-title justify\">So erreichen Sie die Pointe du Raz vom Campingplatz aus<\/h2><div class=\"element bloc-text justify \">\n\t<p>Entdecken Sie einen <strong class=\"bold color4\"\">unm\u00f6glichen Standort in der Bretagne<\/strong> und atemberaubende Landschaften! <\/p>\n<p>Nur 1 Stunde vom <a href=\"\/de\/\">Camping La Grande Plage<\/a> entfernt, kommen Sie und bewundern Sie diesen Punkt und seine abgeschnittenen Klippen. Das Panorama wird Sie sprachlos machen: <strong class=\"bold color4\">Die Sein-Insel<\/strong>, der <strong class=\"bold color4\">Leuchtturm von Fameux Ar Men<\/strong> oder <strong class=\"bold color4\">Leuchtturm von T\u00e9vennec<\/strong> sind die verschiedenen Orte, die Sie von der Pointe du Raz aus beobachten k\u00f6nnen.<\/p>\n<p>Spazieren Sie in einer <strong class=\"bold color4\">Landschaft zwischen Moor und Ozean<\/strong>, allein oder in Begleitung, und entdecken Sie die Nordseite, die sich von der Pointe du Van bis zur Pointe du Millier erstreckt. <\/p>\n<p>Auf der Pointe du Raz sind Natur und Tiere erhalten, weshalb ein Teil der Felsen die <strong class=\"bold color4\">Cap Sizun Reserve<\/strong> bilden. <\/p>\n<\/div><\/div><\/div><\/div><\/section>\n\n<section id=\"section-5f44da0915872\"\" class=\"section bg-white p-t-0 p-b-0\" \/><div class=\"container full\"><div class=\"colonnes-wrap valign-middle \"><div class=\"element colonne p-x-8 p-y-10\"><h2 class=\"element section-title left\">GR34, Weg f\u00fcr Wanderer<\/h2><div class=\"element bloc-text justify \">\n\t<p><strong class=\"bold color1\">Hinweis f\u00fcr Wanderfreunde !<\/strong> Das Cap Sizun ist reich an Wanderwegen, Spazierwegen und Mountainbike-Strecken. <\/p>\n<p>Besuchen Sie die Website und geniessen Sie die verschiedenen Wege, die von der Gemeinschaft der Gemeinden der <strong class=\"bold color1\">Cap-Sizun \/ Pointe du Raz<\/strong> aufgelistet, markiert und unterhalten werden. <\/p>\n<p><a href=\"https:\/\/www.pointeduraz.com\/de\" target=\"_blank\" rel=\"noopener\">Bereiten Sie Ihren Besuch auf der Pointe du Raz im Finist\u00e8re, Frankreich, vor.<\/a><br \/>\n<a href=\"https:\/\/www.pointeduraz.com\/de\/praktische-informationen\/brosch%C3%BCren\" target=\"_blank\" rel=\"noopener\">Brosch\u00fcren herunterladen<\/a><\/p>\n<\/div><\/div><div class=\"element colonne p-0\"><div class=\"element images scroll-x-mobile\"><div class=\"image\"><img decoding=\"async\" src=\"https:\/\/www.campinggrandeplage.com\/wp-content\/uploads\/2020\/09\/gr34-pointe-du-raz-100x68.jpg\" data-src=\"https:\/\/www.campinggrandeplage.com\/wp-content\/uploads\/2020\/09\/gr34-pointe-du-raz.jpg\" alt=\"gr34 pointe du raz\" class=\"images_image\" \/><\/div><\/div><\/div><\/div><\/div><\/section>\n\n<section id=\"section-5f44da4428ab4\"\" class=\"section bg-white p-t-0 p-b-0\" \/><div class=\"container full\"><div class=\"colonnes-wrap valign-middle \"><div class=\"element colonne w-20 p-0\"><div class=\"element images scroll-x-mobile\"><div class=\"image\"><img decoding=\"async\" src=\"https:\/\/www.campinggrandeplage.com\/wp-content\/uploads\/2020\/09\/region-pointe-du-raz-100x98.jpg\" data-src=\"https:\/\/www.campinggrandeplage.com\/wp-content\/uploads\/2020\/09\/region-pointe-du-raz.jpg\" alt=\"Region pointe du raz\" class=\"images_image\" \/><\/div><\/div><div class=\"element images scroll-x-mobile\"><div class=\"image\"><img decoding=\"async\" src=\"https:\/\/www.campinggrandeplage.com\/wp-content\/uploads\/2020\/09\/balade-velo-pointe-du-raz-100x98.jpg\" data-src=\"https:\/\/www.campinggrandeplage.com\/wp-content\/uploads\/2020\/09\/balade-velo-pointe-du-raz.jpg\" alt=\"Fahrrad fahren pointe du raz\" class=\"images_image\" \/><\/div><\/div><\/div><div class=\"element colonne w-60 p-x-6 p-y-4\"><h2 class=\"element section-title center\">Dinge zu tun in Cap-Sizun<\/h2><div class=\"element bloc-text center \">\n\t<ul>\n<li><strong class=\"bold color1\">Baie des Tr\u00e9pass\u00e9s<\/strong> :\n<p>Gesch\u00fctzt zwischen der Pointe du Raz und der Pointe du Van gelegen, ist dieser Strand ein perfekter Ort, um Wasseraktivit\u00e4ten und Schwimmen zu genie\u00dfen. Hinter dem Vorland k\u00f6nnen Sie den Teich von Laoual entdecken, ideal f\u00fcr ein Familienpicknick und ein Nickerchen nach einer Wanderung. <\/li>\n<li><strong class=\"bold color1\">Die Route des Moulins<\/strong> :\n<p>Die Grand Site de France, La Pointe du Raz, hat noch mehrere restaurierte M\u00fchlen, die auf den Wegen an der Grenze zu Cap-Sizun entdeckt werden m\u00fcssen. Die Moulin de Trouguer, K\u00e9riolet oder die Moulin de Tr\u00e9ouzien, entdecken ihre Geschichten und Geheimnisse.<\/li>\n<li><strong class=\"bold color1\">Die Kap-Sizun-Reserve<\/strong> :\n<p>In dieser Umgebung von Natur, Granitklippen und Blumen, suchen Seev\u00f6gel vom offenen Meer oder von der K\u00fcste aus jeden Fr\u00fchling Zuflucht und nisten. Dieses assoziative Naturschutzgebiet, das seit 1959 besteht, spielt eine wichtige Rolle in der Umwelterziehung in der Bretagne. <\/li>\n<\/ul>\n<\/div><\/div><div class=\"element colonne w-20 p-0\"><div class=\"element images scroll-x-mobile\"><div class=\"image\"><img decoding=\"async\" src=\"https:\/\/www.campinggrandeplage.com\/wp-content\/uploads\/2020\/09\/vegetation-pointe-du-raz-100x98.jpg\" data-src=\"https:\/\/www.campinggrandeplage.com\/wp-content\/uploads\/2020\/09\/vegetation-pointe-du-raz.jpg\" alt=\"Vegetation pointe du raz\" class=\"images_image\" \/><\/div><\/div><div class=\"element images scroll-x-mobile\"><div class=\"image\"><img decoding=\"async\" src=\"https:\/\/www.campinggrandeplage.com\/wp-content\/uploads\/2020\/09\/bord-de-mer-pointe-du-raz-100x98.jpg\" data-src=\"https:\/\/www.campinggrandeplage.com\/wp-content\/uploads\/2020\/09\/bord-de-mer-pointe-du-raz.jpg\" alt=\"am Meer pointe du raz\" class=\"images_image\" \/><\/div><\/div><\/div><\/div><\/div><\/section>\n\n<section id=\"section-5f44e1eb7b004\"\" class=\"section bg-color3\" \/><div class=\"container extralarge\"><div class=\"element section-title center titre-cta\">Die Pointe du Raz und ihre Umgebung<\/div><ul class=\"liste-de-page scroll-x-mobile\"><li class=\"element call-to-action center titre-cta call-to-action--style-1 call-to-action--normal\"><a href=\"https:\/\/www.campinggrandeplage.com\/de\/camping-benodet\/\"  class=\"call-to-action_link\" title=\"Erfahren Sie mehr \u00fcber benodet\"><div class=\"call-to-action_image\"><img decoding=\"async\" src=\"https:\/\/www.campinggrandeplage.com\/wp-content\/uploads\/2020\/08\/camping-benodet-100x55.jpg\" data-src=\"https:\/\/www.campinggrandeplage.com\/wp-content\/uploads\/2020\/08\/camping-benodet.jpg\" alt=\"camping benodet\" class=\"normal\" \/><\/div><div class=\"call-to-action_contenu\"><div class=\"call-to-action_titre\">Benodet<\/div><\/div><\/a><\/li><li class=\"element call-to-action center titre-cta call-to-action--style-1 call-to-action--normal call-to-action--style-1 call-to-action--normal\"><a href=\"https:\/\/www.campinggrandeplage.com\/de\/camping-pointe-de-la-torche\/\"  class=\"call-to-action_link\" title=\"Erfahren Sie mehr \u00fcber la torche\"><div class=\"call-to-action_image\"><img decoding=\"async\" src=\"https:\/\/www.campinggrandeplage.com\/wp-content\/uploads\/2020\/08\/camping-la-torche-100x55.jpg\" data-src=\"https:\/\/www.campinggrandeplage.com\/wp-content\/uploads\/2020\/08\/camping-la-torche.jpg\" alt=\"camping la torche\" class=\"normal\" \/><\/div><div class=\"call-to-action_contenu\"><div class=\"call-to-action_titre\">La Torche<\/div><\/div><\/a><\/li><li class=\"element call-to-action center titre-cta call-to-action--style-1 call-to-action--normal call-to-action--style-1 call-to-action--normal call-to-action--style-1 call-to-action--normal\"><a href=\"https:\/\/www.campinggrandeplage.com\/de\/campingplatz-loctudy\/\"  class=\"call-to-action_link\" title=\"Erfahren Sie mehr \u00fcber loctudy\"><div class=\"call-to-action_image\"><img decoding=\"async\" src=\"https:\/\/www.campinggrandeplage.com\/wp-content\/uploads\/2020\/09\/phare-loctudy-100x73.jpg\" data-src=\"https:\/\/www.campinggrandeplage.com\/wp-content\/uploads\/2020\/09\/phare-loctudy.jpg\" alt=\"phare loctudy\" class=\"normal\" \/><\/div><div class=\"call-to-action_contenu\"><div class=\"call-to-action_titre\">Loctudy<\/div><\/div><\/a><\/li><\/ul><\/div><\/section>","protected":false},"excerpt":{"rendered":"","protected":false},"author":1,"featured_media":847,"parent":0,"menu_order":0,"comment_status":"closed","ping_status":"closed","template":"","meta":{"_acf_changed":false,"footnotes":""},"class_list":["post-1965","page","type-page","status-publish","has-post-thumbnail","hentry"],"acf":[],"yoast_head":"<!-- This site is optimized with the Yoast SEO plugin v25.3 - https:\/\/yoast.com\/wordpress\/plugins\/seo\/ -->\n<title>Camping Pointe du Raz | Location Pointe du Raz | Tourisme Pointe du Raz<\/title>\n<meta name=\"robots\" content=\"index, follow, max-snippet:-1, max-image-preview:large, max-video-preview:-1\" \/>\n<link rel=\"canonical\" href=\"https:\/\/www.campinggrandeplage.com\/de\/camping-pointe-du-raz\/\" \/>\n<meta property=\"og:locale\" content=\"de_DE\" \/>\n<meta property=\"og:type\" content=\"article\" \/>\n<meta property=\"og:title\" content=\"Camping Pointe du Raz | Location Pointe du Raz | Tourisme Pointe du Raz\" \/>\n<meta property=\"og:url\" content=\"https:\/\/www.campinggrandeplage.com\/de\/camping-pointe-du-raz\/\" \/>\n<meta property=\"og:site_name\" content=\"Camping de la Grande plage\" \/>\n<meta property=\"article:modified_time\" content=\"2022-05-07T08:02:39+00:00\" \/>\n<meta property=\"og:image\" content=\"https:\/\/www.campinggrandeplage.com\/wp-content\/uploads\/2020\/09\/camping-pointe-du-raz.jpg\" \/>\n\t<meta property=\"og:image:width\" content=\"1903\" \/>\n\t<meta property=\"og:image:height\" content=\"650\" \/>\n\t<meta property=\"og:image:type\" content=\"image\/jpeg\" \/>\n<meta name=\"twitter:card\" content=\"summary_large_image\" \/>\n<script type=\"application\/ld+json\" class=\"yoast-schema-graph\">{\"@context\":\"https:\/\/schema.org\",\"@graph\":[{\"@type\":\"WebPage\",\"@id\":\"https:\/\/www.campinggrandeplage.com\/de\/camping-pointe-du-raz\/\",\"url\":\"https:\/\/www.campinggrandeplage.com\/de\/camping-pointe-du-raz\/\",\"name\":\"Camping Pointe du Raz | Location Pointe du Raz | Tourisme Pointe du Raz\",\"isPartOf\":{\"@id\":\"https:\/\/www.campinggrandeplage.com\/de\/#website\"},\"primaryImageOfPage\":{\"@id\":\"https:\/\/www.campinggrandeplage.com\/de\/camping-pointe-du-raz\/#primaryimage\"},\"image\":{\"@id\":\"https:\/\/www.campinggrandeplage.com\/de\/camping-pointe-du-raz\/#primaryimage\"},\"thumbnailUrl\":\"https:\/\/www.campinggrandeplage.com\/wp-content\/uploads\/2020\/09\/camping-pointe-du-raz.jpg\",\"datePublished\":\"2020-08-11T09:17:55+00:00\",\"dateModified\":\"2022-05-07T08:02:39+00:00\",\"breadcrumb\":{\"@id\":\"https:\/\/www.campinggrandeplage.com\/de\/camping-pointe-du-raz\/#breadcrumb\"},\"inLanguage\":\"de\",\"potentialAction\":[{\"@type\":\"ReadAction\",\"target\":[\"https:\/\/www.campinggrandeplage.com\/de\/camping-pointe-du-raz\/\"]}]},{\"@type\":\"ImageObject\",\"inLanguage\":\"de\",\"@id\":\"https:\/\/www.campinggrandeplage.com\/de\/camping-pointe-du-raz\/#primaryimage\",\"url\":\"https:\/\/www.campinggrandeplage.com\/wp-content\/uploads\/2020\/09\/camping-pointe-du-raz.jpg\",\"contentUrl\":\"https:\/\/www.campinggrandeplage.com\/wp-content\/uploads\/2020\/09\/camping-pointe-du-raz.jpg\",\"width\":1903,\"height\":650,\"caption\":\"camping-pointe-du-raz\"},{\"@type\":\"BreadcrumbList\",\"@id\":\"https:\/\/www.campinggrandeplage.com\/de\/camping-pointe-du-raz\/#breadcrumb\",\"itemListElement\":[{\"@type\":\"ListItem\",\"position\":1,\"name\":\"Camping Lesconil\",\"item\":\"https:\/\/www.campinggrandeplage.com\/de\/\"},{\"@type\":\"ListItem\",\"position\":2,\"name\":\"Entdecken Sie die Pointe du Raz\"}]},{\"@type\":\"WebSite\",\"@id\":\"https:\/\/www.campinggrandeplage.com\/de\/#website\",\"url\":\"https:\/\/www.campinggrandeplage.com\/de\/\",\"name\":\"Camping de la Grande plage\",\"description\":\"\",\"potentialAction\":[{\"@type\":\"SearchAction\",\"target\":{\"@type\":\"EntryPoint\",\"urlTemplate\":\"https:\/\/www.campinggrandeplage.com\/de\/?s={search_term_string}\"},\"query-input\":{\"@type\":\"PropertyValueSpecification\",\"valueRequired\":true,\"valueName\":\"search_term_string\"}}],\"inLanguage\":\"de\"}]}<\/script>\n<!-- \/ Yoast SEO plugin. -->","yoast_head_json":{"title":"Camping Pointe du Raz | Location Pointe du Raz | Tourisme Pointe du Raz","robots":{"index":"index","follow":"follow","max-snippet":"max-snippet:-1","max-image-preview":"max-image-preview:large","max-video-preview":"max-video-preview:-1"},"canonical":"https:\/\/www.campinggrandeplage.com\/de\/camping-pointe-du-raz\/","og_locale":"de_DE","og_type":"article","og_title":"Camping Pointe du Raz | Location Pointe du Raz | Tourisme Pointe du Raz","og_url":"https:\/\/www.campinggrandeplage.com\/de\/camping-pointe-du-raz\/","og_site_name":"Camping de la Grande plage","article_modified_time":"2022-05-07T08:02:39+00:00","og_image":[{"width":1903,"height":650,"url":"https:\/\/www.campinggrandeplage.com\/wp-content\/uploads\/2020\/09\/camping-pointe-du-raz.jpg","type":"image\/jpeg"}],"twitter_card":"summary_large_image","schema":{"@context":"https:\/\/schema.org","@graph":[{"@type":"WebPage","@id":"https:\/\/www.campinggrandeplage.com\/de\/camping-pointe-du-raz\/","url":"https:\/\/www.campinggrandeplage.com\/de\/camping-pointe-du-raz\/","name":"Camping Pointe du Raz | Location Pointe du Raz | Tourisme Pointe du Raz","isPartOf":{"@id":"https:\/\/www.campinggrandeplage.com\/de\/#website"},"primaryImageOfPage":{"@id":"https:\/\/www.campinggrandeplage.com\/de\/camping-pointe-du-raz\/#primaryimage"},"image":{"@id":"https:\/\/www.campinggrandeplage.com\/de\/camping-pointe-du-raz\/#primaryimage"},"thumbnailUrl":"https:\/\/www.campinggrandeplage.com\/wp-content\/uploads\/2020\/09\/camping-pointe-du-raz.jpg","datePublished":"2020-08-11T09:17:55+00:00","dateModified":"2022-05-07T08:02:39+00:00","breadcrumb":{"@id":"https:\/\/www.campinggrandeplage.com\/de\/camping-pointe-du-raz\/#breadcrumb"},"inLanguage":"de","potentialAction":[{"@type":"ReadAction","target":["https:\/\/www.campinggrandeplage.com\/de\/camping-pointe-du-raz\/"]}]},{"@type":"ImageObject","inLanguage":"de","@id":"https:\/\/www.campinggrandeplage.com\/de\/camping-pointe-du-raz\/#primaryimage","url":"https:\/\/www.campinggrandeplage.com\/wp-content\/uploads\/2020\/09\/camping-pointe-du-raz.jpg","contentUrl":"https:\/\/www.campinggrandeplage.com\/wp-content\/uploads\/2020\/09\/camping-pointe-du-raz.jpg","width":1903,"height":650,"caption":"camping-pointe-du-raz"},{"@type":"BreadcrumbList","@id":"https:\/\/www.campinggrandeplage.com\/de\/camping-pointe-du-raz\/#breadcrumb","itemListElement":[{"@type":"ListItem","position":1,"name":"Camping Lesconil","item":"https:\/\/www.campinggrandeplage.com\/de\/"},{"@type":"ListItem","position":2,"name":"Entdecken Sie die Pointe du Raz"}]},{"@type":"WebSite","@id":"https:\/\/www.campinggrandeplage.com\/de\/#website","url":"https:\/\/www.campinggrandeplage.com\/de\/","name":"Camping de la Grande plage","description":"","potentialAction":[{"@type":"SearchAction","target":{"@type":"EntryPoint","urlTemplate":"https:\/\/www.campinggrandeplage.com\/de\/?s={search_term_string}"},"query-input":{"@type":"PropertyValueSpecification","valueRequired":true,"valueName":"search_term_string"}}],"inLanguage":"de"}]}},"_links":{"self":[{"href":"https:\/\/www.campinggrandeplage.com\/de\/wp-json\/wp\/v2\/pages\/1965"}],"collection":[{"href":"https:\/\/www.campinggrandeplage.com\/de\/wp-json\/wp\/v2\/pages"}],"about":[{"href":"https:\/\/www.campinggrandeplage.com\/de\/wp-json\/wp\/v2\/types\/page"}],"author":[{"embeddable":true,"href":"https:\/\/www.campinggrandeplage.com\/de\/wp-json\/wp\/v2\/users\/1"}],"replies":[{"embeddable":true,"href":"https:\/\/www.campinggrandeplage.com\/de\/wp-json\/wp\/v2\/comments?post=1965"}],"version-history":[{"count":12,"href":"https:\/\/www.campinggrandeplage.com\/de\/wp-json\/wp\/v2\/pages\/1965\/revisions"}],"predecessor-version":[{"id":2642,"href":"https:\/\/www.campinggrandeplage.com\/de\/wp-json\/wp\/v2\/pages\/1965\/revisions\/2642"}],"wp:featuredmedia":[{"embeddable":true,"href":"https:\/\/www.campinggrandeplage.com\/de\/wp-json\/wp\/v2\/media\/847"}],"wp:attachment":[{"href":"https:\/\/www.campinggrandeplage.com\/de\/wp-json\/wp\/v2\/media?parent=1965"}],"curies":[{"name":"wp","href":"https:\/\/api.w.org\/{rel}","templated":true}]}}