{"id":1953,"date":"2020-08-11T11:18:30","date_gmt":"2020-08-11T09:18:30","guid":{"rendered":"https:\/\/www.campinggrandeplage.com\/camping-loctudy\/"},"modified":"2022-05-07T09:55:40","modified_gmt":"2022-05-07T07:55:40","slug":"campingplatz-loctudy","status":"publish","type":"page","link":"https:\/\/www.campinggrandeplage.com\/de\/campingplatz-loctudy\/","title":{"rendered":"A d\u00e9couvrir : Loctudy"},"content":{"rendered":"<section id=\"section-5f44d4e49e6de\"\" class=\"section bg-color1\" \/><div class=\"container extralarge\"><h1 class=\"element section-title center\">Campingplatz bei Loctudy<\/h1><\/div><\/section>\n\n<section id=\"section-5f44da4428ab4\"\" class=\"section bg-white p-t-0 p-b-0\" \/><div class=\"container full\"><div class=\"colonnes-wrap valign-middle \"><div class=\"element colonne w-20 p-0\"><div class=\"element images scroll-x-mobile\"><div class=\"image\"><img decoding=\"async\" src=\"https:\/\/www.campinggrandeplage.com\/wp-content\/uploads\/2020\/09\/manoir-kerazan-loctudy-100x98.jpg\" data-src=\"https:\/\/www.campinggrandeplage.com\/wp-content\/uploads\/2020\/09\/manoir-kerazan-loctudy.jpg\" alt=\"kerazan loctudy villa\" class=\"images_image\" \/><\/div><\/div><div class=\"element images scroll-x-mobile\"><div class=\"image\"><img decoding=\"async\" src=\"https:\/\/www.campinggrandeplage.com\/wp-content\/uploads\/2020\/09\/tourisme-loctudy-100x98.jpg\" data-src=\"https:\/\/www.campinggrandeplage.com\/wp-content\/uploads\/2020\/09\/tourisme-loctudy.jpg\" alt=\"loctudy Tourismus\" class=\"images_image\" \/><\/div><\/div><\/div><div class=\"element colonne w-60 p-x-6 p-y-4\"><h2 class=\"element section-title center m-t-4\">Was ist in Loctudy zu tun?<\/h2><div class=\"element bloc-text center \">\n\t<ul>\n<li><strong class=\"bold color1\">Spaziergang entlang des Yachthafens<\/strong> :<br \/>\nVom \u00fcberdachten Markt gehen Sie in den h\u00fcbschen Jachthafen mit seinen wenigen Gesch\u00e4ften. Zodiac, Segelboot, bewundern Sie die verschiedenen Boote, die den Hafen verlassen, um den Gl\u00e9nan zu erreichen.<br \/>\nWenn Sie am letzten Ponton im Hafen halten, k\u00f6nnen Sie die h\u00fcbsche \u00cele-Tudy sehen (leicht zu erreichen dank des F\u00e4hrmanns Tudy). Im F\u00e4hrmann angekommen, steht direkt vor Ihnen die Tourelle des Perdrix, ein alter Leuchtturm an der M\u00fcndung des Flusses Pont-l&#8217;Abb\u00e9.<\/li>\n<li><strong class=\"bold color1\">Das Herrenhaus von Kerazan<\/strong> :<br \/>\nDieses typische Geb\u00e4ude ist eine herrschaftliche Residenz aus dem 16. und 18. Jahrhundert, umgeben von einem Bauernhof und einem ausgedehnten, 5 Hektar gro\u00dfen Park im englischen Stil. Das Herrenhaus beherbergt eine bedeutende Sammlung bretonisch inspirierter Kunst, aber auch Steingut aus Quimper. <\/li>\n<li><strong class=\"bold color1\">Str\u00e4nde und Buchten<\/strong> :<br \/>\nEntdecken Sie vom Fischereihafen bis zur Spitze von Beg Guen die feinen Sandstr\u00e4nde, die an Loctudy grenzen: Langoz, Kervilzic, Ezer, Lodonnec, Pich Poud, Poulluen und Sables Blancs. Es sind mehrere Wege angelegt, auf denen Sie wandern und die Sch\u00f6nheit des Meeres und seiner felsigen Punkte sch\u00e4tzen lernen k\u00f6nnen. <\/li>\n<\/li>\n<\/ul>\n<\/div><\/div><div class=\"element colonne w-20 p-0\"><div class=\"element images scroll-x-mobile\"><div class=\"image\"><img decoding=\"async\" src=\"https:\/\/www.campinggrandeplage.com\/wp-content\/uploads\/2020\/09\/baie-de-loctudy-100x98.jpg\" data-src=\"https:\/\/www.campinggrandeplage.com\/wp-content\/uploads\/2020\/09\/baie-de-loctudy.jpg\" alt=\"Loctudy-Bucht\" class=\"images_image\" \/><\/div><\/div><div class=\"element images scroll-x-mobile\"><div class=\"image\"><img decoding=\"async\" src=\"https:\/\/www.campinggrandeplage.com\/wp-content\/uploads\/2020\/09\/vacances-loctudy-100x98.jpg\" data-src=\"https:\/\/www.campinggrandeplage.com\/wp-content\/uploads\/2020\/09\/vacances-loctudy.jpg\" alt=\"loctudy Ferien\" class=\"images_image\" \/><\/div><\/div><\/div><\/div><\/div><\/section>\n\n<section id=\"section-5f44e1eb79a55\"\" class=\"section bg-white p-t-0 p-b-0\" \/><div class=\"container full\"><div class=\"element images scroll-x-mobile\"><div class=\"image\"><img decoding=\"async\" src=\"https:\/\/www.campinggrandeplage.com\/wp-content\/uploads\/2020\/09\/port-loctudy-100x74.jpg\" data-src=\"https:\/\/www.campinggrandeplage.com\/wp-content\/uploads\/2020\/09\/port-loctudy.jpg\" alt=\"loctudy hafen\" class=\"images_image\" \/><\/div><div class=\"image\"><img decoding=\"async\" src=\"https:\/\/www.campinggrandeplage.com\/wp-content\/uploads\/2020\/09\/phare-loctudy-100x73.jpg\" data-src=\"https:\/\/www.campinggrandeplage.com\/wp-content\/uploads\/2020\/09\/phare-loctudy.jpg\" alt=\"Leuchtturm von Loctudy\" class=\"images_image\" \/><\/div><div class=\"image\"><img decoding=\"async\" src=\"https:\/\/www.campinggrandeplage.com\/wp-content\/uploads\/2020\/09\/marche-poisson-loctudy-100x74.jpg\" data-src=\"https:\/\/www.campinggrandeplage.com\/wp-content\/uploads\/2020\/09\/marche-poisson-loctudy.jpg\" alt=\"loctudy Fischmarkt\" class=\"images_image\" \/><\/div><div class=\"image\"><img decoding=\"async\" src=\"https:\/\/www.campinggrandeplage.com\/wp-content\/uploads\/2020\/09\/cote-loctudy-100x74.jpg\" data-src=\"https:\/\/www.campinggrandeplage.com\/wp-content\/uploads\/2020\/09\/cote-loctudy.jpg\" alt=\"loctudy-Punktzahl\" class=\"images_image\" \/><\/div><\/div><\/div><\/section>\n\n<section id=\"section-5f44e1eb79f1b\"\" class=\"section bg-color1 p-t-0 p-b-0\" \/><div class=\"container full\"><div class=\"colonnes-wrap valign-middle \"><div class=\"element colonne p-0\"><div class=\"carte\" data-src=\"https:\/\/www.google.com\/maps\/embed?pb=!1m28!1m12!1m3!1d203679.7084485627!2d-4.339700505888392!3d47.87544217101635!2m3!1f0!2f0!3f0!3m2!1i1024!2i768!4f13.1!4m13!3e6!4m5!1s0x4817317dbee0a873%3A0xc75cba1f6fdbd5b!2sCamping%20de%20la%20Grande%20Plage%2C%20Rue%20Paul%20Langevin%2C%20Plobannalec-Lesconil!3m2!1d47.7981604!2d-4.229710799999999!4m5!1s0x48173293f3509531%3A0xce99ee9985f2c7fd!2sLoctudy!3m2!1d47.830439999999996!2d-4.168061!5e0!3m2!1sfr!2sfr!4v1599480478129!5m2!1sfr!2sfr\"><\/div><\/div><div class=\"element colonne p-x-8 p-y-10\"><h2 class=\"element section-title justify\">Loctudy, 10 Minuten vom Campingplatz entfernt<\/h2><div class=\"element bloc-text justify \">\n\t<p>Loctudy, <strong class=\"bold color4\">die un\u00fcbersehbare Stadt des Pays Bigouden<\/strong>, liegt nur wenige Minuten vom Blumencampingplatz La Grande Plage entfernt. In nur 10 Minuten erreichen Sie Loctudy von unserem Campingplatz am Meer aus in nur 10 Minuten.<\/p>\n<p>Kommen Sie in dieser h\u00fcbschen Stadt spazieren und entdecken Sie die Fischerh\u00e4fen, die Yachth\u00e4fen, genie\u00dfen Sie den Blick auf die Ile-Tudy, bevor Sie mit dem Bootsf\u00fchrer dorthin fahren, oder bewundern Sie die grandiosen und untypischen H\u00e4user des Pays Bigouden! <\/p>\n<p>Hier k\u00f6nnen Sie sich morgens und abends ab 16.30 Uhr in einem der Fischl\u00e4den des Fischereihafens mit Fisch und Langusten (den ber\u00fchmten &#8222;Demoiselles de Loctudy&#8220;) eindecken.<\/p>\n<p>Angeln zu Fu\u00df, Bootsfahrten, Sonnenbaden an den feinen Sandstr\u00e4nden, Sie k\u00f6nnen <strong class=\"bold color4\">Ferienfarniente und Besuch<\/strong> kombinieren.     <\/p>\n<\/div><\/div><\/div><\/div><\/section>\n\n<section id=\"section-5f44da0915872\"\" class=\"section bg-white p-t-0 p-b-0\" \/><div class=\"container full\"><div class=\"colonnes-wrap valign-middle \"><div class=\"element colonne p-x-8 p-y-10\"><h2 class=\"element section-title left\">Vom Yachthafen zu den Str\u00e4nden und Buchten<\/h2><div class=\"element bloc-text justify \">\n\t<p>Sobald Sie in Loctudy ankommen, begeben Sie sich in die <strong class=\"bold color1\">port de plaisance<\/strong>, um eine Feinschmeckerpause einzulegen, nehmen Sie dann den Bootsf\u00fchrer und gehen Sie an Bord der <strong class=\"bold color1\">l&#8217;\u00cele-Tudy<\/strong>. <\/p>\n<p>Verlieren Sie sich in den kleinen Stra\u00dfen des Stadtzentrums und bewundern Sie die <strong class=\"bold color1\">Pentys<\/strong> der alten Seefahrer, die moderneren H\u00e4user, die unglaublichen Herrenh\u00e4user, die Sie ins 19. <\/p>\n<\/div><h2 class=\"element section-title left\">Der Loctudy-Markt<\/h2><div class=\"element bloc-text justify \">\n\t<p>F\u00fcllen Sie sich am Dienstagmorgen von 8:30 bis 12:30 Uhr in den neuen Hallen von Loctudy mit guten Produkten aus der <strong class=\"bold color1\">lokalen Produzenten auf dem Markt<\/strong>.<\/p>\n<p>W\u00e4hrend der Sommersaison kommen etwa 80 H\u00e4ndler (Handwerker und Produzenten) auf den Markt, um Ihnen gute Produkte anzubieten. <\/p>\n<p>Mit einem Korb oder einer Segeltuchtasche in der Hand k\u00f6nnen Sie <strong class=\"bold color1\">einige Delikatessen<\/strong> kaufen : Wurstwaren, K\u00e4se, Meeresfr\u00fcchte, Obst und Gem\u00fcse, Weine, Pfannkuchen, Apfelwein, Brot&#8230;<\/p>\n<p>Lassen Sie sich auch von ein paar Blumen oder ein paar Kleidern, Schuhen und Schmuckst\u00fccken verf\u00fchren. <\/p>\n<\/div><\/div><div class=\"element colonne p-0\"><div class=\"element images scroll-x-mobile\"><div class=\"image\"><img decoding=\"async\" src=\"https:\/\/www.campinggrandeplage.com\/wp-content\/uploads\/2020\/09\/marche-producteur-loctudy-100x68.jpg\" data-src=\"https:\/\/www.campinggrandeplage.com\/wp-content\/uploads\/2020\/09\/marche-producteur-loctudy.jpg\" alt=\"loctudy Bauernmarkt\" class=\"images_image\" \/><\/div><\/div><\/div><\/div><\/div><\/section>\n\n<section id=\"section-5f44e1eb795e0\"\" class=\"section bg-white p-t-0 p-b-0\" \/><div class=\"container full\"><div class=\"colonnes-wrap valign-middle \"><div class=\"element colonne w-20 p-0\"><div class=\"element images scroll-x-mobile\"><div class=\"image\"><img decoding=\"async\" src=\"https:\/\/www.campinggrandeplage.com\/wp-content\/uploads\/2020\/09\/camping-bord-de-mer-loctudy-100x98.jpg\" data-src=\"https:\/\/www.campinggrandeplage.com\/wp-content\/uploads\/2020\/09\/camping-bord-de-mer-loctudy.jpg\" alt=\"Camping am Meer loctudy\" class=\"images_image\" \/><\/div><\/div><div class=\"element images scroll-x-mobile\"><div class=\"image\"><img decoding=\"async\" src=\"https:\/\/www.campinggrandeplage.com\/wp-content\/uploads\/2020\/09\/camping-mobil-home-loctudy-100x100.jpg\" data-src=\"https:\/\/www.campinggrandeplage.com\/wp-content\/uploads\/2020\/09\/camping-mobil-home-loctudy.jpg\" alt=\"Camping Wohnmobil loctudy\" class=\"images_image\" \/><\/div><\/div><\/div><div class=\"element colonne w-60 p-x-6 p-y-4\"><h2 class=\"element section-title center\">Loctudy entdecken<\/h2><div class=\"element bloc-text center \">\n\t<p>Tr\u00e4umen Sie von einem Aufenthalt mit den F\u00fc\u00dfen im Wasser? Ein Tapetenwechsel, in einem ruhigen, bewaldeten und blumigen Mietshaus?<\/p>\n<p>Auf dem 3-Sterne-<a href=\"\/de\/\">Campingplatz La Grande Plage<\/a> finden Sie die ideale Unterkunft f\u00fcr Ihren Urlaub. Wir empfangen Sie von April bis September in einer entspannten und nat\u00fcrlichen Umgebung.<\/p>\n<p>In der N\u00e4he von Loctudy und nur 300 Meter von den Str\u00e4nden entfernt, verbringen Sie unvergessliche Momente auf unserem Campingplatz. W\u00e4hlen Sie eine unserer <strong class=\"bold color1\">Mietunterk\u00fcnfte<\/strong> unter den Mobilheimen und Zeltbungalows oder einen nackten Stellplatz f\u00fcr Zelt, Wohnwagen oder Wohnmobil.<\/p>\n<p>Nach einem Tag, an dem Sie mit Familie oder Freunden die Sch\u00e4tze von Loctudy entdecken k\u00f6nnen, <strong class=\"bold color1\">steht Ihnen unser auf 26\u00b0<\/strong> geheiztes Schwimmbad mit Rutsche, Planschbecken und verzaubertem Springbrunnen zur Verf\u00fcgung. F\u00fcr noch mehr Entspannung stehen Ihnen unser Jacuzzi und ein Solarium mit Liegest\u00fchlen zur Verf\u00fcgung.<\/p>\n<p>Von Juli bis August reservieren wir <strong class=\"bold color1\">Ihnen zahlreiche Animationen<\/strong>: Petanque-Turnier, Begr\u00fc\u00dfungsgetr\u00e4nk jede Woche, Mahlzeiten f\u00fcr die Camper, Wassergymnastik &#8230; Die J\u00fcngsten werden sich bei der Schatzsuche und vielen anderen am\u00fcsieren.<\/p>\n<p>Um das <strong class=\"bold color1\">s\u00fcdliche Finist\u00e8re<\/strong> in der Bretagne und seine Sch\u00e4tze zu entdecken, buchen Sie Ihren Mietwagen auf dem Campingplatz La Grande Plage.<\/p>\n<\/div><\/div><div class=\"element colonne w-20 p-0\"><div class=\"element images scroll-x-mobile\"><div class=\"image\"><img decoding=\"async\" src=\"https:\/\/www.campinggrandeplage.com\/wp-content\/uploads\/2020\/09\/camping-animations-loctudy-100x98.jpg\" data-src=\"https:\/\/www.campinggrandeplage.com\/wp-content\/uploads\/2020\/09\/camping-animations-loctudy.jpg\" alt=\"Camping-Animationen loctudy\" class=\"images_image\" \/><\/div><\/div><div class=\"element images scroll-x-mobile\"><div class=\"image\"><img decoding=\"async\" src=\"https:\/\/www.campinggrandeplage.com\/wp-content\/uploads\/2020\/09\/camping-piscine-loctudy-100x98.jpg\" data-src=\"https:\/\/www.campinggrandeplage.com\/wp-content\/uploads\/2020\/09\/camping-piscine-loctudy.jpg\" alt=\"Camping-Pool loctudy\" class=\"images_image\" \/><\/div><\/div><\/div><\/div><\/div><\/section>\n\n<section id=\"section-5f44e1eb7b004\"\" class=\"section bg-color3\" \/><div class=\"container extralarge\"><div class=\"element section-title center titre-cta\">Entdecken Sie die Region Loctudy<\/div><ul class=\"liste-de-page scroll-x-mobile\"><li class=\"element call-to-action center titre-cta call-to-action--style-1 call-to-action--normal\"><a href=\"https:\/\/www.campinggrandeplage.com\/de\/campieren-audierne\/\"  class=\"call-to-action_link\" title=\"Erfahren Sie mehr \u00fcber audierne\"><div class=\"call-to-action_image\"><img decoding=\"async\" src=\"https:\/\/www.campinggrandeplage.com\/wp-content\/uploads\/2020\/09\/vacances-audierne-100x55.jpg\" data-src=\"https:\/\/www.campinggrandeplage.com\/wp-content\/uploads\/2020\/09\/vacances-audierne.jpg\" alt=\"vacances audierne\" class=\"normal\" \/><\/div><div class=\"call-to-action_contenu\"><div class=\"call-to-action_titre\">Audierne<\/div><\/div><\/a><\/li><li class=\"element call-to-action center titre-cta call-to-action--style-1 call-to-action--normal call-to-action--style-1 call-to-action--normal\"><a href=\"https:\/\/www.campinggrandeplage.com\/de\/camping-benodet\/\"  class=\"call-to-action_link\" title=\"Erfahren Sie mehr \u00fcber benodet\"><div class=\"call-to-action_image\"><img decoding=\"async\" src=\"https:\/\/www.campinggrandeplage.com\/wp-content\/uploads\/2020\/08\/camping-benodet-100x55.jpg\" data-src=\"https:\/\/www.campinggrandeplage.com\/wp-content\/uploads\/2020\/08\/camping-benodet.jpg\" alt=\"camping benodet\" class=\"normal\" \/><\/div><div class=\"call-to-action_contenu\"><div class=\"call-to-action_titre\">Benodet<\/div><\/div><\/a><\/li><li class=\"element call-to-action center titre-cta call-to-action--style-1 call-to-action--normal call-to-action--style-1 call-to-action--normal call-to-action--style-1 call-to-action--normal\"><a href=\"https:\/\/www.campinggrandeplage.com\/de\/camping-iles-glenan\/\"  class=\"call-to-action_link\" title=\"Erfahren Sie mehr \u00fcber  les glenans\"><div class=\"call-to-action_image\"><img decoding=\"async\" src=\"https:\/\/www.campinggrandeplage.com\/wp-content\/uploads\/2020\/08\/camping-glenants-100x55.jpg\" data-src=\"https:\/\/www.campinggrandeplage.com\/wp-content\/uploads\/2020\/08\/camping-glenants.jpg\" alt=\"camping glenants\" class=\"normal\" \/><\/div><div class=\"call-to-action_contenu\"><div class=\"call-to-action_titre\"> Les glenans<\/div><\/div><\/a><\/li><\/ul><\/div><\/section>","protected":false},"excerpt":{"rendered":"","protected":false},"author":1,"featured_media":1043,"parent":0,"menu_order":0,"comment_status":"closed","ping_status":"closed","template":"","meta":{"_acf_changed":false,"footnotes":""},"class_list":["post-1953","page","type-page","status-publish","has-post-thumbnail","hentry"],"acf":[],"yoast_head":"<!-- This site is optimized with the Yoast SEO plugin v25.3 - https:\/\/yoast.com\/wordpress\/plugins\/seo\/ -->\n<title>Camping Loctudy | Tourismus Loctudy | Urlaub in Loctudy - Bretagne<\/title>\n<meta name=\"description\" content=\"3-Sterne-Campingplatz in der N\u00e4he von Loctudy, der Campingplatz von Le Grande Plage empf\u00e4ngt Sie f\u00fcr Ihren Urlaub in der Vermietung von Wohnmobilen oder auf einem Campingplatz in der N\u00e4he von Loctudy.\" \/>\n<meta name=\"robots\" content=\"index, follow, max-snippet:-1, max-image-preview:large, max-video-preview:-1\" \/>\n<link rel=\"canonical\" href=\"https:\/\/www.campinggrandeplage.com\/de\/campingplatz-loctudy\/\" \/>\n<meta property=\"og:locale\" content=\"de_DE\" \/>\n<meta property=\"og:type\" content=\"article\" \/>\n<meta property=\"og:title\" content=\"Camping Loctudy | Tourismus Loctudy | Urlaub in Loctudy - Bretagne\" \/>\n<meta property=\"og:description\" content=\"3-Sterne-Campingplatz in der N\u00e4he von Loctudy, der Campingplatz von Le Grande Plage empf\u00e4ngt Sie f\u00fcr Ihren Urlaub in der Vermietung von Wohnmobilen oder auf einem Campingplatz in der N\u00e4he von Loctudy.\" \/>\n<meta property=\"og:url\" content=\"https:\/\/www.campinggrandeplage.com\/de\/campingplatz-loctudy\/\" \/>\n<meta property=\"og:site_name\" content=\"Camping de la Grande plage\" \/>\n<meta property=\"article:modified_time\" content=\"2022-05-07T07:55:40+00:00\" \/>\n<meta property=\"og:image\" content=\"https:\/\/www.campinggrandeplage.com\/wp-content\/uploads\/2020\/09\/camping-loctudy.jpg\" \/>\n\t<meta property=\"og:image:width\" content=\"1903\" \/>\n\t<meta property=\"og:image:height\" content=\"650\" \/>\n\t<meta property=\"og:image:type\" content=\"image\/jpeg\" \/>\n<meta name=\"twitter:card\" content=\"summary_large_image\" \/>\n<script type=\"application\/ld+json\" class=\"yoast-schema-graph\">{\"@context\":\"https:\/\/schema.org\",\"@graph\":[{\"@type\":\"WebPage\",\"@id\":\"https:\/\/www.campinggrandeplage.com\/de\/campingplatz-loctudy\/\",\"url\":\"https:\/\/www.campinggrandeplage.com\/de\/campingplatz-loctudy\/\",\"name\":\"Camping Loctudy | Tourismus Loctudy | Urlaub in Loctudy - Bretagne\",\"isPartOf\":{\"@id\":\"https:\/\/www.campinggrandeplage.com\/de\/#website\"},\"primaryImageOfPage\":{\"@id\":\"https:\/\/www.campinggrandeplage.com\/de\/campingplatz-loctudy\/#primaryimage\"},\"image\":{\"@id\":\"https:\/\/www.campinggrandeplage.com\/de\/campingplatz-loctudy\/#primaryimage\"},\"thumbnailUrl\":\"https:\/\/www.campinggrandeplage.com\/wp-content\/uploads\/2020\/09\/camping-loctudy.jpg\",\"datePublished\":\"2020-08-11T09:18:30+00:00\",\"dateModified\":\"2022-05-07T07:55:40+00:00\",\"description\":\"3-Sterne-Campingplatz in der N\u00e4he von Loctudy, der Campingplatz von Le Grande Plage empf\u00e4ngt Sie f\u00fcr Ihren Urlaub in der Vermietung von Wohnmobilen oder auf einem Campingplatz in der N\u00e4he von Loctudy.\",\"breadcrumb\":{\"@id\":\"https:\/\/www.campinggrandeplage.com\/de\/campingplatz-loctudy\/#breadcrumb\"},\"inLanguage\":\"de\",\"potentialAction\":[{\"@type\":\"ReadAction\",\"target\":[\"https:\/\/www.campinggrandeplage.com\/de\/campingplatz-loctudy\/\"]}]},{\"@type\":\"ImageObject\",\"inLanguage\":\"de\",\"@id\":\"https:\/\/www.campinggrandeplage.com\/de\/campingplatz-loctudy\/#primaryimage\",\"url\":\"https:\/\/www.campinggrandeplage.com\/wp-content\/uploads\/2020\/09\/camping-loctudy.jpg\",\"contentUrl\":\"https:\/\/www.campinggrandeplage.com\/wp-content\/uploads\/2020\/09\/camping-loctudy.jpg\",\"width\":1903,\"height\":650,\"caption\":\"camping loctudy\"},{\"@type\":\"BreadcrumbList\",\"@id\":\"https:\/\/www.campinggrandeplage.com\/de\/campingplatz-loctudy\/#breadcrumb\",\"itemListElement\":[{\"@type\":\"ListItem\",\"position\":1,\"name\":\"Camping Lesconil\",\"item\":\"https:\/\/www.campinggrandeplage.com\/de\/\"},{\"@type\":\"ListItem\",\"position\":2,\"name\":\"Loctudy entdecken\"}]},{\"@type\":\"WebSite\",\"@id\":\"https:\/\/www.campinggrandeplage.com\/de\/#website\",\"url\":\"https:\/\/www.campinggrandeplage.com\/de\/\",\"name\":\"Camping de la Grande plage\",\"description\":\"\",\"potentialAction\":[{\"@type\":\"SearchAction\",\"target\":{\"@type\":\"EntryPoint\",\"urlTemplate\":\"https:\/\/www.campinggrandeplage.com\/de\/?s={search_term_string}\"},\"query-input\":{\"@type\":\"PropertyValueSpecification\",\"valueRequired\":true,\"valueName\":\"search_term_string\"}}],\"inLanguage\":\"de\"}]}<\/script>\n<!-- \/ Yoast SEO plugin. -->","yoast_head_json":{"title":"Camping Loctudy | Tourismus Loctudy | Urlaub in Loctudy - Bretagne","description":"3-Sterne-Campingplatz in der N\u00e4he von Loctudy, der Campingplatz von Le Grande Plage empf\u00e4ngt Sie f\u00fcr Ihren Urlaub in der Vermietung von Wohnmobilen oder auf einem Campingplatz in der N\u00e4he von Loctudy.","robots":{"index":"index","follow":"follow","max-snippet":"max-snippet:-1","max-image-preview":"max-image-preview:large","max-video-preview":"max-video-preview:-1"},"canonical":"https:\/\/www.campinggrandeplage.com\/de\/campingplatz-loctudy\/","og_locale":"de_DE","og_type":"article","og_title":"Camping Loctudy | Tourismus Loctudy | Urlaub in Loctudy - Bretagne","og_description":"3-Sterne-Campingplatz in der N\u00e4he von Loctudy, der Campingplatz von Le Grande Plage empf\u00e4ngt Sie f\u00fcr Ihren Urlaub in der Vermietung von Wohnmobilen oder auf einem Campingplatz in der N\u00e4he von Loctudy.","og_url":"https:\/\/www.campinggrandeplage.com\/de\/campingplatz-loctudy\/","og_site_name":"Camping de la Grande plage","article_modified_time":"2022-05-07T07:55:40+00:00","og_image":[{"width":1903,"height":650,"url":"https:\/\/www.campinggrandeplage.com\/wp-content\/uploads\/2020\/09\/camping-loctudy.jpg","type":"image\/jpeg"}],"twitter_card":"summary_large_image","schema":{"@context":"https:\/\/schema.org","@graph":[{"@type":"WebPage","@id":"https:\/\/www.campinggrandeplage.com\/de\/campingplatz-loctudy\/","url":"https:\/\/www.campinggrandeplage.com\/de\/campingplatz-loctudy\/","name":"Camping Loctudy | Tourismus Loctudy | Urlaub in Loctudy - Bretagne","isPartOf":{"@id":"https:\/\/www.campinggrandeplage.com\/de\/#website"},"primaryImageOfPage":{"@id":"https:\/\/www.campinggrandeplage.com\/de\/campingplatz-loctudy\/#primaryimage"},"image":{"@id":"https:\/\/www.campinggrandeplage.com\/de\/campingplatz-loctudy\/#primaryimage"},"thumbnailUrl":"https:\/\/www.campinggrandeplage.com\/wp-content\/uploads\/2020\/09\/camping-loctudy.jpg","datePublished":"2020-08-11T09:18:30+00:00","dateModified":"2022-05-07T07:55:40+00:00","description":"3-Sterne-Campingplatz in der N\u00e4he von Loctudy, der Campingplatz von Le Grande Plage empf\u00e4ngt Sie f\u00fcr Ihren Urlaub in der Vermietung von Wohnmobilen oder auf einem Campingplatz in der N\u00e4he von Loctudy.","breadcrumb":{"@id":"https:\/\/www.campinggrandeplage.com\/de\/campingplatz-loctudy\/#breadcrumb"},"inLanguage":"de","potentialAction":[{"@type":"ReadAction","target":["https:\/\/www.campinggrandeplage.com\/de\/campingplatz-loctudy\/"]}]},{"@type":"ImageObject","inLanguage":"de","@id":"https:\/\/www.campinggrandeplage.com\/de\/campingplatz-loctudy\/#primaryimage","url":"https:\/\/www.campinggrandeplage.com\/wp-content\/uploads\/2020\/09\/camping-loctudy.jpg","contentUrl":"https:\/\/www.campinggrandeplage.com\/wp-content\/uploads\/2020\/09\/camping-loctudy.jpg","width":1903,"height":650,"caption":"camping loctudy"},{"@type":"BreadcrumbList","@id":"https:\/\/www.campinggrandeplage.com\/de\/campingplatz-loctudy\/#breadcrumb","itemListElement":[{"@type":"ListItem","position":1,"name":"Camping Lesconil","item":"https:\/\/www.campinggrandeplage.com\/de\/"},{"@type":"ListItem","position":2,"name":"Loctudy entdecken"}]},{"@type":"WebSite","@id":"https:\/\/www.campinggrandeplage.com\/de\/#website","url":"https:\/\/www.campinggrandeplage.com\/de\/","name":"Camping de la Grande plage","description":"","potentialAction":[{"@type":"SearchAction","target":{"@type":"EntryPoint","urlTemplate":"https:\/\/www.campinggrandeplage.com\/de\/?s={search_term_string}"},"query-input":{"@type":"PropertyValueSpecification","valueRequired":true,"valueName":"search_term_string"}}],"inLanguage":"de"}]}},"_links":{"self":[{"href":"https:\/\/www.campinggrandeplage.com\/de\/wp-json\/wp\/v2\/pages\/1953"}],"collection":[{"href":"https:\/\/www.campinggrandeplage.com\/de\/wp-json\/wp\/v2\/pages"}],"about":[{"href":"https:\/\/www.campinggrandeplage.com\/de\/wp-json\/wp\/v2\/types\/page"}],"author":[{"embeddable":true,"href":"https:\/\/www.campinggrandeplage.com\/de\/wp-json\/wp\/v2\/users\/1"}],"replies":[{"embeddable":true,"href":"https:\/\/www.campinggrandeplage.com\/de\/wp-json\/wp\/v2\/comments?post=1953"}],"version-history":[{"count":12,"href":"https:\/\/www.campinggrandeplage.com\/de\/wp-json\/wp\/v2\/pages\/1953\/revisions"}],"predecessor-version":[{"id":2638,"href":"https:\/\/www.campinggrandeplage.com\/de\/wp-json\/wp\/v2\/pages\/1953\/revisions\/2638"}],"wp:featuredmedia":[{"embeddable":true,"href":"https:\/\/www.campinggrandeplage.com\/de\/wp-json\/wp\/v2\/media\/1043"}],"wp:attachment":[{"href":"https:\/\/www.campinggrandeplage.com\/de\/wp-json\/wp\/v2\/media?parent=1953"}],"curies":[{"name":"wp","href":"https:\/\/api.w.org\/{rel}","templated":true}]}}