{"id":1928,"date":"2020-08-11T11:17:40","date_gmt":"2020-08-11T09:17:40","guid":{"rendered":"https:\/\/www.campinggrandeplage.com\/camping-iles-glenan\/"},"modified":"2020-09-23T14:54:25","modified_gmt":"2020-09-23T12:54:25","slug":"camping-iles-glenan","status":"publish","type":"page","link":"https:\/\/www.campinggrandeplage.com\/de\/camping-iles-glenan\/","title":{"rendered":"A d\u00e9couvrir : Les glenans"},"content":{"rendered":"<section id=\"section-5f44d4e49e6de\"\" class=\"section bg-color1\" \/><div class=\"container extralarge\"><h1 class=\"element section-title center\">Campingplatz les Gl\u00e9nan<\/h1><\/div><\/section>\n\n<section id=\"section-5f44e1eb795e0\"\" class=\"section bg-white p-t-0 p-b-0\" \/><div class=\"container full\"><div class=\"colonnes-wrap valign-middle \"><div class=\"element colonne w-20 p-0\"><div class=\"element images scroll-x-mobile\"><div class=\"image\"><img decoding=\"async\" src=\"https:\/\/www.campinggrandeplage.com\/wp-content\/uploads\/2020\/08\/vacances-iles-de-glenan-100x98.jpg\" data-src=\"https:\/\/www.campinggrandeplage.com\/wp-content\/uploads\/2020\/08\/vacances-iles-de-glenan.jpg\" alt=\"urlaub glenan inseln\" class=\"images_image\" \/><\/div><\/div><div class=\"element images scroll-x-mobile\"><div class=\"image\"><img decoding=\"async\" src=\"https:\/\/www.campinggrandeplage.com\/wp-content\/uploads\/2020\/08\/vacances-glenan-100x98.jpg\" data-src=\"https:\/\/www.campinggrandeplage.com\/wp-content\/uploads\/2020\/08\/vacances-glenan.jpg\" alt=\"feiertag in glenan\" class=\"images_image\" \/><\/div><\/div><\/div><div class=\"element colonne w-60 p-x-6 p-y-4\"><h2 class=\"element section-title center\">Entdecken Sie die Glenan-Inseln<\/h2><div class=\"element bloc-text center \">\n\t<p>Die Gl\u00e9nan, eine <strong class=\"bold color1\">verzaubernde Inselgruppe<\/strong> vor S\u00fcdfinistere!<\/p>\n<p>T\u00fcrkisfarbenes und transparentes Wasser, weisser Sandstrand, willkommen in der bretonischen Karibik, die <strong class=\"bold color1\">das unvermeidliche Ziel des Finist\u00e8re<\/strong> !  <\/p>\n<p><strong class=\"bold color1\">Was f\u00fcr ein Wunder, dass dieser Gl\u00e9nan-Archipel !<\/strong  \n\nS\u00fcdlich von Fouesnant, im Finist\u00e8re gelegen, besteht sie aus <strong class=\"bold color1\">12 Hauptinseln<\/strong> (von denen 6 bewohnt sind) und vielen kleinen Inseln. Sein t\u00fcrkisfarbenes und transparentes Wasser verleiht ihm ein wenig lagunenartige Luft vom Ende der Welt. Und es ist nicht die makellose Wei\u00dfe des Sandes, die dieser paradiesischen Vision widerspricht. Die Gl\u00e9nan sind die <strong class=\"bold color1\">ideale Einstellung<\/strong> f\u00fcr Segelkreuzfahrten, Naturspazierg\u00e4nge und faule Nachmittage an den Str\u00e4nden. <\/p>\n<p>Entdecken Sie mit dem Naturf\u00fchrer <strong class=\"bold color1\">die Fauna<\/strong> und <strong class=\"bold color1\">die Flora<\/strong>, die von diesem Archipel erhalten geblieben sind. Er wird Sie in die <strong class=\"bold color1\">Reserve des Narcisses des Gl\u00e9nan<\/strong> f\u00fchren. Diese endemische Blume, einzigartig auf der Welt, bedeckt im April die Insel Saint-Nicolas. Machen Sie sich auf den Weg zum Segeln mit dem ber\u00fchmten nautischen Zentrum von Gl\u00e9nan. Dieses nautische Zentrum, das nach dem Krieg von zwei ehemaligen Widerstandsk\u00e4mpfern gegr\u00fcndet wurde, hat stark zur Demokratisierung der <strong class=\"bold color1\">Segelpraxis in Frankreich<\/strong> beigetragen.. <\/p>\n<p><strong class=\"bold color1\">Auf dem Weg zum Gl\u00e9nan :<\/strong><\/p>\n<ul>\n<li><strong class=\"bold color1\">Von Beg-Meil bis Fouesnant<\/strong> (in der Saison) oder von Concarneau, B\u00e9nodet, Port La For\u00eat, Loctudy.<\/li>\n<li>Eintrittskarten im Verkauf bei <strong class=\"bold color1\">Das Fremdenverkehrsb\u00fcro von Fouesnant-les Gl\u00e9nan<\/strong>.<\/li>\n<\/ul>\n<p><strong class=\"bold color1\">N\u00fctzliche Links :<\/strong><\/p>\n<ul>\n<li><a href=\"https:\/\/www.tourismus-fouesnant.de\/\" target=\"_blank\" rel=\"noopener\">Das Fremdenverkehrsamt von Fouesnant<\/li>\n<li><a href=\"https:\/\/www.vedettes-odet.com\/de\/\" target=\"_blank\" rel=\"noopener\">Die Sterne des Odet<\/a><\/li>\n<li><a href=\"https:\/\/www.vedettes-odet.com\/de\/categorie-produit\/glenan-inseln\/\">Die Glenn-Sterne<\/a><\/li>\n<\/ul>\n<\/div><\/div><div class=\"element colonne w-20 p-0\"><div class=\"element images scroll-x-mobile\"><div class=\"image\"><img decoding=\"async\" src=\"https:\/\/www.campinggrandeplage.com\/wp-content\/uploads\/2020\/08\/camping-iles-glenan-100x98.jpg\" data-src=\"https:\/\/www.campinggrandeplage.com\/wp-content\/uploads\/2020\/08\/camping-iles-glenan.jpg\" alt=\"Campingplatziles glenan\" class=\"images_image\" \/><\/div><\/div><div class=\"element images scroll-x-mobile\"><div class=\"image\"><img decoding=\"async\" src=\"https:\/\/www.campinggrandeplage.com\/wp-content\/uploads\/2020\/08\/tourisme-glenan-100x98.jpg\" data-src=\"https:\/\/www.campinggrandeplage.com\/wp-content\/uploads\/2020\/08\/tourisme-glenan.jpg\" alt=\"Tourismus in Glenan\" class=\"images_image\" \/><\/div><\/div><\/div><\/div><\/div><\/section>\n\n<section id=\"section-5f44e1eb79a55\"\" class=\"section bg-white p-t-0 p-b-0\" \/><div class=\"container full\"><div class=\"element images scroll-x-mobile\"><div class=\"image\"><img decoding=\"async\" src=\"https:\/\/www.campinggrandeplage.com\/wp-content\/uploads\/2020\/08\/vacances-aux-iles-glenan-100x74.jpg\" data-src=\"https:\/\/www.campinggrandeplage.com\/wp-content\/uploads\/2020\/08\/vacances-aux-iles-glenan.jpg\" alt=\"Urlaub auf der Insel Glenan\" class=\"images_image\" \/><\/div><div class=\"image\"><img decoding=\"async\" src=\"https:\/\/www.campinggrandeplage.com\/wp-content\/uploads\/2020\/08\/patrimoine-iles-glenan-100x74.jpg\" data-src=\"https:\/\/www.campinggrandeplage.com\/wp-content\/uploads\/2020\/08\/patrimoine-iles-glenan.jpg\" alt=\"Erbe von Glenan Island\" class=\"images_image\" \/><\/div><div class=\"image\"><img decoding=\"async\" src=\"https:\/\/www.campinggrandeplage.com\/wp-content\/uploads\/2020\/08\/faune-iles-glenan-100x74.jpg\" data-src=\"https:\/\/www.campinggrandeplage.com\/wp-content\/uploads\/2020\/08\/faune-iles-glenan.jpg\" alt=\"Wildtiere Glenan-Inseln\" class=\"images_image\" \/><\/div><div class=\"image\"><img decoding=\"async\" src=\"https:\/\/www.campinggrandeplage.com\/wp-content\/uploads\/2020\/08\/bateaux-iles-glenan-100x74.jpg\" data-src=\"https:\/\/www.campinggrandeplage.com\/wp-content\/uploads\/2020\/08\/bateaux-iles-glenan.jpg\" alt=\"boote glenan inseln\" class=\"images_image\" \/><\/div><\/div><\/div><\/section>\n\n<section id=\"section-5f44e1eb79f1b\"\" class=\"section bg-color1 p-t-0 p-b-0\" \/><div class=\"container full\"><div class=\"colonnes-wrap valign-middle \"><div class=\"element colonne p-0\"><div class=\"element images scroll-x-mobile\"><div class=\"image\"><img decoding=\"async\" src=\"https:\/\/www.campinggrandeplage.com\/wp-content\/uploads\/2020\/08\/location-bateau-glenan-100x68.jpeg\" data-src=\"https:\/\/www.campinggrandeplage.com\/wp-content\/uploads\/2020\/08\/location-bateau-glenan.jpeg\" alt=\"bootsvermietung glenan\" class=\"images_image\" \/><\/div><\/div><\/div><div class=\"element colonne p-x-8 p-y-10\"><h2 class=\"element section-title justify\">Erreichen des Gl\u00e9nan vom Campingplatz aus<\/h2><div class=\"element bloc-text justify \">\n\t<p>W\u00e4hrend der ganzen Saison k\u00f6nnen Sie sich auf den Weg machen, um unser bretonisches Paradies zu entdecken: den Archipel von Gl\u00e9nan!<\/p>\n<p><strong class=\"fett color4\">Die Gl\u00e9nan-Inseln<\/strong> vor der K\u00fcste von Concarneau und Fouesnant liegen etwa 15 km von der K\u00fcste entfernt. Um zur <strong class=\"bold color4\">Insel Saint-Nicolas<\/strong>, der Hauptinsel, zu gelangen, m\u00fcssen Sie ein Boot nehmen. Wenn Sie im Besitz eines Bootsf\u00fchrerscheins sind, k\u00f6nnen Sie w\u00e4hlen, ob Sie bei den verschiedenen Unternehmen im Gebiet mieten m\u00f6chten: Ocean Serenity oder Archipel Services. <\/p>\n<p>Sie k\u00f6nnen auch zu <strong class=\"fett color4\">die Inselgruppe Gl\u00e9nan<\/strong> mit mehreren Gesellschaften gehen, die die \u00dcberfahrt zur Insel Saint-Nicolas machen: Vedettes de l&#8217;Odet, Gl\u00e9nan D\u00e9couverte, Croisi\u00e8res Bleues&#8230;<\/p>\n<p><strong class=\"bold color4\">Tipp<\/strong> : Buchen Sie Ihre Kreuzfahrt zum Gl\u00e9nan so bald wie m\u00f6glich (online), da der Ausflug w\u00e4hrend der Sommersaison sehr beliebt ist. Wir empfehlen Ihnen, mindestens 48 Stunden im Voraus zu buchen. <\/p>\n<\/div><\/div><\/div><\/div><\/section>\n\n<section id=\"section-5f44da0915872\"\" class=\"section bg-white p-t-0 p-b-0\" \/><div class=\"container full\"><div class=\"colonnes-wrap valign-middle \"><div class=\"element colonne p-x-8 p-y-10\"><h2 class=\"element section-title left\">Unser Campingplatz ist ideal gelegen f\u00fcr den Besuch des Gl\u00e9nan<\/h2><div class=\"element bloc-text justify \">\n\t<p>Der <a href=\"\/de\/\">Blumencampingplatz La Grande Plage<\/a> ist ideal gelegen, um das s\u00fcdliche Finist\u00e8re zu besuchen. Sie k\u00f6nnen die Abfahrtsorte leicht erreichen, um <strong class=\"bold color1\">die Gl\u00e9nan<\/strong> zu besuchen. <\/p>\n<p>Wenn Sie sich daf\u00fcr entscheiden, mit den Unternehmen des Territoriums dorthin zu fahren, m\u00fcssen Sie nach Beg-Meil, Concarneau, B\u00e9nodet, Port La For\u00eat oder Loctudy fahren.<\/p>\n<p><strong class=\"bold color1\">Nehmen Sie das t\u00fcrkisfarbene Wasser !<\/strong>   <\/p>\n<\/div><\/div><div class=\"element colonne p-0\"><div class=\"carte\" data-src=\"https:\/\/www.google.com\/maps\/embed?pb=!1m28!1m12!1m3!1d171663.30215063607!2d-4.139060191874053!3d47.757416519442685!2m3!1f0!2f0!3f0!3m2!1i1024!2i768!4f13.1!4m13!3e6!4m5!1s0x4817317dbee0a873%3A0xc75cba1f6fdbd5b!2sFlower%20Camping%20La%20Grande%20Plage%2C%2071%20Rue%20Paul%20Langevin%2C%2029740%20Plobannalec-Lesconil!3m2!1d47.7981604!2d-4.229710799999999!4m5!1s0x4810c84a137df857%3A0x454ccf82b295b5f6!2zw45sZXMgZGUgR2zDqW5hbg!3m2!1d47.7153304!2d-3.9866081999999996!5e0!3m2!1sfr!2sfr!4v1598351084720!5m2!1sfr!2sfr\"><\/div><\/div><\/div><\/div><\/section>\n\n<section id=\"section-5f44da4428ab4\"\" class=\"section bg-white p-t-0 p-b-0\" \/><div class=\"container full\"><div class=\"colonnes-wrap valign-middle \"><div class=\"element colonne w-20 p-0\"><div class=\"element images scroll-x-mobile\"><div class=\"image\"><img decoding=\"async\" src=\"https:\/\/www.campinggrandeplage.com\/wp-content\/uploads\/2020\/08\/voile-iles-glenan-100x98.jpg\" data-src=\"https:\/\/www.campinggrandeplage.com\/wp-content\/uploads\/2020\/08\/voile-iles-glenan.jpg\" alt=\"glenan island segeln\" class=\"images_image\" \/><\/div><\/div><div class=\"element images scroll-x-mobile\"><div class=\"image\"><img decoding=\"async\" src=\"https:\/\/www.campinggrandeplage.com\/wp-content\/uploads\/2020\/08\/archipel-des-glenans-100x98.jpg\" data-src=\"https:\/\/www.campinggrandeplage.com\/wp-content\/uploads\/2020\/08\/archipel-des-glenans.jpg\" alt=\"Archipel von Glenan\" class=\"images_image\" \/><\/div><\/div><\/div><div class=\"element colonne w-60 p-x-6 p-y-4\"><h2 class=\"element section-title center\">Top 5 Aktivit\u00e4ten in Gl\u00e9nan<\/h2><div class=\"element bloc-text center \">\n\t<p>Einmal in Gl\u00e9nan angekommen, k\u00f6nnen Sie w\u00e4hlen, <strong class=\"bold color1\">in dem t\u00fcrkisfarbenen Wasser<\/strong> zu baden, aber auch, den Archipel durch die wenigen <strong class=\"bold color1\">Wassersportarten<\/strong> oder <strong class=\"bold color1\">die Fauna und Flora<\/strong> zu entdecken.<\/p>\n<ul>\n<li><strong class=\"bold color1\">Kreuzfahrt im Archipel<\/strong> : Wenn Sie die Gl\u00e9nan-Inseln in ihrer Gesamtheit entdecken m\u00f6chten, sollten Sie als erstes eine Kreuzfahrt buchen, die Sie rund um den Archipel f\u00fchrt, um den verschiedenen kleinen paradiesischen Inselchen so nahe wie m\u00f6glich zu kommen. Einige der Inseln sind v\u00f6llig jungfr\u00e4ulich, andere beherbergen ein altes Semaphor.<\/li>\n<li><strong class=\"bold color1\">Tour um die St. Nikolausinsel<\/strong> : Wenn Sie auf dieser sch\u00f6nen Insel ankommen, nehmen Sie sich die Zeit, den Weg zu gehen und die wei\u00dfen Sandd\u00fcnen, die Vegetation und die sch\u00f6nen Str\u00e4nde mit t\u00fcrkisfarbenem Wasser zu entdecken.<br \/>\n<strong class=\"bold color1\">Ein nicht zu verpassender Punkt<\/strong> : Bei Ebbe kann die Sandbank, die die Insel Saint-Nicolas mit der Insel Bananec verbindet, entdeckt werden, und man kann sie zu Fu\u00df erreichen. <\/li>\n<li><strong class=\"bold color1\">Mach die Augen weit auf und schau den Narzissen zu&#8230;<\/strong> : Die Insel St. Nikolaus beherbergt eine einzigartige Blume: die Gl\u00e9nan-Narzisse. Diese Art bl\u00fcht im April und produziert sch\u00f6ne wei\u00dfe Bl\u00fcten. Wenn Sie den Gl\u00e9nan zu dieser Jahreszeit besuchen, werden Sie sehen, dass diese Blumen die D\u00fcnen der Insel bedecken. <\/li>\n<li><strong class=\"bold color1\">Wie w\u00e4re es mit einer Kajak-Sitzung? <\/strong> : Wenn Sie die Insel n\u00e4her kennen lernen m\u00f6chten, k\u00f6nnen Sie ein Kajak mieten! Perfekt, um die Menschenmassen zu meiden (weil es in der Hochsaison sehr touristisch ist) und sich an Orten zu isolieren, die zu Fu\u00df nicht erreichbar sind.<br \/>\n<strong class=\"bold color1\">Orte, die man nicht verpassen sollte<\/strong> : Genie\u00dfen Sie die Ruhe an kleinen Str\u00e4nden wie Dr\u00e9nnec, Guiriden oder Le Loch.<\/li>\n<li><strong class=\"bold color1\">Hinweis f\u00fcr Wassersport-Enthusiasten <\/strong> : Auf den Inseln finden Sie die erste Segelschule Europas, die 1947 gegr\u00fcndet wurde. Sie organisiert Segelkurse in Segeln, Katamaran, Jolle, Windsurfen oder Kitesurfen. Wenn Sie tauchbegeistert sind, bietet das Internationale Tauchzentrum des Gl\u00e9nan Einf\u00fchrungskurse und Tauchlehrerausbildung an.<\/li>\n<\/ul>\n<\/div><\/div><div class=\"element colonne w-20 p-0\"><div class=\"element images scroll-x-mobile\"><div class=\"image\"><img decoding=\"async\" src=\"https:\/\/www.campinggrandeplage.com\/wp-content\/uploads\/2020\/08\/flore-iles-glenan-100x98.jpg\" data-src=\"https:\/\/www.campinggrandeplage.com\/wp-content\/uploads\/2020\/08\/flore-iles-glenan.jpg\" alt=\"flora glenan inseln\" class=\"images_image\" \/><\/div><\/div><div class=\"element images scroll-x-mobile\"><div class=\"image\"><img decoding=\"async\" src=\"https:\/\/www.campinggrandeplage.com\/wp-content\/uploads\/2020\/08\/stage-voile-iles-glenan-100x98.jpg\" data-src=\"https:\/\/www.campinggrandeplage.com\/wp-content\/uploads\/2020\/08\/stage-voile-iles-glenan.jpg\" alt=\"segelkurs glenan-inseln\" class=\"images_image\" \/><\/div><\/div><\/div><\/div><\/div><\/section>\n\n<section id=\"section-5f44e1eb7b004\"\" class=\"section bg-color3\" \/><div class=\"container extralarge\"><div class=\"element section-title center titre-cta\">Entdecken Sie die Umgebung des Gl\u00e9nan<\/div><ul class=\"liste-de-page scroll-x-mobile\"><li class=\"element call-to-action center titre-cta call-to-action--style-1 call-to-action--normal\"><a href=\"https:\/\/www.campinggrandeplage.com\/de\/camping-benodet\/\"  class=\"call-to-action_link\" title=\"Erfahren Sie mehr \u00fcber benodet\"><div class=\"call-to-action_image\"><img decoding=\"async\" src=\"https:\/\/www.campinggrandeplage.com\/wp-content\/uploads\/2020\/08\/camping-benodet-100x55.jpg\" data-src=\"https:\/\/www.campinggrandeplage.com\/wp-content\/uploads\/2020\/08\/camping-benodet.jpg\" alt=\"camping benodet\" class=\"normal\" \/><\/div><div class=\"call-to-action_contenu\"><div class=\"call-to-action_titre\">Benodet<\/div><\/div><\/a><\/li><li class=\"element call-to-action center titre-cta call-to-action--style-1 call-to-action--normal call-to-action--style-1 call-to-action--normal\"><a href=\"https:\/\/www.campinggrandeplage.com\/de\/camping-pointe-de-la-torche\/\"  class=\"call-to-action_link\" title=\"Erfahren Sie mehr \u00fcber la torche\"><div class=\"call-to-action_image\"><img decoding=\"async\" src=\"https:\/\/www.campinggrandeplage.com\/wp-content\/uploads\/2020\/08\/camping-la-torche-100x55.jpg\" data-src=\"https:\/\/www.campinggrandeplage.com\/wp-content\/uploads\/2020\/08\/camping-la-torche.jpg\" alt=\"camping la torche\" class=\"normal\" \/><\/div><div class=\"call-to-action_contenu\"><div class=\"call-to-action_titre\">La Torche<\/div><\/div><\/a><\/li><li class=\"element call-to-action center titre-cta call-to-action--style-1 call-to-action--normal call-to-action--style-1 call-to-action--normal call-to-action--style-1 call-to-action--normal\"><a href=\"https:\/\/www.campinggrandeplage.com\/de\/camping-pointe-du-raz\/\"  class=\"call-to-action_link\" title=\"Erfahren Sie mehr \u00fcber pointe du raz\"><div class=\"call-to-action_image\"><img decoding=\"async\" src=\"https:\/\/www.campinggrandeplage.com\/wp-content\/uploads\/2020\/09\/mobil-home-pointe-du-raz-100x98.jpg\" data-src=\"https:\/\/www.campinggrandeplage.com\/wp-content\/uploads\/2020\/09\/mobil-home-pointe-du-raz.jpg\" alt=\"mobil-home pointe du raz\" class=\"normal\" \/><\/div><div class=\"call-to-action_contenu\"><div class=\"call-to-action_titre\">Pointe du Raz<\/div><\/div><\/a><\/li><\/ul><\/div><\/section>","protected":false},"excerpt":{"rendered":"","protected":false},"author":1,"featured_media":593,"parent":0,"menu_order":0,"comment_status":"closed","ping_status":"closed","template":"","meta":{"_acf_changed":false,"footnotes":""},"class_list":["post-1928","page","type-page","status-publish","has-post-thumbnail","hentry"],"acf":[],"yoast_head":"<!-- This site is optimized with the Yoast SEO plugin v25.3 - https:\/\/yoast.com\/wordpress\/plugins\/seo\/ -->\n<title>Campingplatz Gl\u00e9nan Inseln | Gl\u00e9nan Inseln | Gl\u00e9nan Archipel - Bretagne<\/title>\n<meta name=\"description\" content=\"Entdecken Sie den verzauberten Archipel von Gl\u00e9nan in der N\u00e4he des Campingplatzes de la Grande Plage.\" \/>\n<meta name=\"robots\" content=\"index, follow, max-snippet:-1, max-image-preview:large, max-video-preview:-1\" \/>\n<link rel=\"canonical\" href=\"https:\/\/www.campinggrandeplage.com\/de\/camping-iles-glenan\/\" \/>\n<meta property=\"og:locale\" content=\"de_DE\" \/>\n<meta property=\"og:type\" content=\"article\" \/>\n<meta property=\"og:title\" content=\"Campingplatz Gl\u00e9nan Inseln | Gl\u00e9nan Inseln | Gl\u00e9nan Archipel - Bretagne\" \/>\n<meta property=\"og:description\" content=\"Entdecken Sie den verzauberten Archipel von Gl\u00e9nan in der N\u00e4he des Campingplatzes de la Grande Plage.\" \/>\n<meta property=\"og:url\" content=\"https:\/\/www.campinggrandeplage.com\/de\/camping-iles-glenan\/\" \/>\n<meta property=\"og:site_name\" content=\"Camping de la Grande plage\" \/>\n<meta property=\"article:modified_time\" content=\"2020-09-23T12:54:25+00:00\" \/>\n<meta property=\"og:image\" content=\"https:\/\/www.campinggrandeplage.com\/wp-content\/uploads\/2020\/08\/camping-archipel-glenan.jpg\" \/>\n\t<meta property=\"og:image:width\" content=\"1903\" \/>\n\t<meta property=\"og:image:height\" content=\"650\" \/>\n\t<meta property=\"og:image:type\" content=\"image\/jpeg\" \/>\n<meta name=\"twitter:card\" content=\"summary_large_image\" \/>\n<script type=\"application\/ld+json\" class=\"yoast-schema-graph\">{\"@context\":\"https:\/\/schema.org\",\"@graph\":[{\"@type\":\"WebPage\",\"@id\":\"https:\/\/www.campinggrandeplage.com\/de\/camping-iles-glenan\/\",\"url\":\"https:\/\/www.campinggrandeplage.com\/de\/camping-iles-glenan\/\",\"name\":\"Campingplatz Gl\u00e9nan Inseln | Gl\u00e9nan Inseln | Gl\u00e9nan Archipel - Bretagne\",\"isPartOf\":{\"@id\":\"https:\/\/www.campinggrandeplage.com\/de\/#website\"},\"primaryImageOfPage\":{\"@id\":\"https:\/\/www.campinggrandeplage.com\/de\/camping-iles-glenan\/#primaryimage\"},\"image\":{\"@id\":\"https:\/\/www.campinggrandeplage.com\/de\/camping-iles-glenan\/#primaryimage\"},\"thumbnailUrl\":\"https:\/\/www.campinggrandeplage.com\/wp-content\/uploads\/2020\/08\/camping-archipel-glenan.jpg\",\"datePublished\":\"2020-08-11T09:17:40+00:00\",\"dateModified\":\"2020-09-23T12:54:25+00:00\",\"description\":\"Entdecken Sie den verzauberten Archipel von Gl\u00e9nan in der N\u00e4he des Campingplatzes de la Grande Plage.\",\"breadcrumb\":{\"@id\":\"https:\/\/www.campinggrandeplage.com\/de\/camping-iles-glenan\/#breadcrumb\"},\"inLanguage\":\"de\",\"potentialAction\":[{\"@type\":\"ReadAction\",\"target\":[\"https:\/\/www.campinggrandeplage.com\/de\/camping-iles-glenan\/\"]}]},{\"@type\":\"ImageObject\",\"inLanguage\":\"de\",\"@id\":\"https:\/\/www.campinggrandeplage.com\/de\/camping-iles-glenan\/#primaryimage\",\"url\":\"https:\/\/www.campinggrandeplage.com\/wp-content\/uploads\/2020\/08\/camping-archipel-glenan.jpg\",\"contentUrl\":\"https:\/\/www.campinggrandeplage.com\/wp-content\/uploads\/2020\/08\/camping-archipel-glenan.jpg\",\"width\":1903,\"height\":650,\"caption\":\"camping archipel glenan\"},{\"@type\":\"BreadcrumbList\",\"@id\":\"https:\/\/www.campinggrandeplage.com\/de\/camping-iles-glenan\/#breadcrumb\",\"itemListElement\":[{\"@type\":\"ListItem\",\"position\":1,\"name\":\"Camping Lesconil\",\"item\":\"https:\/\/www.campinggrandeplage.com\/de\/\"},{\"@type\":\"ListItem\",\"position\":2,\"name\":\"Entdecken Sie die Glenan-Inseln\"}]},{\"@type\":\"WebSite\",\"@id\":\"https:\/\/www.campinggrandeplage.com\/de\/#website\",\"url\":\"https:\/\/www.campinggrandeplage.com\/de\/\",\"name\":\"Camping de la Grande plage\",\"description\":\"\",\"potentialAction\":[{\"@type\":\"SearchAction\",\"target\":{\"@type\":\"EntryPoint\",\"urlTemplate\":\"https:\/\/www.campinggrandeplage.com\/de\/?s={search_term_string}\"},\"query-input\":{\"@type\":\"PropertyValueSpecification\",\"valueRequired\":true,\"valueName\":\"search_term_string\"}}],\"inLanguage\":\"de\"}]}<\/script>\n<!-- \/ Yoast SEO plugin. -->","yoast_head_json":{"title":"Campingplatz Gl\u00e9nan Inseln | Gl\u00e9nan Inseln | Gl\u00e9nan Archipel - Bretagne","description":"Entdecken Sie den verzauberten Archipel von Gl\u00e9nan in der N\u00e4he des Campingplatzes de la Grande Plage.","robots":{"index":"index","follow":"follow","max-snippet":"max-snippet:-1","max-image-preview":"max-image-preview:large","max-video-preview":"max-video-preview:-1"},"canonical":"https:\/\/www.campinggrandeplage.com\/de\/camping-iles-glenan\/","og_locale":"de_DE","og_type":"article","og_title":"Campingplatz Gl\u00e9nan Inseln | Gl\u00e9nan Inseln | Gl\u00e9nan Archipel - Bretagne","og_description":"Entdecken Sie den verzauberten Archipel von Gl\u00e9nan in der N\u00e4he des Campingplatzes de la Grande Plage.","og_url":"https:\/\/www.campinggrandeplage.com\/de\/camping-iles-glenan\/","og_site_name":"Camping de la Grande plage","article_modified_time":"2020-09-23T12:54:25+00:00","og_image":[{"width":1903,"height":650,"url":"https:\/\/www.campinggrandeplage.com\/wp-content\/uploads\/2020\/08\/camping-archipel-glenan.jpg","type":"image\/jpeg"}],"twitter_card":"summary_large_image","schema":{"@context":"https:\/\/schema.org","@graph":[{"@type":"WebPage","@id":"https:\/\/www.campinggrandeplage.com\/de\/camping-iles-glenan\/","url":"https:\/\/www.campinggrandeplage.com\/de\/camping-iles-glenan\/","name":"Campingplatz Gl\u00e9nan Inseln | Gl\u00e9nan Inseln | Gl\u00e9nan Archipel - Bretagne","isPartOf":{"@id":"https:\/\/www.campinggrandeplage.com\/de\/#website"},"primaryImageOfPage":{"@id":"https:\/\/www.campinggrandeplage.com\/de\/camping-iles-glenan\/#primaryimage"},"image":{"@id":"https:\/\/www.campinggrandeplage.com\/de\/camping-iles-glenan\/#primaryimage"},"thumbnailUrl":"https:\/\/www.campinggrandeplage.com\/wp-content\/uploads\/2020\/08\/camping-archipel-glenan.jpg","datePublished":"2020-08-11T09:17:40+00:00","dateModified":"2020-09-23T12:54:25+00:00","description":"Entdecken Sie den verzauberten Archipel von Gl\u00e9nan in der N\u00e4he des Campingplatzes de la Grande Plage.","breadcrumb":{"@id":"https:\/\/www.campinggrandeplage.com\/de\/camping-iles-glenan\/#breadcrumb"},"inLanguage":"de","potentialAction":[{"@type":"ReadAction","target":["https:\/\/www.campinggrandeplage.com\/de\/camping-iles-glenan\/"]}]},{"@type":"ImageObject","inLanguage":"de","@id":"https:\/\/www.campinggrandeplage.com\/de\/camping-iles-glenan\/#primaryimage","url":"https:\/\/www.campinggrandeplage.com\/wp-content\/uploads\/2020\/08\/camping-archipel-glenan.jpg","contentUrl":"https:\/\/www.campinggrandeplage.com\/wp-content\/uploads\/2020\/08\/camping-archipel-glenan.jpg","width":1903,"height":650,"caption":"camping archipel glenan"},{"@type":"BreadcrumbList","@id":"https:\/\/www.campinggrandeplage.com\/de\/camping-iles-glenan\/#breadcrumb","itemListElement":[{"@type":"ListItem","position":1,"name":"Camping Lesconil","item":"https:\/\/www.campinggrandeplage.com\/de\/"},{"@type":"ListItem","position":2,"name":"Entdecken Sie die Glenan-Inseln"}]},{"@type":"WebSite","@id":"https:\/\/www.campinggrandeplage.com\/de\/#website","url":"https:\/\/www.campinggrandeplage.com\/de\/","name":"Camping de la Grande plage","description":"","potentialAction":[{"@type":"SearchAction","target":{"@type":"EntryPoint","urlTemplate":"https:\/\/www.campinggrandeplage.com\/de\/?s={search_term_string}"},"query-input":{"@type":"PropertyValueSpecification","valueRequired":true,"valueName":"search_term_string"}}],"inLanguage":"de"}]}},"_links":{"self":[{"href":"https:\/\/www.campinggrandeplage.com\/de\/wp-json\/wp\/v2\/pages\/1928"}],"collection":[{"href":"https:\/\/www.campinggrandeplage.com\/de\/wp-json\/wp\/v2\/pages"}],"about":[{"href":"https:\/\/www.campinggrandeplage.com\/de\/wp-json\/wp\/v2\/types\/page"}],"author":[{"embeddable":true,"href":"https:\/\/www.campinggrandeplage.com\/de\/wp-json\/wp\/v2\/users\/1"}],"replies":[{"embeddable":true,"href":"https:\/\/www.campinggrandeplage.com\/de\/wp-json\/wp\/v2\/comments?post=1928"}],"version-history":[{"count":10,"href":"https:\/\/www.campinggrandeplage.com\/de\/wp-json\/wp\/v2\/pages\/1928\/revisions"}],"predecessor-version":[{"id":2034,"href":"https:\/\/www.campinggrandeplage.com\/de\/wp-json\/wp\/v2\/pages\/1928\/revisions\/2034"}],"wp:featuredmedia":[{"embeddable":true,"href":"https:\/\/www.campinggrandeplage.com\/de\/wp-json\/wp\/v2\/media\/593"}],"wp:attachment":[{"href":"https:\/\/www.campinggrandeplage.com\/de\/wp-json\/wp\/v2\/media?parent=1928"}],"curies":[{"name":"wp","href":"https:\/\/api.w.org\/{rel}","templated":true}]}}