{"id":1854,"date":"2020-08-11T11:16:00","date_gmt":"2020-08-11T09:16:00","guid":{"rendered":"https:\/\/www.campinggrandeplage.com\/location-bungalow-bretagne\/"},"modified":"2020-09-24T11:40:01","modified_gmt":"2020-09-24T09:40:01","slug":"bungalowvermietung-bretagne","status":"publish","type":"page","link":"https:\/\/www.campinggrandeplage.com\/de\/bungalowvermietung-bretagne\/","title":{"rendered":"H\u00e9bergements : Bungalows"},"content":{"rendered":"<section id=\"section-5f44d4e49e6de\"\" class=\"section bg-color1\" \/><div class=\"container extralarge\"><h1 class=\"element section-title center\">Bungalowvermietung Bretagne<\/h1><\/div><\/section>\n\n<section id=\"section-5f44e1eb795e0\"\" class=\"section bg-white p-t-0 p-b-0\" \/><div class=\"container full\"><div class=\"colonnes-wrap valign-middle \"><div class=\"element colonne w-20 p-0\"><div class=\"element images scroll-x-mobile\"><div class=\"image\"><img decoding=\"async\" src=\"https:\/\/www.campinggrandeplage.com\/wp-content\/uploads\/2020\/09\/bungalow-toile-interieur-100x98.jpg\" data-src=\"https:\/\/www.campinggrandeplage.com\/wp-content\/uploads\/2020\/09\/bungalow-toile-interieur.jpg\" alt=\"bungalow toil\u00e9 int\u00e9rieur\" class=\"images_image\" \/><\/div><\/div><div class=\"element images scroll-x-mobile\"><div class=\"image\"><img decoding=\"async\" src=\"https:\/\/www.campinggrandeplage.com\/wp-content\/uploads\/2020\/09\/bungalow-toile-devant-100x98.jpg\" data-src=\"https:\/\/www.campinggrandeplage.com\/wp-content\/uploads\/2020\/09\/bungalow-toile-devant.jpg\" alt=\"bungalow toil\u00e9 devant\" class=\"images_image\" \/><\/div><\/div><\/div><div class=\"element colonne w-60 p-x-6 p-y-4\"><h2 class=\"element section-title center\">Segeltuch-Bungalow mieten Bretagne<\/h2><div class=\"element bloc-text center \">\n\t<p><strong class=\"bold color1\">Ein einzigartiges Erlebnis in einem Leinwandbungalow <\/strong> : <\/p>\n<p>Was, wenn Sie ein wenig Trost finden, w\u00e4hrend Sie im Camping-Geist bleiben? Das bietet Ihnen das <a href=\"\/de\/\">Camping La Grande Plage<\/a> f\u00fcr Ihren <strong class=\"bold color1\">Urlaub in der Bretagne<\/strong>. <\/p>\n<p>Entdecken Sie unseren 25 m2 gro\u00dfen Bungalow aus Segeltuch, der f\u00fcr 5 Personen ausgestattet ist, perfekt, um eine Familie oder eine Gruppe von Freunden zu empfangen. Tapetenwechsel garantiert!<\/p>\n<p>In einem Zeltbungalow zu \u00fcbernachten ist Camping, ohne dass Sie sich um Ihre eigene Ausr\u00fcstung oder Ihr eigenes Zelt k\u00fcmmern m\u00fcssen. Alles ist so geplant, dass Sie an nichts denken m\u00fcssen (au\u00dfer an Ihren Urlaub nat\u00fcrlich). <strong class=\"bold color1\">Kommen Sie und verbringen Sie einen sch\u00f6nen Urlaub im s\u00fcdlichen Finist\u00e8re<\/strong>, in einem Bungalow aus Leinwand, mit Wohnzimmer, Schlafzimmern und Holzterrasse. <\/p>\n<p><strong class=\"bold color1\">Ungew\u00f6hnliche Anpassung<\/strong> : <\/p>\n<p>Ob Erwachsene oder Kinder, alle werden von dieser Art der ungew\u00f6hnlichen Unterbringung erobert werden. Der Bungalow aus Zelttuch, das ist Campinggeist und Komfort zugleich! <\/p>\n<p>Sie dachten, dass Sie ein gl\u00fchender Verehrer der Vermietung von Wohnmobilen sind? Das liegt daran, dass Sie von dem Leinwandbungalow noch nichts wussten! <\/p>\n<p>Wir versprechen Ihnen, dass Sie schnell dem Charme dieses Leinwandbungalows verfallen werden ! <\/p>\n<\/div><\/div><div class=\"element colonne w-20 p-0\"><div class=\"element images scroll-x-mobile\"><div class=\"image\"><img decoding=\"async\" src=\"https:\/\/www.campinggrandeplage.com\/wp-content\/uploads\/2020\/09\/interieur-bungalow-100x98.jpg\" data-src=\"https:\/\/www.campinggrandeplage.com\/wp-content\/uploads\/2020\/09\/interieur-bungalow-e1706888779795.jpg\" alt=\"int\u00e9rieur bungalow\" class=\"images_image\" \/><\/div><\/div><div class=\"element images scroll-x-mobile\"><div class=\"image\"><img decoding=\"async\" src=\"https:\/\/www.campinggrandeplage.com\/wp-content\/uploads\/2020\/09\/sanitaire-camping-100x98.jpg\" data-src=\"https:\/\/www.campinggrandeplage.com\/wp-content\/uploads\/2020\/09\/sanitaire-camping.jpg\" alt=\"sanitaire camping\" class=\"images_image\" \/><\/div><\/div><\/div><\/div><\/div><\/section>\n\n<section id=\"section-5f44e1eb79a55\"\" class=\"section bg-white\" \/><div class=\"container extralarge\"><ul class=\"liste-de-page hebergements\"><div class=\"row\"><li class=\"hebergement hebergement--init hebergement--style-1  anzahl-der-rume-2 zahl-der-personen-4 bereich-22\"><div class=\"hebergement_image\"><img decoding=\"async\" src=\"https:\/\/www.campinggrandeplage.com\/wp-content\/uploads\/2020\/09\/location-free-flower-lesconil.jpg\" data-src=\"https:\/\/www.campinggrandeplage.com\/wp-content\/uploads\/2020\/09\/location-free-flower-lesconil.jpg\" alt=\"location free flower lesconil\" class=\"\" \/><div class=\"hebergement_links\"><div class=\"hebergement_link\" id=\"91037\">Info &#038; Verf\u00fcgbarkeit<\/div><div class=\"hebergement_link--photos\" id=\"1758\" data-images=\"https:\/\/www.campinggrandeplage.com\/wp-content\/uploads\/2020\/09\/interieur-free-flower-lesconil.jpg\">Weitere Bilder anzeigen<\/div><\/div><\/div><div class=\"hebergement_content\"><div class=\"hebergement-attributs\"><span class=\"attribut anzahl-der-rume\">2 Zimmer<\/span><span class=\"attribut zahl-der-personen\">4 Menschen<\/span><span class=\"attribut bereich\">22m\u00b2<\/span><\/div><div class=\"hebergement_image--small\"><img decoding=\"async\" src=\"https:\/\/www.campinggrandeplage.com\/wp-content\/uploads\/2020\/09\/interieur-free-flower-lesconil-100x55.jpg\" data-src=\"https:\/\/www.campinggrandeplage.com\/wp-content\/uploads\/2020\/09\/interieur-free-flower-lesconil.jpg\" alt=\"int\u00e9rieur free flower lesconil\" class=\"\" \/><\/div><\/div><div class=\"hebergement_titre hebergement_titre section-title decoration\"><div>FreeFlower COMFORT 22m\u00b2<\/div><\/div><\/li><\/div><\/ul><\/div><\/section>\n\n<section id=\"section-5f44e1eb79f1b\"\" class=\"section bg-color1 p-t-0 p-b-0\" \/><div class=\"container full\"><div class=\"colonnes-wrap valign-middle \"><div class=\"element colonne p-0\"><div class=\"element images scroll-x-mobile\"><div class=\"image\"><img decoding=\"async\" src=\"https:\/\/www.campinggrandeplage.com\/wp-content\/uploads\/2020\/09\/bungalow-toile-exterieur-100x74.jpg\" data-src=\"https:\/\/www.campinggrandeplage.com\/wp-content\/uploads\/2020\/09\/bungalow-toile-exterieur.jpg\" alt=\"bungalow toil\u00e9 ext\u00e8rieur\" class=\"images_image\" \/><\/div><\/div><\/div><div class=\"element colonne p-x-8 p-y-10\"><h2 class=\"element section-title justify\">Segeltuch-Bungalow &#8211; Ungew\u00f6hnliche Unterkunft in der Bretagne<\/h2><div class=\"element bloc-text justify \">\n\t<p><strong class=\"bold color4\">Der Leinwandbungalow wird angenommen! <\/strong><\/p>\n<p>Naturliebhaber, Sie fallen unter den <strong class=\"bold color4\">Charme des Leinwandbungalows<\/strong> ! Wenn Sie den Campingplatz schon immer einmal ausprobieren wollten, ohne auf Komfort zu verzichten, dann buchen Sie schnell einen Aufenthalt in unserem Zelt. <\/p>\n<p>Diese Unterkunft ist perfekt f\u00fcr Personen mit einem knappen Budget, die keine Kompromisse beim Komfort eingehen m\u00f6chten. <\/p>\n<p>Diese Unterkunft ist perfekt f\u00fcr kleine Budgets, die auf Komfort nicht verzichten wollen: <\/p>\n<p>Der <strong class=\"bold color4\">Segeltuch-Bungalow<\/strong> verf\u00fcgt \u00fcber ein Wohnzimmer, eine voll ausgestattete K\u00fcchenzeile mit 2 Gaskochplatten, Mikrowelle, K\u00fchlschrank und Sp\u00fcle mit Kaltwasser. Sie werden das Elternschlafzimmer sowie das Kinderzimmer mit 1 Einzelbett und 2 Etagenbetten zu sch\u00e4tzen wissen.<\/p>\n<p>Der Blumencampingplatz La Grande Plage l\u00e4dt Sie ein, traditionelles Camping auszuprobieren, ohne in die gesamte Ausr\u00fcstung zu investieren.  <\/p>\n<p>Erleben Sie <strong class=\"bold color4\">urspr\u00fcngliche Ferien<\/strong> in diesem Ferienhaus der neuen Generation! Der Campinggeist, der Komfort, die bezaubernde Umgebung, lassen Sie sich von unserem <strong class=\"bold color4\">Baumwollbungalow in Lesconil<\/strong> verf\u00fchren. <\/p>\n<\/div><\/div><\/div><\/div><\/section>\n\n<section id=\"section-5f44e1eb7b004\"\" class=\"section bg-color3\" \/><div class=\"container extralarge\"><div class=\"element section-title center titre-cta\">Unsere Vermietungen und Stellpl\u00e4tze in der Bretagne<\/div><ul class=\"liste-de-page scroll-x-mobile\"><li class=\"element call-to-action center titre-cta call-to-action--style-1 call-to-action--normal\"><a href=\"https:\/\/www.campinggrandeplage.com\/de\/billiger-campingplatz-bretagne\/\"  class=\"call-to-action_link\" title=\"Erfahren Sie mehr \u00fcber unsere preise\"><div class=\"call-to-action_image\"><img decoding=\"async\" src=\"https:\/\/www.campinggrandeplage.com\/wp-content\/uploads\/2020\/08\/camping-bretagne-pas-cher-100x55.jpg\" data-src=\"https:\/\/www.campinggrandeplage.com\/wp-content\/uploads\/2020\/08\/camping-bretagne-pas-cher.jpg\" alt=\"camping bretagne pas cher\" class=\"normal\" \/><\/div><div class=\"call-to-action_contenu\"><div class=\"call-to-action_titre\">Unsere Preise<\/div><\/div><\/a><\/li><li class=\"element call-to-action center titre-cta call-to-action--style-1 call-to-action--normal call-to-action--style-1 call-to-action--normal\"><a href=\"https:\/\/www.campinggrandeplage.com\/de\/mobile-homes-miete-bretagne\/\"  class=\"call-to-action_link\" title=\"Erfahren Sie mehr \u00fcber unsere mobilheime\"><div class=\"call-to-action_image\"><img decoding=\"async\" src=\"https:\/\/www.campinggrandeplage.com\/wp-content\/uploads\/2020\/08\/mobil-home-bretagne-100x55.jpg\" data-src=\"https:\/\/www.campinggrandeplage.com\/wp-content\/uploads\/2020\/08\/mobil-home-bretagne.jpg\" alt=\"mobil-home bretagne\" class=\"normal\" \/><\/div><div class=\"call-to-action_contenu\"><div class=\"call-to-action_titre\">Unsere Mobilheime<\/div><\/div><\/a><\/li><li class=\"element call-to-action center titre-cta call-to-action--style-1 call-to-action--normal call-to-action--style-1 call-to-action--normal call-to-action--style-1 call-to-action--normal\"><a href=\"https:\/\/www.campinggrandeplage.com\/de\/standort-stellplatze-bretagne\/\"  class=\"call-to-action_link\" title=\"Erfahren Sie mehr \u00fcber unsere stellpl\u00e4tze\"><div class=\"call-to-action_image\"><img decoding=\"async\" src=\"https:\/\/www.campinggrandeplage.com\/wp-content\/uploads\/2020\/08\/emplacement-caravaning-bretagne-100x55.jpg\" data-src=\"https:\/\/www.campinggrandeplage.com\/wp-content\/uploads\/2020\/08\/emplacement-caravaning-bretagne.jpg\" alt=\"emplacement caravaning bretagne\" class=\"normal\" \/><\/div><div class=\"call-to-action_contenu\"><div class=\"call-to-action_titre\">Unsere Stellpl\u00e4tze<\/div><\/div><\/a><\/li><\/ul><\/div><\/section>","protected":false},"excerpt":{"rendered":"","protected":false},"author":1,"featured_media":1311,"parent":0,"menu_order":0,"comment_status":"closed","ping_status":"closed","template":"","meta":{"_acf_changed":false,"footnotes":""},"class_list":["post-1854","page","type-page","status-publish","has-post-thumbnail","hentry"],"acf":[],"yoast_head":"<!-- This site is optimized with the Yoast SEO plugin v25.3 - https:\/\/yoast.com\/wordpress\/plugins\/seo\/ -->\n<title>Bungalowvermietung Bretagne | Mieten Sie Ihren Bungalow Lesconil<\/title>\n<meta name=\"robots\" content=\"index, follow, max-snippet:-1, max-image-preview:large, max-video-preview:-1\" \/>\n<link rel=\"canonical\" href=\"https:\/\/www.campinggrandeplage.com\/de\/bungalowvermietung-bretagne\/\" \/>\n<meta property=\"og:locale\" content=\"de_DE\" \/>\n<meta property=\"og:type\" content=\"article\" \/>\n<meta property=\"og:title\" content=\"Bungalowvermietung Bretagne | Mieten Sie Ihren Bungalow Lesconil\" \/>\n<meta property=\"og:url\" content=\"https:\/\/www.campinggrandeplage.com\/de\/bungalowvermietung-bretagne\/\" \/>\n<meta property=\"og:site_name\" content=\"Camping de la Grande plage\" \/>\n<meta property=\"article:modified_time\" content=\"2020-09-24T09:40:01+00:00\" \/>\n<meta property=\"og:image\" content=\"https:\/\/www.campinggrandeplage.com\/wp-content\/uploads\/2020\/09\/bungalow-lesconil.jpg\" \/>\n\t<meta property=\"og:image:width\" content=\"1903\" \/>\n\t<meta property=\"og:image:height\" content=\"650\" \/>\n\t<meta property=\"og:image:type\" content=\"image\/jpeg\" \/>\n<meta name=\"twitter:card\" content=\"summary_large_image\" \/>\n<script type=\"application\/ld+json\" class=\"yoast-schema-graph\">{\"@context\":\"https:\/\/schema.org\",\"@graph\":[{\"@type\":\"WebPage\",\"@id\":\"https:\/\/www.campinggrandeplage.com\/de\/bungalowvermietung-bretagne\/\",\"url\":\"https:\/\/www.campinggrandeplage.com\/de\/bungalowvermietung-bretagne\/\",\"name\":\"Bungalowvermietung Bretagne | Mieten Sie Ihren Bungalow Lesconil\",\"isPartOf\":{\"@id\":\"https:\/\/www.campinggrandeplage.com\/de\/#website\"},\"primaryImageOfPage\":{\"@id\":\"https:\/\/www.campinggrandeplage.com\/de\/bungalowvermietung-bretagne\/#primaryimage\"},\"image\":{\"@id\":\"https:\/\/www.campinggrandeplage.com\/de\/bungalowvermietung-bretagne\/#primaryimage\"},\"thumbnailUrl\":\"https:\/\/www.campinggrandeplage.com\/wp-content\/uploads\/2020\/09\/bungalow-lesconil.jpg\",\"datePublished\":\"2020-08-11T09:16:00+00:00\",\"dateModified\":\"2020-09-24T09:40:01+00:00\",\"breadcrumb\":{\"@id\":\"https:\/\/www.campinggrandeplage.com\/de\/bungalowvermietung-bretagne\/#breadcrumb\"},\"inLanguage\":\"de\",\"potentialAction\":[{\"@type\":\"ReadAction\",\"target\":[\"https:\/\/www.campinggrandeplage.com\/de\/bungalowvermietung-bretagne\/\"]}]},{\"@type\":\"ImageObject\",\"inLanguage\":\"de\",\"@id\":\"https:\/\/www.campinggrandeplage.com\/de\/bungalowvermietung-bretagne\/#primaryimage\",\"url\":\"https:\/\/www.campinggrandeplage.com\/wp-content\/uploads\/2020\/09\/bungalow-lesconil.jpg\",\"contentUrl\":\"https:\/\/www.campinggrandeplage.com\/wp-content\/uploads\/2020\/09\/bungalow-lesconil.jpg\",\"width\":1903,\"height\":650,\"caption\":\"bungalow lesconil\"},{\"@type\":\"BreadcrumbList\",\"@id\":\"https:\/\/www.campinggrandeplage.com\/de\/bungalowvermietung-bretagne\/#breadcrumb\",\"itemListElement\":[{\"@type\":\"ListItem\",\"position\":1,\"name\":\"Camping Lesconil\",\"item\":\"https:\/\/www.campinggrandeplage.com\/de\/\"},{\"@type\":\"ListItem\",\"position\":2,\"name\":\"Bungalow zur Miete\"}]},{\"@type\":\"WebSite\",\"@id\":\"https:\/\/www.campinggrandeplage.com\/de\/#website\",\"url\":\"https:\/\/www.campinggrandeplage.com\/de\/\",\"name\":\"Camping de la Grande plage\",\"description\":\"\",\"potentialAction\":[{\"@type\":\"SearchAction\",\"target\":{\"@type\":\"EntryPoint\",\"urlTemplate\":\"https:\/\/www.campinggrandeplage.com\/de\/?s={search_term_string}\"},\"query-input\":{\"@type\":\"PropertyValueSpecification\",\"valueRequired\":true,\"valueName\":\"search_term_string\"}}],\"inLanguage\":\"de\"}]}<\/script>\n<!-- \/ Yoast SEO plugin. -->","yoast_head_json":{"title":"Bungalowvermietung Bretagne | Mieten Sie Ihren Bungalow Lesconil","robots":{"index":"index","follow":"follow","max-snippet":"max-snippet:-1","max-image-preview":"max-image-preview:large","max-video-preview":"max-video-preview:-1"},"canonical":"https:\/\/www.campinggrandeplage.com\/de\/bungalowvermietung-bretagne\/","og_locale":"de_DE","og_type":"article","og_title":"Bungalowvermietung Bretagne | Mieten Sie Ihren Bungalow Lesconil","og_url":"https:\/\/www.campinggrandeplage.com\/de\/bungalowvermietung-bretagne\/","og_site_name":"Camping de la Grande plage","article_modified_time":"2020-09-24T09:40:01+00:00","og_image":[{"width":1903,"height":650,"url":"https:\/\/www.campinggrandeplage.com\/wp-content\/uploads\/2020\/09\/bungalow-lesconil.jpg","type":"image\/jpeg"}],"twitter_card":"summary_large_image","schema":{"@context":"https:\/\/schema.org","@graph":[{"@type":"WebPage","@id":"https:\/\/www.campinggrandeplage.com\/de\/bungalowvermietung-bretagne\/","url":"https:\/\/www.campinggrandeplage.com\/de\/bungalowvermietung-bretagne\/","name":"Bungalowvermietung Bretagne | Mieten Sie Ihren Bungalow Lesconil","isPartOf":{"@id":"https:\/\/www.campinggrandeplage.com\/de\/#website"},"primaryImageOfPage":{"@id":"https:\/\/www.campinggrandeplage.com\/de\/bungalowvermietung-bretagne\/#primaryimage"},"image":{"@id":"https:\/\/www.campinggrandeplage.com\/de\/bungalowvermietung-bretagne\/#primaryimage"},"thumbnailUrl":"https:\/\/www.campinggrandeplage.com\/wp-content\/uploads\/2020\/09\/bungalow-lesconil.jpg","datePublished":"2020-08-11T09:16:00+00:00","dateModified":"2020-09-24T09:40:01+00:00","breadcrumb":{"@id":"https:\/\/www.campinggrandeplage.com\/de\/bungalowvermietung-bretagne\/#breadcrumb"},"inLanguage":"de","potentialAction":[{"@type":"ReadAction","target":["https:\/\/www.campinggrandeplage.com\/de\/bungalowvermietung-bretagne\/"]}]},{"@type":"ImageObject","inLanguage":"de","@id":"https:\/\/www.campinggrandeplage.com\/de\/bungalowvermietung-bretagne\/#primaryimage","url":"https:\/\/www.campinggrandeplage.com\/wp-content\/uploads\/2020\/09\/bungalow-lesconil.jpg","contentUrl":"https:\/\/www.campinggrandeplage.com\/wp-content\/uploads\/2020\/09\/bungalow-lesconil.jpg","width":1903,"height":650,"caption":"bungalow lesconil"},{"@type":"BreadcrumbList","@id":"https:\/\/www.campinggrandeplage.com\/de\/bungalowvermietung-bretagne\/#breadcrumb","itemListElement":[{"@type":"ListItem","position":1,"name":"Camping Lesconil","item":"https:\/\/www.campinggrandeplage.com\/de\/"},{"@type":"ListItem","position":2,"name":"Bungalow zur Miete"}]},{"@type":"WebSite","@id":"https:\/\/www.campinggrandeplage.com\/de\/#website","url":"https:\/\/www.campinggrandeplage.com\/de\/","name":"Camping de la Grande plage","description":"","potentialAction":[{"@type":"SearchAction","target":{"@type":"EntryPoint","urlTemplate":"https:\/\/www.campinggrandeplage.com\/de\/?s={search_term_string}"},"query-input":{"@type":"PropertyValueSpecification","valueRequired":true,"valueName":"search_term_string"}}],"inLanguage":"de"}]}},"_links":{"self":[{"href":"https:\/\/www.campinggrandeplage.com\/de\/wp-json\/wp\/v2\/pages\/1854"}],"collection":[{"href":"https:\/\/www.campinggrandeplage.com\/de\/wp-json\/wp\/v2\/pages"}],"about":[{"href":"https:\/\/www.campinggrandeplage.com\/de\/wp-json\/wp\/v2\/types\/page"}],"author":[{"embeddable":true,"href":"https:\/\/www.campinggrandeplage.com\/de\/wp-json\/wp\/v2\/users\/1"}],"replies":[{"embeddable":true,"href":"https:\/\/www.campinggrandeplage.com\/de\/wp-json\/wp\/v2\/comments?post=1854"}],"version-history":[{"count":6,"href":"https:\/\/www.campinggrandeplage.com\/de\/wp-json\/wp\/v2\/pages\/1854\/revisions"}],"predecessor-version":[{"id":2349,"href":"https:\/\/www.campinggrandeplage.com\/de\/wp-json\/wp\/v2\/pages\/1854\/revisions\/2349"}],"wp:featuredmedia":[{"embeddable":true,"href":"https:\/\/www.campinggrandeplage.com\/de\/wp-json\/wp\/v2\/media\/1311"}],"wp:attachment":[{"href":"https:\/\/www.campinggrandeplage.com\/de\/wp-json\/wp\/v2\/media?parent=1854"}],"curies":[{"name":"wp","href":"https:\/\/api.w.org\/{rel}","templated":true}]}}