{"id":1842,"date":"2020-08-11T11:16:11","date_gmt":"2020-08-11T09:16:11","guid":{"rendered":"https:\/\/www.campinggrandeplage.com\/location-emplacement-bretagne\/"},"modified":"2022-10-03T17:34:18","modified_gmt":"2022-10-03T15:34:18","slug":"standort-stellplatze-bretagne","status":"publish","type":"page","link":"https:\/\/www.campinggrandeplage.com\/de\/standort-stellplatze-bretagne\/","title":{"rendered":"H\u00e9bergements : Emplacements"},"content":{"rendered":"<section id=\"section-5f44d4e49e6de\"\" class=\"section bg-color1\" \/><div class=\"container extralarge\"><h1 class=\"element section-title center\">Stellplatz Bretagne<\/h1><\/div><\/section>\n\n<section id=\"section-5f44e1eb795e0\"\" class=\"section bg-white p-t-0 p-b-0\" \/><div class=\"container full\"><div class=\"colonnes-wrap valign-middle \"><div class=\"element colonne w-20 p-0\"><div class=\"element images scroll-x-mobile\"><div class=\"image\"><img decoding=\"async\" src=\"https:\/\/www.campinggrandeplage.com\/wp-content\/uploads\/2020\/09\/caravaing-bretagne-100x98.jpg\" data-src=\"https:\/\/www.campinggrandeplage.com\/wp-content\/uploads\/2020\/09\/caravaing-bretagne.jpg\" alt=\"caravaing bretagne\" class=\"images_image\" \/><\/div><\/div><div class=\"element images scroll-x-mobile\"><div class=\"image\"><img decoding=\"async\" src=\"https:\/\/www.campinggrandeplage.com\/wp-content\/uploads\/2020\/09\/emplacement-tente-lesconil-100x98.jpg\" data-src=\"https:\/\/www.campinggrandeplage.com\/wp-content\/uploads\/2020\/09\/emplacement-tente-lesconil.jpg\" alt=\"emplacement tente lesconil\" class=\"images_image\" \/><\/div><\/div><\/div><div class=\"element colonne w-60 p-x-6 p-y-4\"><div class=\"element bloc-text center \">\n\t<p>In der N\u00e4he von La Torche und Guilvinec werden Sie diesen 3-Sterne-Campingplatz mit einer herzlichen, famili\u00e4ren Atmosph\u00e4re zu sch\u00e4tzen wissen. Nicht weniger als 99 sonnige oder schattige Stellpl\u00e4tze erwarten Sie nur wenige Meter vom Strand von Goudoul in Lesconil entfernt.<\/p>\n<p>F\u00fcr einen gelungenen Urlaub bieten wir Ihnen eine gro\u00dfe Auswahl an Stellpl\u00e4tzen:<\/p>\n<ul>\n<li><strong class=\"bold color1\">Ungef\u00e4hr 59 Stellpl\u00e4tze f\u00fcr Zelt<\/strong>, Wohnmobil oder Wohnwagen.<\/li>\n<li>Vermietung von 22 Mobilheimen und 4 Bungalows mit Zelttuch sowie <strong class=\"bold color1\">3 Freeflowers<\/strong><\/li>\n<li>Ein <strong class=\"bold color1\">Wasserraum mit Wasser bei 26\u00b0C<\/strong> (Schwimmbad, Jacuzzi, Rutschen, gesichertes Planschbecken, Liegest\u00fchle)<\/li>\n<li><strong class=\"bold color1\">Animationen f\u00fcr Jung und Alt<\/strong><\/li>\n<li><strong class=\"bold color1\">R\u00e4ume und Spielpl\u00e4tze<\/strong><\/li>\n<li>Eine Snackbar \/ sanit\u00e4re Einrichtungen (PMR-Zug\u00e4nglichkeit) mit Waschsalon \/ Fahrradverleih \/ Wohnmobil-Terminals<\/li>\n<li>Und ein direkter Zugang zu Fu\u00df zum Strand von Goudoul.<\/li>\n<\/ul>\n<\/div><\/div><div class=\"element colonne w-20 p-0\"><div class=\"element images scroll-x-mobile\"><div class=\"image\"><img decoding=\"async\" src=\"https:\/\/www.campinggrandeplage.com\/wp-content\/uploads\/2020\/09\/emplacement-bretagne-100x98.jpg\" data-src=\"https:\/\/www.campinggrandeplage.com\/wp-content\/uploads\/2020\/09\/emplacement-bretagne.jpg\" alt=\"emplacement bretagne\" class=\"images_image\" \/><\/div><\/div><div class=\"element images scroll-x-mobile\"><div class=\"image\"><img decoding=\"async\" src=\"https:\/\/www.campinggrandeplage.com\/wp-content\/uploads\/2020\/09\/emplacement-tente-bretagne-100x98.jpg\" data-src=\"https:\/\/www.campinggrandeplage.com\/wp-content\/uploads\/2020\/09\/emplacement-tente-bretagne.jpg\" alt=\"emplacement tente bretagne\" class=\"images_image\" \/><\/div><\/div><\/div><\/div><\/div><\/section>\n\n<section id=\"section-5f44e1eb79a55\"\" class=\"section bg-white p-t-0\" \/><div class=\"container extralarge\"><div class=\"element bloc-text justify \">\n\t<p><script type=\"text\/javascript\" src=\"https:\/\/grandeplage.premium.secureholiday.net\/8211\/WidgetProviderV3?Lg=de\"><\/script><br \/>\n<script type=\"text\/javascript\"\n            data-wsh-callbacks-onload=\"\"\n            data-wsh-Display-ProductDescription=\"true\"\n            data-wsh-Display-Buttons-FreeDates=\"true\"\n            data-wsh-Display-Buttons-DisponibilitySearch=\"true\"\n            data-wsh-SearchParameters-ProductId=\"[62774,62778,80959]\"\n            data-wsh-SearchParameters-ProductType=\"\"\n            data-wsh-SearchParameters-PricingType=\"WeekEnd\"\n            data-wsh-SearchParameters-YearPrices=\"\"\n            data-wsh-SearchParameters-MonthPrices=\"\"\n            data-wsh-SearchParameters-BeginDayPrices=\"\"\n            data-wsh-SearchParameters-EndDayPrices=\"\"\n            data-wsh-SearchParameters-BeginDatePrices=\"\"\n            data-wsh-SearchParameters-EndDatePrices=\"\">\n        !function () {\n            var e = new window.CTV.Premium.Widget(\"GeneratedPricing\");\n            document.write(e.Write()), window.CTV.Premium.WidgetsCollection.push(e), e.Send()\n        }();\n    <\/script><\/p>\n<\/div><\/div><\/section>\n\n<section id=\"section-5f44e1eb79f1b\"\" class=\"section bg-color1 p-t-0 p-b-0\" \/><div class=\"container full\"><div class=\"colonnes-wrap valign-middle \"><div class=\"element colonne p-0\"><div class=\"element images scroll-x-mobile\"><div class=\"image\"><img decoding=\"async\" src=\"https:\/\/www.campinggrandeplage.com\/wp-content\/uploads\/2020\/09\/emplacement-lesconil-100x68.jpg\" data-src=\"https:\/\/www.campinggrandeplage.com\/wp-content\/uploads\/2020\/09\/emplacement-lesconil.jpg\" alt=\"emplacement lesconil\" class=\"images_image\" \/><\/div><\/div><\/div><div class=\"element colonne p-x-8 p-y-10\"><h2 class=\"element section-title justify\">Campingpl\u00e4tze in der Bretagne<\/h2><div class=\"element bloc-text justify \">\n\t<p>Der <a href=\"\/de\/\">Flower Camping La Grande Plage<\/a> ist ein Familiencampingplatz mit 59 Zeltpl\u00e4tzen, der Ihnen eine warme und freundliche Atmosph\u00e4re in einer <strong class=\"bold color4\">verdoyanten und k\u00fcstennahen Umgebung<\/strong> bis attraktiven Preisen in Lesconil bietet. Der Campingplatz liegt im s\u00fcdlichen Finist\u00e8re, in Lesconil, einer Gemeinde mit Fischereihafen und Gesch\u00e4ften. <\/p>\n<p>In der N\u00e4he von La Torche und Le Guilvinec werden Sie diesen 3-Sterne-Campingplatz sch\u00e4tzen, auf dem eine <strong class=\"bold color4\">ruhige und erholsame Atmosph\u00e4re vorherrscht<\/strong>. <\/p>\n<p>Strand, beheiztes Schwimmbad, Rutsche, nat\u00fcrliche Umgebung, warme Atmosph\u00e4re&#8230;<\/p>\n<p>Ihre Ferien in der Bretagne werden durch den <strong class=\"bold color4\">S\u00fc\u00dfer Vogelgesang<\/strong> und den <strong class=\"bold color4\">Wellenrauschen<\/strong> unterbrochen.<\/p>\n<\/div><\/div><\/div><\/div><\/section>\n\n<section id=\"section-5f44da4428ab4\"\" class=\"section bg-white p-t-0 p-b-0\" \/><div class=\"container full\"><div class=\"colonnes-wrap valign-middle \"><div class=\"element colonne w-20 p-0\"><div class=\"element images scroll-x-mobile\"><div class=\"image\"><img decoding=\"async\" src=\"https:\/\/www.campinggrandeplage.com\/wp-content\/uploads\/2020\/09\/tente-caravaning-lesconil-100x98.jpg\" data-src=\"https:\/\/www.campinggrandeplage.com\/wp-content\/uploads\/2020\/09\/tente-caravaning-lesconil.jpg\" alt=\"tente caravaning lesconil\" class=\"images_image\" \/><\/div><\/div><div class=\"element images scroll-x-mobile\"><div class=\"image\"><img decoding=\"async\" src=\"https:\/\/www.campinggrandeplage.com\/wp-content\/uploads\/2020\/09\/louer-emplacement-lesconil-100x98.jpg\" data-src=\"https:\/\/www.campinggrandeplage.com\/wp-content\/uploads\/2020\/09\/louer-emplacement-lesconil.jpg\" alt=\"louer emplacement lesconil\" class=\"images_image\" \/><\/div><\/div><\/div><div class=\"element colonne w-60 p-x-6 p-y-4\"><h2 class=\"element section-title center\">Orte zwischen Land und Meer<\/h2><div class=\"element bloc-text center \">\n\t<p>F\u00fcr einen gelungenen Urlaub bietet der Campingplatz La Grande Plage etwa 59 abgegrenzte Stellpl\u00e4tze f\u00fcr Zelte, Wohnmobile oder Wohnwagen. Die Stellpl\u00e4tze sind schattig und ger\u00e4umig. Sie genie\u00dfen die Lekt\u00fcre, ein Fr\u00fchst\u00fcck mit Naturger\u00e4uschen, eine Siesta nach dem Grillen oder Yoga bei Sonnenaufgang.<\/p>\n<p>Wollen Sie die Bretagne entdecken?<\/p>\n<p><strong class=\"bold color1\">Reservierungsmodalit\u00e4ten<\/strong> :<\/p>\n<ul>\n<li>Auf dem Spielfeld sind maximal 6 Personen erlaubt.<\/li>\n<li>Die Ankunftszeiten sind ab 14.00 Uhr und die Abreise vor 12.00 Uhr.<\/li>\n<li>Hunde (au\u00dfer Kategorie 1 und Kategorie 2) werden akzeptiert. Hunde m\u00fcssen auf dem Campingplatz an der Leine gef\u00fchrt werden.<\/li>\n<li>Wir akzeptieren keine Minderj\u00e4hrigen, wenn sie nicht von ihren Eltern oder einem verantwortlichen Erwachsenen mit elterlicher Entlassung begleitet werden.<\/li>\n<li>Barbecues sind auf dem Campingplatz erlaubt.<\/li>\n<\/ul>\n<p>Es ist an der Zeit, Ihren Stellplatz f\u00fcr Ihren <strong class=\"bold color1\">Urlaub auf dem Campingplatz La Grande Plage, in der Bretagne<\/strong> zu reservieren! Packen Sie Ihre Koffer und kommen Sie und entdecken Sie unsere sch\u00f6ne Region und ihre atemberaubenden Landschaften ! Kosten Sie die Langusten, den Kouign-amann, die Pfannkuchen und den gesalzenen Butterscotch !<\/p>\n<\/div><\/div><div class=\"element colonne w-20 p-0\"><div class=\"element images scroll-x-mobile\"><div class=\"image\"><img decoding=\"async\" src=\"https:\/\/www.campinggrandeplage.com\/wp-content\/uploads\/2020\/09\/caravaning-lesconil-100x98.jpg\" data-src=\"https:\/\/www.campinggrandeplage.com\/wp-content\/uploads\/2020\/09\/caravaning-lesconil.jpg\" alt=\"caravaning lesconil\" class=\"images_image\" \/><\/div><\/div><div class=\"element images scroll-x-mobile\"><div class=\"image\"><img decoding=\"async\" src=\"https:\/\/www.campinggrandeplage.com\/wp-content\/uploads\/2020\/09\/louer-emplacement-bretagne-100x98.jpg\" data-src=\"https:\/\/www.campinggrandeplage.com\/wp-content\/uploads\/2020\/09\/louer-emplacement-bretagne.jpg\" alt=\"louer emplacement bretagne\" class=\"images_image\" \/><\/div><\/div><\/div><\/div><\/div><\/section>\n\n<section id=\"section-5f44e1eb7b004\"\" class=\"section bg-color3\" \/><div class=\"container extralarge\"><div class=\"element section-title center titre-cta\">Unsere Vermietungen und Preise in Lesconil<\/div><ul class=\"liste-de-page scroll-x-mobile\"><li class=\"element call-to-action center titre-cta call-to-action--style-1 call-to-action--normal\"><a href=\"https:\/\/www.campinggrandeplage.com\/de\/billiger-campingplatz-bretagne\/\"  class=\"call-to-action_link\" title=\"Erfahren Sie mehr \u00fcber unsere preise\"><div class=\"call-to-action_image\"><img decoding=\"async\" src=\"https:\/\/www.campinggrandeplage.com\/wp-content\/uploads\/2020\/08\/camping-bretagne-pas-cher-100x55.jpg\" data-src=\"https:\/\/www.campinggrandeplage.com\/wp-content\/uploads\/2020\/08\/camping-bretagne-pas-cher.jpg\" alt=\"camping bretagne pas cher\" class=\"normal\" \/><\/div><div class=\"call-to-action_contenu\"><div class=\"call-to-action_titre\">Unsere Preise<\/div><\/div><\/a><\/li><li class=\"element call-to-action center titre-cta call-to-action--style-1 call-to-action--normal call-to-action--style-1 call-to-action--normal\"><a href=\"https:\/\/www.campinggrandeplage.com\/de\/mobile-homes-miete-bretagne\/\"  class=\"call-to-action_link\" title=\"Erfahren Sie mehr \u00fcber unsere mobilheime\"><div class=\"call-to-action_image\"><img decoding=\"async\" src=\"https:\/\/www.campinggrandeplage.com\/wp-content\/uploads\/2020\/08\/mobil-home-bretagne-100x55.jpg\" data-src=\"https:\/\/www.campinggrandeplage.com\/wp-content\/uploads\/2020\/08\/mobil-home-bretagne.jpg\" alt=\"mobil-home bretagne\" class=\"normal\" \/><\/div><div class=\"call-to-action_contenu\"><div class=\"call-to-action_titre\">Unsere Mobilheime<\/div><\/div><\/a><\/li><li class=\"element call-to-action center titre-cta call-to-action--style-1 call-to-action--normal call-to-action--style-1 call-to-action--normal call-to-action--style-1 call-to-action--normal\"><a href=\"https:\/\/www.campinggrandeplage.com\/de\/bungalowvermietung-bretagne\/\"  class=\"call-to-action_link\" title=\"Erfahren Sie mehr \u00fcber unsere bungalows\"><div class=\"call-to-action_image\"><img decoding=\"async\" src=\"https:\/\/www.campinggrandeplage.com\/wp-content\/uploads\/2020\/08\/bungalow-bretagne-100x55.jpg\" data-src=\"https:\/\/www.campinggrandeplage.com\/wp-content\/uploads\/2020\/08\/bungalow-bretagne.jpg\" alt=\"bungalow bretagne\" class=\"normal\" \/><\/div><div class=\"call-to-action_contenu\"><div class=\"call-to-action_titre\">Unsere Bungalows<\/div><\/div><\/a><\/li><\/ul><\/div><\/section>","protected":false},"excerpt":{"rendered":"","protected":false},"author":1,"featured_media":1225,"parent":0,"menu_order":0,"comment_status":"closed","ping_status":"closed","template":"","meta":{"_acf_changed":false,"footnotes":""},"class_list":["post-1842","page","type-page","status-publish","has-post-thumbnail","hentry"],"acf":[],"yoast_head":"<!-- This site is optimized with the Yoast SEO plugin v25.3 - https:\/\/yoast.com\/wordpress\/plugins\/seo\/ -->\n<title>Mietplatz Bretagne | Wohnwagenplatz mieten Bretagne<\/title>\n<meta name=\"robots\" content=\"index, follow, max-snippet:-1, max-image-preview:large, max-video-preview:-1\" \/>\n<link rel=\"canonical\" href=\"https:\/\/www.campinggrandeplage.com\/de\/standort-stellplatze-bretagne\/\" \/>\n<meta property=\"og:locale\" content=\"de_DE\" \/>\n<meta property=\"og:type\" content=\"article\" \/>\n<meta property=\"og:title\" content=\"Mietplatz Bretagne | Wohnwagenplatz mieten Bretagne\" \/>\n<meta property=\"og:url\" content=\"https:\/\/www.campinggrandeplage.com\/de\/standort-stellplatze-bretagne\/\" \/>\n<meta property=\"og:site_name\" content=\"Camping de la Grande plage\" \/>\n<meta property=\"article:modified_time\" content=\"2022-10-03T15:34:18+00:00\" \/>\n<meta property=\"og:image\" content=\"https:\/\/www.campinggrandeplage.com\/wp-content\/uploads\/2020\/09\/camping-emplacement-bretagne.jpg\" \/>\n\t<meta property=\"og:image:width\" content=\"1903\" \/>\n\t<meta property=\"og:image:height\" content=\"650\" \/>\n\t<meta property=\"og:image:type\" content=\"image\/jpeg\" \/>\n<meta name=\"twitter:card\" content=\"summary_large_image\" \/>\n<script type=\"application\/ld+json\" class=\"yoast-schema-graph\">{\"@context\":\"https:\/\/schema.org\",\"@graph\":[{\"@type\":\"WebPage\",\"@id\":\"https:\/\/www.campinggrandeplage.com\/de\/standort-stellplatze-bretagne\/\",\"url\":\"https:\/\/www.campinggrandeplage.com\/de\/standort-stellplatze-bretagne\/\",\"name\":\"Mietplatz Bretagne | Wohnwagenplatz mieten Bretagne\",\"isPartOf\":{\"@id\":\"https:\/\/www.campinggrandeplage.com\/de\/#website\"},\"primaryImageOfPage\":{\"@id\":\"https:\/\/www.campinggrandeplage.com\/de\/standort-stellplatze-bretagne\/#primaryimage\"},\"image\":{\"@id\":\"https:\/\/www.campinggrandeplage.com\/de\/standort-stellplatze-bretagne\/#primaryimage\"},\"thumbnailUrl\":\"https:\/\/www.campinggrandeplage.com\/wp-content\/uploads\/2020\/09\/offres-speciales-camping.jpg\",\"datePublished\":\"2020-08-11T09:16:11+00:00\",\"dateModified\":\"2022-10-03T15:34:18+00:00\",\"breadcrumb\":{\"@id\":\"https:\/\/www.campinggrandeplage.com\/de\/standort-stellplatze-bretagne\/#breadcrumb\"},\"inLanguage\":\"de\",\"potentialAction\":[{\"@type\":\"ReadAction\",\"target\":[\"https:\/\/www.campinggrandeplage.com\/de\/standort-stellplatze-bretagne\/\"]}]},{\"@type\":\"ImageObject\",\"inLanguage\":\"de\",\"@id\":\"https:\/\/www.campinggrandeplage.com\/de\/standort-stellplatze-bretagne\/#primaryimage\",\"url\":\"https:\/\/www.campinggrandeplage.com\/wp-content\/uploads\/2020\/09\/offres-speciales-camping.jpg\",\"contentUrl\":\"https:\/\/www.campinggrandeplage.com\/wp-content\/uploads\/2020\/09\/offres-speciales-camping.jpg\",\"width\":952,\"height\":600,\"caption\":\"DCIM100MEDIADJI_0035.JPG\"},{\"@type\":\"BreadcrumbList\",\"@id\":\"https:\/\/www.campinggrandeplage.com\/de\/standort-stellplatze-bretagne\/#breadcrumb\",\"itemListElement\":[{\"@type\":\"ListItem\",\"position\":1,\"name\":\"Camping Lesconil\",\"item\":\"https:\/\/www.campinggrandeplage.com\/de\/\"},{\"@type\":\"ListItem\",\"position\":2,\"name\":\"Gemieteter Zeltplatz\"}]},{\"@type\":\"WebSite\",\"@id\":\"https:\/\/www.campinggrandeplage.com\/de\/#website\",\"url\":\"https:\/\/www.campinggrandeplage.com\/de\/\",\"name\":\"Camping de la Grande plage\",\"description\":\"\",\"potentialAction\":[{\"@type\":\"SearchAction\",\"target\":{\"@type\":\"EntryPoint\",\"urlTemplate\":\"https:\/\/www.campinggrandeplage.com\/de\/?s={search_term_string}\"},\"query-input\":{\"@type\":\"PropertyValueSpecification\",\"valueRequired\":true,\"valueName\":\"search_term_string\"}}],\"inLanguage\":\"de\"}]}<\/script>\n<!-- \/ Yoast SEO plugin. -->","yoast_head_json":{"title":"Mietplatz Bretagne | Wohnwagenplatz mieten Bretagne","robots":{"index":"index","follow":"follow","max-snippet":"max-snippet:-1","max-image-preview":"max-image-preview:large","max-video-preview":"max-video-preview:-1"},"canonical":"https:\/\/www.campinggrandeplage.com\/de\/standort-stellplatze-bretagne\/","og_locale":"de_DE","og_type":"article","og_title":"Mietplatz Bretagne | Wohnwagenplatz mieten Bretagne","og_url":"https:\/\/www.campinggrandeplage.com\/de\/standort-stellplatze-bretagne\/","og_site_name":"Camping de la Grande plage","article_modified_time":"2022-10-03T15:34:18+00:00","og_image":[{"width":1903,"height":650,"url":"https:\/\/www.campinggrandeplage.com\/wp-content\/uploads\/2020\/09\/camping-emplacement-bretagne.jpg","type":"image\/jpeg"}],"twitter_card":"summary_large_image","schema":{"@context":"https:\/\/schema.org","@graph":[{"@type":"WebPage","@id":"https:\/\/www.campinggrandeplage.com\/de\/standort-stellplatze-bretagne\/","url":"https:\/\/www.campinggrandeplage.com\/de\/standort-stellplatze-bretagne\/","name":"Mietplatz Bretagne | Wohnwagenplatz mieten Bretagne","isPartOf":{"@id":"https:\/\/www.campinggrandeplage.com\/de\/#website"},"primaryImageOfPage":{"@id":"https:\/\/www.campinggrandeplage.com\/de\/standort-stellplatze-bretagne\/#primaryimage"},"image":{"@id":"https:\/\/www.campinggrandeplage.com\/de\/standort-stellplatze-bretagne\/#primaryimage"},"thumbnailUrl":"https:\/\/www.campinggrandeplage.com\/wp-content\/uploads\/2020\/09\/offres-speciales-camping.jpg","datePublished":"2020-08-11T09:16:11+00:00","dateModified":"2022-10-03T15:34:18+00:00","breadcrumb":{"@id":"https:\/\/www.campinggrandeplage.com\/de\/standort-stellplatze-bretagne\/#breadcrumb"},"inLanguage":"de","potentialAction":[{"@type":"ReadAction","target":["https:\/\/www.campinggrandeplage.com\/de\/standort-stellplatze-bretagne\/"]}]},{"@type":"ImageObject","inLanguage":"de","@id":"https:\/\/www.campinggrandeplage.com\/de\/standort-stellplatze-bretagne\/#primaryimage","url":"https:\/\/www.campinggrandeplage.com\/wp-content\/uploads\/2020\/09\/offres-speciales-camping.jpg","contentUrl":"https:\/\/www.campinggrandeplage.com\/wp-content\/uploads\/2020\/09\/offres-speciales-camping.jpg","width":952,"height":600,"caption":"DCIM100MEDIADJI_0035.JPG"},{"@type":"BreadcrumbList","@id":"https:\/\/www.campinggrandeplage.com\/de\/standort-stellplatze-bretagne\/#breadcrumb","itemListElement":[{"@type":"ListItem","position":1,"name":"Camping Lesconil","item":"https:\/\/www.campinggrandeplage.com\/de\/"},{"@type":"ListItem","position":2,"name":"Gemieteter Zeltplatz"}]},{"@type":"WebSite","@id":"https:\/\/www.campinggrandeplage.com\/de\/#website","url":"https:\/\/www.campinggrandeplage.com\/de\/","name":"Camping de la Grande plage","description":"","potentialAction":[{"@type":"SearchAction","target":{"@type":"EntryPoint","urlTemplate":"https:\/\/www.campinggrandeplage.com\/de\/?s={search_term_string}"},"query-input":{"@type":"PropertyValueSpecification","valueRequired":true,"valueName":"search_term_string"}}],"inLanguage":"de"}]}},"_links":{"self":[{"href":"https:\/\/www.campinggrandeplage.com\/de\/wp-json\/wp\/v2\/pages\/1842"}],"collection":[{"href":"https:\/\/www.campinggrandeplage.com\/de\/wp-json\/wp\/v2\/pages"}],"about":[{"href":"https:\/\/www.campinggrandeplage.com\/de\/wp-json\/wp\/v2\/types\/page"}],"author":[{"embeddable":true,"href":"https:\/\/www.campinggrandeplage.com\/de\/wp-json\/wp\/v2\/users\/1"}],"replies":[{"embeddable":true,"href":"https:\/\/www.campinggrandeplage.com\/de\/wp-json\/wp\/v2\/comments?post=1842"}],"version-history":[{"count":7,"href":"https:\/\/www.campinggrandeplage.com\/de\/wp-json\/wp\/v2\/pages\/1842\/revisions"}],"predecessor-version":[{"id":2786,"href":"https:\/\/www.campinggrandeplage.com\/de\/wp-json\/wp\/v2\/pages\/1842\/revisions\/2786"}],"wp:featuredmedia":[{"embeddable":true,"href":"https:\/\/www.campinggrandeplage.com\/de\/wp-json\/wp\/v2\/media\/1225"}],"wp:attachment":[{"href":"https:\/\/www.campinggrandeplage.com\/de\/wp-json\/wp\/v2\/media?parent=1842"}],"curies":[{"name":"wp","href":"https:\/\/api.w.org\/{rel}","templated":true}]}}