{"id":1835,"date":"2020-08-11T11:15:37","date_gmt":"2020-08-11T09:15:37","guid":{"rendered":"https:\/\/www.campinggrandeplage.com\/camping-piscine-bretagne\/"},"modified":"2022-06-07T15:40:16","modified_gmt":"2022-06-07T13:40:16","slug":"campingplatz-schwimmbad-bretagne","status":"publish","type":"page","link":"https:\/\/www.campinggrandeplage.com\/de\/campingplatz-schwimmbad-bretagne\/","title":{"rendered":"Espace aquatique"},"content":{"rendered":"<section id=\"section-5f44d4e49e6de\"\" class=\"section bg-color1\" \/><div class=\"container extralarge\"><h1 class=\"element section-title center\">Schwimmbad des Campingplatzes in der Bretagne<\/h1><\/div><\/section>\n\n<section id=\"section-5f44e1eb795e0\"\" class=\"section bg-white p-t-0 p-b-0\" \/><div class=\"container full\"><div class=\"colonnes-wrap valign-middle \"><div class=\"element colonne w-20 p-0\"><div class=\"element images scroll-x-mobile\"><div class=\"image\"><img decoding=\"async\" src=\"https:\/\/www.campinggrandeplage.com\/wp-content\/uploads\/2020\/09\/piscine-pieds-100x98.jpg\" data-src=\"https:\/\/www.campinggrandeplage.com\/wp-content\/uploads\/2020\/09\/piscine-pieds.jpg\" alt=\"piscine pieds\" class=\"images_image\" \/><\/div><\/div><div class=\"element images scroll-x-mobile\"><div class=\"image\"><img decoding=\"async\" src=\"https:\/\/www.campinggrandeplage.com\/wp-content\/uploads\/2020\/09\/toboggan-jaccuzi-piscine-100x98.jpg\" data-src=\"https:\/\/www.campinggrandeplage.com\/wp-content\/uploads\/2020\/09\/toboggan-jaccuzi-piscine.jpg\" alt=\"toboggan jaccuzi piscine\" class=\"images_image\" \/><\/div><\/div><\/div><div class=\"element colonne w-60 p-x-6 p-y-4\"><h2 class=\"element section-title center\">Unser Wasserraum in der Bretagne<\/h2><div class=\"element bloc-text center \">\n\t<p><strong class=\"bold color1\">Schlie\u00dfen Sie die Augen&#8230; Sie sind da !<\/strong> Der Campingplatz La Grande Plage*** bietet Ihnen w\u00e4hrend Ihres Aufenthalts im S\u00fcd-Finist\u00e8re ein Wassergebiet, das f\u00fcr jedes Alter und alle W\u00fcnsche geeignet ist. <\/p>\n<p>Was f\u00fcr eine wunderbare Art, den Tag zu beginnen, als in <strong class=\"bold color1\">Wasser bei 26\u00b0C<\/strong> einzutauchen und <strong class=\"bold color1\">einige L\u00e4ngen im Pool<\/strong> zu machen. Gehen Sie nach einem guten Fr\u00fchst\u00fcck in Ihrem Wohnmobil oder auf Ihrem Stellplatz zum Schwimmbad und genie\u00dfen Sie unseren <strong class=\"bold color1\">Wasserraum mit Rutschen<\/strong>, <strong class=\"bold color1\">Swimmingpool<\/strong> und <strong class=\"bold color1\">Schwimmbad<\/strong> ! <\/p>\n<p>Im S\u00fcd-Finist\u00e8re, <strong class=\"bold color1\">die Freuden des Wassers schmecken<\/strong> ! Schwimmen, spielen, rutschen und k\u00f6stliche Momente mit Ihrer Familie verbringen. Diese Gegend ist ideal, um einen sch\u00f6nen Familienurlaub in der s\u00fcdlichen Bretagne zu verbringen.<\/p>\n<\/div><\/div><div class=\"element colonne w-20 p-0\"><div class=\"element images scroll-x-mobile\"><div class=\"image\"><img decoding=\"async\" src=\"https:\/\/www.campinggrandeplage.com\/wp-content\/uploads\/2020\/09\/piscine-transats-100x98.jpg\" data-src=\"https:\/\/www.campinggrandeplage.com\/wp-content\/uploads\/2020\/09\/piscine-transats.jpg\" alt=\"piscine transats\" class=\"images_image\" \/><\/div><\/div><div class=\"element images scroll-x-mobile\"><div class=\"image\"><img decoding=\"async\" src=\"https:\/\/www.campinggrandeplage.com\/wp-content\/uploads\/2020\/09\/jeux-enfants-eau-piscine-extereiure-100x98.jpg\" data-src=\"https:\/\/www.campinggrandeplage.com\/wp-content\/uploads\/2020\/09\/jeux-enfants-eau-piscine-extereiure.jpg\" alt=\"camping piscine lesconil\" class=\"images_image\" \/><\/div><\/div><\/div><\/div><\/div><\/section>\n\n<section id=\"section-5f44e1eb79a55\"\" class=\"section bg-white p-t-0 p-b-0\" \/><div class=\"container full\"><div class=\"element images scroll-x-mobile\"><div class=\"image\"><img decoding=\"async\" src=\"https:\/\/www.campinggrandeplage.com\/wp-content\/uploads\/2020\/09\/piscine-enfants-ballon-100x98.jpg\" data-src=\"https:\/\/www.campinggrandeplage.com\/wp-content\/uploads\/2020\/09\/piscine-enfants-ballon.jpg\" alt=\"piscine enfants ballon\" class=\"images_image\" \/><\/div><div class=\"image\"><img decoding=\"async\" src=\"https:\/\/www.campinggrandeplage.com\/wp-content\/uploads\/2020\/09\/Vue-ensemble-piscine-exterieure-100x98.jpg\" data-src=\"https:\/\/www.campinggrandeplage.com\/wp-content\/uploads\/2020\/09\/Vue-ensemble-piscine-exterieure.jpg\" alt=\"Vue ensemble piscine ext\u00e9rieure\" class=\"images_image\" \/><\/div><div class=\"image\"><img decoding=\"async\" src=\"https:\/\/www.campinggrandeplage.com\/wp-content\/uploads\/2020\/09\/piscine-exterieure-enfants-100x98.jpg\" data-src=\"https:\/\/www.campinggrandeplage.com\/wp-content\/uploads\/2020\/09\/piscine-exterieure-enfants.jpg\" alt=\"piscine ext\u00e9rieure enfants\" class=\"images_image\" \/><\/div><div class=\"image\"><img decoding=\"async\" src=\"https:\/\/www.campinggrandeplage.com\/wp-content\/uploads\/2020\/09\/vacances-piscine-bretagne-100x74.jpg\" data-src=\"https:\/\/www.campinggrandeplage.com\/wp-content\/uploads\/2020\/09\/vacances-piscine-bretagne.jpg\" alt=\"vacances piscine bretagne\" class=\"images_image\" \/><\/div><\/div><\/div><\/section>\n\n<section id=\"section-5f44e1eb79f1b\"\" class=\"section bg-color1 p-t-0 p-b-0\" \/><div class=\"container full\"><div class=\"colonnes-wrap valign-middle \"><div class=\"element colonne p-0\"><div class=\"element images scroll-x-mobile\"><div class=\"image\"><img decoding=\"async\" src=\"https:\/\/www.campinggrandeplage.com\/wp-content\/uploads\/2020\/09\/transats-piscine-detente-100x68.jpg\" data-src=\"https:\/\/www.campinggrandeplage.com\/wp-content\/uploads\/2020\/09\/transats-piscine-detente.jpg\" alt=\"transats piscine d\u00e9tente\" class=\"images_image\" \/><\/div><\/div><\/div><div class=\"element colonne p-x-8 p-y-10\"><h2 class=\"element section-title justify\">Wellnessbereich in der Bretagne<\/h2><div class=\"element bloc-text justify \">\n\t<p><strong class=\"bold color4\">Willst du dich entspannen ?<\/strong> Le Flower Camping la Grande Plage hat an alles gedacht!<\/p>\n<p>Im Wasserbereich finden Sie einen Whirlpool, um Ihre Muskeln zu entspannen, Ihre Muskeln aufzuw\u00e4rmen oder einfach nur zum Vergn\u00fcgen, Sie k\u00f6nnen sich dann im Whirlpool entspannen.  <\/p>\n<p>Dann, bequem in unseren Liegest\u00fchlen installiert, am Rand des Pools, <strong class=\"bold color4\">beenden Sie Ihre Br\u00e4une<\/strong> und <strong class=\"bold color4\">lassen Sie sich in den Leerlauf gehen<\/strong>. Auch Kleinkinder k\u00f6nnen sich an der verzauberten Font\u00e4ne im sicheren Planschbecken vergn\u00fcgen. <\/p>\n<p><strong class=\"bold color4\">Folien, um Ihre Ferien mit Spa\u00df und Aufregung zu f\u00fcllen!<\/strong><\/p>\n<\/div><\/div><\/div><\/div><\/section>\n\n<section id=\"section-5f44da0915872\"\" class=\"section bg-white p-t-0 p-b-0\" \/><div class=\"container full\"><div class=\"colonnes-wrap valign-middle \"><div class=\"element colonne p-x-8 p-y-10\"><h2 class=\"element section-title left\">Schwimmbad mit Rutschen in der Bretagne<\/h2><div class=\"element bloc-text justify \">\n\t<p>W\u00e4hrend der Ferien auf unserem <a href=\"\/de\/\">Campingplatz in Lesconil<\/a>, kommen Sie und genie\u00dfen Sie unsere <strong class=\"bold color1\">Wasser-Toggans<\/strong>. <\/p>\n<p>Am Beckenrand installiert, werden diese Rutschen das Gl\u00fcck der <strong class=\"bold color1\">Kinder und Jugendlichen<\/strong> machen!   <\/p>\n<p>Was die \u00e4lteren Kinder betrifft, so werden sie in der Lage sein, mit voller Geschwindigkeit die Rutschen hinunterzurasen. Es besteht kein Zweifel, dass sie viele Lacher und unvergessliche Erinnerungen haben werden.<\/p>\n<p>Alle Rutschen sind die ganze Saison \u00fcber ge\u00f6ffnet, sobald der Campingplatz \u00f6ffnet.  <\/p>\n<p><strong class=\"bold color1\">Warnung<\/strong> : Badeanzug ist obligatorisch.<\/p>\n<p>Im Wasserbereich erwartet Sie eine <strong class=\"bold color1\">freundliche Familienatmosph\u00e4re<\/strong>, ein Ort, an dem Sie im Sommer mit Familie und Freunden Spa\u00df haben und neue Leute kennen lernen k\u00f6nnen! <\/p>\n<\/div><\/div><div class=\"element colonne p-0\"><div class=\"element images scroll-x-mobile\"><div class=\"image\"><img decoding=\"async\" src=\"https:\/\/www.campinggrandeplage.com\/wp-content\/uploads\/2020\/09\/vue-ensemble-exterieur-piscine-camping-100x68.jpg\" data-src=\"https:\/\/www.campinggrandeplage.com\/wp-content\/uploads\/2020\/09\/vue-ensemble-exterieur-piscine-camping.jpg\" alt=\"vue ensemble ext\u00e8rieur piscine camping\" class=\"images_image\" \/><\/div><\/div><\/div><\/div><\/div><\/section>\n\n<section id=\"section-last\"\" class=\"section bg-white p-t-0 p-b-0\" \/><div class=\"container full\"><div class=\"colonnes-wrap valign-middle \"><div class=\"element colonne w-20 p-0\"><div class=\"element images scroll-x-mobile\"><div class=\"image\"><img decoding=\"async\" src=\"https:\/\/www.campinggrandeplage.com\/wp-content\/uploads\/2020\/09\/piscine-enfant-lesconil-100x98.jpg\" data-src=\"https:\/\/www.campinggrandeplage.com\/wp-content\/uploads\/2020\/09\/piscine-enfant-lesconil.jpg\" alt=\"piscine enfant lesconil\" class=\"images_image\" \/><\/div><\/div><div class=\"element images scroll-x-mobile\"><div class=\"image\"><img decoding=\"async\" src=\"https:\/\/www.campinggrandeplage.com\/wp-content\/uploads\/2020\/09\/toboggan-piscine-bretagne-100x98.jpg\" data-src=\"https:\/\/www.campinggrandeplage.com\/wp-content\/uploads\/2020\/09\/toboggan-piscine-bretagne.jpg\" alt=\"toboggan piscine bretagne\" class=\"images_image\" \/><\/div><\/div><\/div><div class=\"element colonne w-60 p-x-6 p-y-4\"><h2 class=\"element section-title center\">Campingplatz mit beheiztem Schwimmbad in der Bretagne<\/h2><div class=\"element bloc-text center \">\n\t<p>Wenn die Sonne nicht scheint, k\u00f6nnen Sie unseren <strong class=\"bold color1\">beheizten Pool<\/strong> genie\u00dfen. Ein Campingplatz in der Bretagne mit einem Hallenbad ist die Garantie f\u00fcr einen tollen Urlaub bei jedem Wetter! <\/p>\n<p><strong class=\"bold color1\">\u00d6ffnungsdatum des Poolbereichs<\/strong>: vom 1. Mai bis 15. September.<\/p>\n<ul>\n<li><strong class=\"bold color1\">Denken Sie daran, Ihre Badeanz\u00fcge<\/strong> mitzunehmen: Bermudas und Shorts werden zum Wohle aller nicht akzeptiert.<\/li>\n<li><strong class=\"bold color1\">Am Eingang zum Wasserraum wird die Wasserraumregelung<\/strong> angezeigt. Bitte respektieren Sie Ihr Wohlergehen und das der anderen Urlauber.<\/li>\n<li><strong class=\"bold color1\">Kinder unter 8 Jahren<\/strong> und Kinder, die nicht schwimmen k\u00f6nnen, m\u00fcssen von ihren Eltern begleitet werden.<\/li>\n<\/ul>\n<p>Kommen Sie und genie\u00dfen Sie diesen wundersch\u00f6nen Wasserraum mit Ihrer ganzen Familie und seien Sie bereit, wunderbare Momente im Wasser zu erleben! <\/p>\n<\/div><\/div><div class=\"element colonne w-20 p-0\"><div class=\"element images scroll-x-mobile\"><div class=\"image\"><img decoding=\"async\" src=\"https:\/\/www.campinggrandeplage.com\/wp-content\/uploads\/2020\/09\/piscine-soleil-toboggan-100x98.jpg\" data-src=\"https:\/\/www.campinggrandeplage.com\/wp-content\/uploads\/2020\/09\/piscine-soleil-toboggan.jpg\" alt=\"piscine soleil toboggan\" class=\"images_image\" \/><\/div><\/div><div class=\"element images scroll-x-mobile\"><div class=\"image\"><img decoding=\"async\" src=\"https:\/\/www.campinggrandeplage.com\/wp-content\/uploads\/2020\/09\/espace-aquatique-lesconil-100x98.jpg\" data-src=\"https:\/\/www.campinggrandeplage.com\/wp-content\/uploads\/2020\/09\/espace-aquatique-lesconil.jpg\" alt=\"espace aquatique lesconil\" class=\"images_image\" \/><\/div><\/div><\/div><\/div><\/div><\/section>\n\n<section id=\"section-5f44e1eb7b004\"\" class=\"section bg-color3\" \/><div class=\"container extralarge\"><div class=\"element section-title center titre-cta\">Entdecken Sie die Dienstleistungen unseres Campingplatzes<\/div><ul class=\"liste-de-page scroll-x-mobile\"><li class=\"element call-to-action center titre-cta call-to-action--style-1 call-to-action--normal\"><a href=\"https:\/\/www.campinggrandeplage.com\/de\/camping-dienstleistungen-bretagne\/\"  class=\"call-to-action_link\" title=\"Erfahren Sie mehr \u00fcber unsere dienstleistungen\"><div class=\"call-to-action_image\"><img decoding=\"async\" src=\"https:\/\/www.campinggrandeplage.com\/wp-content\/uploads\/2020\/09\/services-bretagne-100x55.jpg\" data-src=\"https:\/\/www.campinggrandeplage.com\/wp-content\/uploads\/2020\/09\/services-bretagne.jpg\" alt=\"services bretagne\" class=\"normal\" \/><\/div><div class=\"call-to-action_contenu\"><div class=\"call-to-action_titre\">Unsere Dienstleistungen<\/div><\/div><\/a><\/li><li class=\"element call-to-action center titre-cta call-to-action--style-1 call-to-action--normal call-to-action--style-1 call-to-action--normal\"><a href=\"https:\/\/www.campinggrandeplage.com\/de\/camping-animation-brittanien\/\"  class=\"call-to-action_link\" title=\"Erfahren Sie mehr \u00fcber unsere animationen\"><div class=\"call-to-action_image\"><img decoding=\"async\" src=\"https:\/\/www.campinggrandeplage.com\/wp-content\/uploads\/2020\/09\/activite-bretagne-100x55.jpg\" data-src=\"https:\/\/www.campinggrandeplage.com\/wp-content\/uploads\/2020\/09\/activite-bretagne.jpg\" alt=\"activite bretagne\" class=\"normal\" \/><\/div><div class=\"call-to-action_contenu\"><div class=\"call-to-action_titre\">Unsere Animationen<\/div><\/div><\/a><\/li><li class=\"element call-to-action center titre-cta call-to-action--style-1 call-to-action--normal call-to-action--style-1 call-to-action--normal call-to-action--style-1 call-to-action--normal\"><a href=\"https:\/\/www.campinggrandeplage.com\/de\/camping-am-meer-bretagne\/\"  class=\"call-to-action_link\" title=\"Erfahren Sie mehr \u00fcber seeseite\"><div class=\"call-to-action_image\"><img decoding=\"async\" src=\"https:\/\/www.campinggrandeplage.com\/wp-content\/uploads\/2020\/09\/camping-bord-de-mer-bretagne-100x34.jpg\" data-src=\"https:\/\/www.campinggrandeplage.com\/wp-content\/uploads\/2020\/09\/camping-bord-de-mer-bretagne.jpg\" alt=\"camping bord de mer bretagne\" class=\"normal\" \/><\/div><div class=\"call-to-action_contenu\"><div class=\"call-to-action_titre\">Seeseite<\/div><\/div><\/a><\/li><\/ul><\/div><\/section>","protected":false},"excerpt":{"rendered":"","protected":false},"author":1,"featured_media":1444,"parent":0,"menu_order":0,"comment_status":"closed","ping_status":"closed","template":"","meta":{"_acf_changed":false,"footnotes":""},"class_list":["post-1835","page","type-page","status-publish","has-post-thumbnail","hentry"],"acf":[],"yoast_head":"<!-- This site is optimized with the Yoast SEO plugin v25.3 - https:\/\/yoast.com\/wordpress\/plugins\/seo\/ -->\n<title>Schwimmbad des Campingplatzes Bretagne | Wasserfl\u00e4che Bretagne<\/title>\n<meta name=\"robots\" content=\"index, follow, max-snippet:-1, max-image-preview:large, max-video-preview:-1\" \/>\n<link rel=\"canonical\" href=\"https:\/\/www.campinggrandeplage.com\/de\/campingplatz-schwimmbad-bretagne\/\" \/>\n<meta property=\"og:locale\" content=\"de_DE\" \/>\n<meta property=\"og:type\" content=\"article\" \/>\n<meta property=\"og:title\" content=\"Schwimmbad des Campingplatzes Bretagne | Wasserfl\u00e4che Bretagne\" \/>\n<meta property=\"og:url\" content=\"https:\/\/www.campinggrandeplage.com\/de\/campingplatz-schwimmbad-bretagne\/\" \/>\n<meta property=\"og:site_name\" content=\"Camping de la Grande plage\" \/>\n<meta property=\"article:modified_time\" content=\"2022-06-07T13:40:16+00:00\" \/>\n<meta property=\"og:image\" content=\"https:\/\/www.campinggrandeplage.com\/wp-content\/uploads\/2020\/09\/camping-piscine-bretagne.jpg\" \/>\n\t<meta property=\"og:image:width\" content=\"1903\" \/>\n\t<meta property=\"og:image:height\" content=\"651\" \/>\n\t<meta property=\"og:image:type\" content=\"image\/jpeg\" \/>\n<meta name=\"twitter:card\" content=\"summary_large_image\" \/>\n<script type=\"application\/ld+json\" class=\"yoast-schema-graph\">{\"@context\":\"https:\/\/schema.org\",\"@graph\":[{\"@type\":\"WebPage\",\"@id\":\"https:\/\/www.campinggrandeplage.com\/de\/campingplatz-schwimmbad-bretagne\/\",\"url\":\"https:\/\/www.campinggrandeplage.com\/de\/campingplatz-schwimmbad-bretagne\/\",\"name\":\"Schwimmbad des Campingplatzes Bretagne | Wasserfl\u00e4che Bretagne\",\"isPartOf\":{\"@id\":\"https:\/\/www.campinggrandeplage.com\/de\/#website\"},\"primaryImageOfPage\":{\"@id\":\"https:\/\/www.campinggrandeplage.com\/de\/campingplatz-schwimmbad-bretagne\/#primaryimage\"},\"image\":{\"@id\":\"https:\/\/www.campinggrandeplage.com\/de\/campingplatz-schwimmbad-bretagne\/#primaryimage\"},\"thumbnailUrl\":\"https:\/\/www.campinggrandeplage.com\/wp-content\/uploads\/2020\/09\/camping-piscine-bretagne.jpg\",\"datePublished\":\"2020-08-11T09:15:37+00:00\",\"dateModified\":\"2022-06-07T13:40:16+00:00\",\"breadcrumb\":{\"@id\":\"https:\/\/www.campinggrandeplage.com\/de\/campingplatz-schwimmbad-bretagne\/#breadcrumb\"},\"inLanguage\":\"de\",\"potentialAction\":[{\"@type\":\"ReadAction\",\"target\":[\"https:\/\/www.campinggrandeplage.com\/de\/campingplatz-schwimmbad-bretagne\/\"]}]},{\"@type\":\"ImageObject\",\"inLanguage\":\"de\",\"@id\":\"https:\/\/www.campinggrandeplage.com\/de\/campingplatz-schwimmbad-bretagne\/#primaryimage\",\"url\":\"https:\/\/www.campinggrandeplage.com\/wp-content\/uploads\/2020\/09\/camping-piscine-bretagne.jpg\",\"contentUrl\":\"https:\/\/www.campinggrandeplage.com\/wp-content\/uploads\/2020\/09\/camping-piscine-bretagne.jpg\",\"width\":1903,\"height\":651,\"caption\":\"camping piscine bretagne\"},{\"@type\":\"BreadcrumbList\",\"@id\":\"https:\/\/www.campinggrandeplage.com\/de\/campingplatz-schwimmbad-bretagne\/#breadcrumb\",\"itemListElement\":[{\"@type\":\"ListItem\",\"position\":1,\"name\":\"Camping Lesconil\",\"item\":\"https:\/\/www.campinggrandeplage.com\/de\/\"},{\"@type\":\"ListItem\",\"position\":2,\"name\":\"Wassergebiet Bretagne\"}]},{\"@type\":\"WebSite\",\"@id\":\"https:\/\/www.campinggrandeplage.com\/de\/#website\",\"url\":\"https:\/\/www.campinggrandeplage.com\/de\/\",\"name\":\"Camping de la Grande plage\",\"description\":\"\",\"potentialAction\":[{\"@type\":\"SearchAction\",\"target\":{\"@type\":\"EntryPoint\",\"urlTemplate\":\"https:\/\/www.campinggrandeplage.com\/de\/?s={search_term_string}\"},\"query-input\":{\"@type\":\"PropertyValueSpecification\",\"valueRequired\":true,\"valueName\":\"search_term_string\"}}],\"inLanguage\":\"de\"}]}<\/script>\n<!-- \/ Yoast SEO plugin. -->","yoast_head_json":{"title":"Schwimmbad des Campingplatzes Bretagne | Wasserfl\u00e4che Bretagne","robots":{"index":"index","follow":"follow","max-snippet":"max-snippet:-1","max-image-preview":"max-image-preview:large","max-video-preview":"max-video-preview:-1"},"canonical":"https:\/\/www.campinggrandeplage.com\/de\/campingplatz-schwimmbad-bretagne\/","og_locale":"de_DE","og_type":"article","og_title":"Schwimmbad des Campingplatzes Bretagne | Wasserfl\u00e4che Bretagne","og_url":"https:\/\/www.campinggrandeplage.com\/de\/campingplatz-schwimmbad-bretagne\/","og_site_name":"Camping de la Grande plage","article_modified_time":"2022-06-07T13:40:16+00:00","og_image":[{"width":1903,"height":651,"url":"https:\/\/www.campinggrandeplage.com\/wp-content\/uploads\/2020\/09\/camping-piscine-bretagne.jpg","type":"image\/jpeg"}],"twitter_card":"summary_large_image","schema":{"@context":"https:\/\/schema.org","@graph":[{"@type":"WebPage","@id":"https:\/\/www.campinggrandeplage.com\/de\/campingplatz-schwimmbad-bretagne\/","url":"https:\/\/www.campinggrandeplage.com\/de\/campingplatz-schwimmbad-bretagne\/","name":"Schwimmbad des Campingplatzes Bretagne | Wasserfl\u00e4che Bretagne","isPartOf":{"@id":"https:\/\/www.campinggrandeplage.com\/de\/#website"},"primaryImageOfPage":{"@id":"https:\/\/www.campinggrandeplage.com\/de\/campingplatz-schwimmbad-bretagne\/#primaryimage"},"image":{"@id":"https:\/\/www.campinggrandeplage.com\/de\/campingplatz-schwimmbad-bretagne\/#primaryimage"},"thumbnailUrl":"https:\/\/www.campinggrandeplage.com\/wp-content\/uploads\/2020\/09\/camping-piscine-bretagne.jpg","datePublished":"2020-08-11T09:15:37+00:00","dateModified":"2022-06-07T13:40:16+00:00","breadcrumb":{"@id":"https:\/\/www.campinggrandeplage.com\/de\/campingplatz-schwimmbad-bretagne\/#breadcrumb"},"inLanguage":"de","potentialAction":[{"@type":"ReadAction","target":["https:\/\/www.campinggrandeplage.com\/de\/campingplatz-schwimmbad-bretagne\/"]}]},{"@type":"ImageObject","inLanguage":"de","@id":"https:\/\/www.campinggrandeplage.com\/de\/campingplatz-schwimmbad-bretagne\/#primaryimage","url":"https:\/\/www.campinggrandeplage.com\/wp-content\/uploads\/2020\/09\/camping-piscine-bretagne.jpg","contentUrl":"https:\/\/www.campinggrandeplage.com\/wp-content\/uploads\/2020\/09\/camping-piscine-bretagne.jpg","width":1903,"height":651,"caption":"camping piscine bretagne"},{"@type":"BreadcrumbList","@id":"https:\/\/www.campinggrandeplage.com\/de\/campingplatz-schwimmbad-bretagne\/#breadcrumb","itemListElement":[{"@type":"ListItem","position":1,"name":"Camping Lesconil","item":"https:\/\/www.campinggrandeplage.com\/de\/"},{"@type":"ListItem","position":2,"name":"Wassergebiet Bretagne"}]},{"@type":"WebSite","@id":"https:\/\/www.campinggrandeplage.com\/de\/#website","url":"https:\/\/www.campinggrandeplage.com\/de\/","name":"Camping de la Grande plage","description":"","potentialAction":[{"@type":"SearchAction","target":{"@type":"EntryPoint","urlTemplate":"https:\/\/www.campinggrandeplage.com\/de\/?s={search_term_string}"},"query-input":{"@type":"PropertyValueSpecification","valueRequired":true,"valueName":"search_term_string"}}],"inLanguage":"de"}]}},"_links":{"self":[{"href":"https:\/\/www.campinggrandeplage.com\/de\/wp-json\/wp\/v2\/pages\/1835"}],"collection":[{"href":"https:\/\/www.campinggrandeplage.com\/de\/wp-json\/wp\/v2\/pages"}],"about":[{"href":"https:\/\/www.campinggrandeplage.com\/de\/wp-json\/wp\/v2\/types\/page"}],"author":[{"embeddable":true,"href":"https:\/\/www.campinggrandeplage.com\/de\/wp-json\/wp\/v2\/users\/1"}],"replies":[{"embeddable":true,"href":"https:\/\/www.campinggrandeplage.com\/de\/wp-json\/wp\/v2\/comments?post=1835"}],"version-history":[{"count":10,"href":"https:\/\/www.campinggrandeplage.com\/de\/wp-json\/wp\/v2\/pages\/1835\/revisions"}],"predecessor-version":[{"id":2664,"href":"https:\/\/www.campinggrandeplage.com\/de\/wp-json\/wp\/v2\/pages\/1835\/revisions\/2664"}],"wp:featuredmedia":[{"embeddable":true,"href":"https:\/\/www.campinggrandeplage.com\/de\/wp-json\/wp\/v2\/media\/1444"}],"wp:attachment":[{"href":"https:\/\/www.campinggrandeplage.com\/de\/wp-json\/wp\/v2\/media?parent=1835"}],"curies":[{"name":"wp","href":"https:\/\/api.w.org\/{rel}","templated":true}]}}